{"id":3686,"date":"2025-04-03T08:19:39","date_gmt":"2025-04-03T08:19:39","guid":{"rendered":"https:\/\/just-summer.com\/cookies\/"},"modified":"2025-06-23T08:05:51","modified_gmt":"2025-06-23T08:05:51","slug":"cookies","status":"publish","type":"page","link":"https:\/\/just-summer.com\/de\/cookies\/","title":{"rendered":"cookies"},"content":{"rendered":"<p><span class=\"_brlbs-paragraph _brlbs-text-technology\">Wir nutzen Cookies und andere Technologien auf unserer Website. Einige davon sind essenziell, w\u00e4hrend andere uns helfen, diese Website und Ihre Erfahrung zu verbessern.<\/span>\u00a0<span class=\"_brlbs-paragraph _brlbs-text-personal-data\">Dabei k\u00f6nnen personenbezogene Daten verarbeitet werden (z. B. IP-Adressen), beispielsweise f\u00fcr personalisierte Anzeigen und Inhalte oder Anzeigen- und Inhaltsmessung.<\/span>\u00a0<span class=\"_brlbs-paragraph _brlbs-text-more-information\">N\u00e4here Informationen zur Verwendung Ihrer Daten finden Sie in unserer\u00a0<a class=\"_brlbs-cursor\" href=\"https:\/\/bdm-projects.com\/privacy\">Datenschutzerkl\u00e4rung<\/a>.<\/span><span class=\"_brlbs-paragraph _brlbs-text-description\">Hier finden Sie eine \u00dcbersicht \u00fcber alle verwendeten Cookies. Sie k\u00f6nnen Ihre Zustimmung zu ganzen Kategorien erteilen oder sich weitere Informationen anzeigen lassen und so nur bestimmte Cookies ausw\u00e4hlen.<\/span><\/p>\n<p>Gem\u00e4\u00df Gesetz 34\/2002 vom 11. Juli \u00fcber Dienste der Informationsgesellschaft und elektronischen Gesch\u00e4ftsverkehr (LSSI) in Verbindung mit der Verordnung (EU) 2016\/679 des Europ\u00e4ischen Parlaments und des Rates vom 27. April 2016, der Datenschutz-Grundverordnung (DSGVO), und dem Organgesetz 3\/2018 vom 5. Dezember \u00fcber Datenschutz und Gew\u00e4hrleistung digitaler Rechte (LOPDGDD) ist f\u00fcr alle Websites, die entbehrliche Cookies verwenden, vor dem Besuch der Website die ausdr\u00fcckliche Zustimmung des Nutzers erforderlich.<\/p>\n<p>Cookies und \u00e4hnliche Technologien wie Local Shared Objects (LSSI) werden von Webservern verwendet, um Informationen \u00fcber ihre Besucher zu speichern und abzurufen und die korrekte Funktion der Website zu gew\u00e4hrleisten.<\/p>\n<p>Gem\u00e4\u00df der EU-Richtlinie handelt es sich bei den Cookies, die die informierte Zustimmung des Benutzers erfordern, um Analyse-, Werbe- und Partnerschafts-Cookies, mit Ausnahme technischer Cookies und solcher, die f\u00fcr den Betrieb der Website oder die Bereitstellung der vom Benutzer ausdr\u00fccklich angeforderten Dienste erforderlich sind.<\/p>\n<table border=\"1\" width=\"1160\" cellspacing=\"0\" cellpadding=\"0\">\n<tbody>\n<tr>\n<td width=\"88\">NAME<\/td>\n<td width=\"179\">TYP\/ZWECK<\/td>\n<td width=\"97\">ABLAUF<\/td>\n<td width=\"90\">EIGENT\u00dcMER<\/td>\n<td width=\"127\"><\/td>\n<\/tr>\n<tr>\n<td width=\"88\">SID<\/td>\n<td width=\"179\">Sicherheitscookie<\/td>\n<td width=\"97\">Am Ende der Browsersitzung<\/td>\n<td width=\"90\">Google<\/td>\n<td width=\"127\"><\/td>\n<\/tr>\n<tr>\n<td width=\"88\">__utma<\/td>\n<td width=\"179\">Analytisches Cookie: Erfasst Informationen \u00fcber Besuche des Nutzers auf der Website.<\/td>\n<td width=\"97\">In 2 Jahren<\/td>\n<td width=\"90\">Google Analytics<\/td>\n<td width=\"127\"><\/td>\n<\/tr>\n<tr>\n<td width=\"88\">__utmb<\/td>\n<td width=\"179\">Analytisches Cookie: Erfasst Informationen ab dem Zeitpunkt, an dem der Nutzer die Website betritt.<\/td>\n<td width=\"97\">In 30 Minuten<\/td>\n<td width=\"90\">Google Analytics<\/td>\n<td width=\"127\"><\/td>\n<\/tr>\n<tr>\n<td width=\"88\">__utmc<\/td>\n<td width=\"179\">Analytisches Cookie: Erfasst Informationen ab dem Zeitpunkt, an dem der Nutzer die Website verl\u00e4sst.<\/td>\n<td width=\"97\">Am Ende der Browsersitzung<\/td>\n<td width=\"90\">Google Analytics<\/td>\n<td width=\"127\"><\/td>\n<\/tr>\n<tr>\n<td width=\"88\">__utmz<\/td>\n<td width=\"179\">Analytisches Cookie: Erfasst Informationen dar\u00fcber, wie der Nutzer die Website gefunden hat.<\/td>\n<td width=\"97\">In 6 Monaten<\/td>\n<td width=\"90\">Google Analytics<\/td>\n<td width=\"127\"><\/td>\n<\/tr>\n<\/tbody>\n<\/table>\n","protected":false},"excerpt":{"rendered":"<p>Wir nutzen Cookies und andere Technologien auf unserer Website. Einige davon sind essenziell, w\u00e4hrend andere uns helfen, diese Website und Ihre Erfahrung zu verbessern.\u00a0Dabei k\u00f6nnen personenbezogene Daten verarbeitet werden (z&#8230;.<\/p>\n","protected":false},"author":2,"featured_media":0,"parent":0,"menu_order":0,"comment_status":"closed","ping_status":"closed","template":"","meta":{"footnotes":""},"class_list":["post-3686","page","type-page","status-publish"],"_links":{"self":[{"href":"https:\/\/just-summer.com\/de\/wp-json\/wp\/v2\/pages\/3686","targetHints":{"allow":["GET"]}}],"collection":[{"href":"https:\/\/just-summer.com\/de\/wp-json\/wp\/v2\/pages"}],"about":[{"href":"https:\/\/just-summer.com\/de\/wp-json\/wp\/v2\/types\/page"}],"author":[{"embeddable":true,"href":"https:\/\/just-summer.com\/de\/wp-json\/wp\/v2\/users\/2"}],"replies":[{"embeddable":true,"href":"https:\/\/just-summer.com\/de\/wp-json\/wp\/v2\/comments?post=3686"}],"version-history":[{"count":1,"href":"https:\/\/just-summer.com\/de\/wp-json\/wp\/v2\/pages\/3686\/revisions"}],"predecessor-version":[{"id":3694,"href":"https:\/\/just-summer.com\/de\/wp-json\/wp\/v2\/pages\/3686\/revisions\/3694"}],"wp:attachment":[{"href":"https:\/\/just-summer.com\/de\/wp-json\/wp\/v2\/media?parent=3686"}],"curies":[{"name":"wp","href":"https:\/\/api.w.org\/{rel}","templated":true}]}}