{"id":3690,"date":"2025-04-03T08:17:45","date_gmt":"2025-04-03T08:17:45","guid":{"rendered":"https:\/\/just-summer.com\/refund-policy\/"},"modified":"2025-06-23T08:06:24","modified_gmt":"2025-06-23T08:06:24","slug":"refund-policy","status":"publish","type":"page","link":"https:\/\/just-summer.com\/de\/refund-policy\/","title":{"rendered":"Pol\u00edtica de devoluciones y reembolsos"},"content":{"rendered":"<p>Stornierungs- und R\u00fcckerstattungsbedingungen<\/p>\n<p>Vielen Dank f\u00fcr Ihre Buchung! Wir m\u00f6chten allen unseren Kunden den bestm\u00f6glichen Service und ein optimales Erlebnis bieten. Bitte beachten Sie unsere Stornierungs- und R\u00fcckerstattungsbedingungen:<\/p>\n<p>Stornierungen mit einer Frist von 48 Stunden:<br \/>\nStornierungen, die mindestens 48 Stunden vor der geplanten Aktivit\u00e4t erfolgen, werden vollst\u00e4ndig erstattet.<br \/>\nR\u00fcckerstattungen werden innerhalb von 3-7 Werktagen bearbeitet, abh\u00e4ngig von der Bearbeitungszeit Ihrer Bank.<br \/>\nSp\u00e4tere Stornierungen (weniger als 48 Stunden):<br \/>\nBei Stornierungen weniger als 48 Stunden vor der geplanten Aktivit\u00e4t erfolgt keine R\u00fcckerstattung.<br \/>\nRichtlinie bei Nichterscheinen:<br \/>\nWenn Sie nicht zu der gebuchten Aktivit\u00e4t erscheinen, erfolgt keine R\u00fcckerstattung.<br \/>\nUng\u00fcnstige Wetterbedingungen oder andere unvorhergesehene Umst\u00e4nde:<br \/>\nBei ung\u00fcnstigen Wetterbedingungen oder anderen unvorhergesehenen Umst\u00e4nden bieten wir Ihnen m\u00f6glicherweise die M\u00f6glichkeit, Ihre Aktivit\u00e4t zu verschieben.<br \/>\nJe nach Situation und den Unternehmen, mit denen wir zusammenarbeiten, bieten wir m\u00f6glicherweise auch eine R\u00fcckerstattung an. Dies wird im Einzelfall entschieden.<\/p>\n<p>Bei Stornierungen kontaktieren Sie Just Summer bitte per E-Mail unter info@just-summer.com oder per WhatsApp unter +34 667 075 188. Wir unterst\u00fctzen Sie gerne.<\/p>\n<p>Wir danken Ihnen f\u00fcr Ihr Verst\u00e4ndnis und Ihre Mithilfe. Unser Ziel ist es, Ihr Erlebnis so reibungslos wie m\u00f6glich zu gestalten, und wir werden unser Bestes tun, um Ihnen entgegenzukommen.<\/p>\n<p>Vielen Dank, dass Sie uns f\u00fcr Ihr Abenteuer gew\u00e4hlt haben!<\/p>\n","protected":false},"excerpt":{"rendered":"<p>Stornierungs- und R\u00fcckerstattungsbedingungen Vielen Dank f\u00fcr Ihre Buchung! Wir m\u00f6chten allen unseren Kunden den bestm\u00f6glichen Service und ein optimales Erlebnis bieten. Bitte beachten Sie unsere Stornierungs- und R\u00fcckerstattungsbedingungen: Stornierungen mit&#8230;<\/p>\n","protected":false},"author":1,"featured_media":0,"parent":0,"menu_order":0,"comment_status":"closed","ping_status":"closed","template":"","meta":{"footnotes":""},"class_list":["post-3690","page","type-page","status-publish"],"_links":{"self":[{"href":"https:\/\/just-summer.com\/de\/wp-json\/wp\/v2\/pages\/3690","targetHints":{"allow":["GET"]}}],"collection":[{"href":"https:\/\/just-summer.com\/de\/wp-json\/wp\/v2\/pages"}],"about":[{"href":"https:\/\/just-summer.com\/de\/wp-json\/wp\/v2\/types\/page"}],"author":[{"embeddable":true,"href":"https:\/\/just-summer.com\/de\/wp-json\/wp\/v2\/users\/1"}],"replies":[{"embeddable":true,"href":"https:\/\/just-summer.com\/de\/wp-json\/wp\/v2\/comments?post=3690"}],"version-history":[{"count":1,"href":"https:\/\/just-summer.com\/de\/wp-json\/wp\/v2\/pages\/3690\/revisions"}],"predecessor-version":[{"id":3696,"href":"https:\/\/just-summer.com\/de\/wp-json\/wp\/v2\/pages\/3690\/revisions\/3696"}],"wp:attachment":[{"href":"https:\/\/just-summer.com\/de\/wp-json\/wp\/v2\/media?parent=3690"}],"curies":[{"name":"wp","href":"https:\/\/api.w.org\/{rel}","templated":true}]}}