{"id":3039,"date":"2025-03-21T08:37:05","date_gmt":"2025-03-21T08:37:05","guid":{"rendered":"https:\/\/just-summer.com\/producto\/heatwave-boat\/"},"modified":"2025-04-21T18:42:55","modified_gmt":"2025-04-21T18:42:55","slug":"heatwave-boat","status":"publish","type":"product","link":"https:\/\/just-summer.com\/de\/producto\/heatwave-boat\/","title":{"rendered":"HEATWAVE BOAT<h3> Preis ab: 69\u20ac<\/h3>"},"content":{"rendered":"[vc_row type=&#8220;full_width_background&#8220; full_screen_row_position=&#8220;middle&#8220; column_margin=&#8220;default&#8220; column_direction=&#8220;default&#8220; column_direction_tablet=&#8220;default&#8220; column_direction_phone=&#8220;default&#8220; bg_color=&#8220;rgba(222,196,159,0.11)&#8220; scene_position=&#8220;center&#8220; top_padding=&#8220;3%&#8220; constrain_group_1=&#8220;yes&#8220; bottom_padding=&#8220;3%&#8220; text_color=&#8220;dark&#8220; text_align=&#8220;left&#8220; row_border_radius=&#8220;none&#8220; row_border_radius_applies=&#8220;bg&#8220; overflow=&#8220;visible&#8220; overlay_strength=&#8220;0.3&#8243; gradient_direction=&#8220;left_to_right&#8220; shape_divider_position=&#8220;bottom&#8220; bg_image_animation=&#8220;none&#8220; shape_type=&#8220;&#8220; gradient_type=&#8220;default&#8220;][vc_column column_padding=&#8220;no-extra-padding&#8220; column_padding_tablet=&#8220;inherit&#8220; column_padding_phone=&#8220;inherit&#8220; column_padding_position=&#8220;all&#8220; column_element_direction_desktop=&#8220;default&#8220; column_element_spacing=&#8220;default&#8220; desktop_text_alignment=&#8220;default&#8220; tablet_text_alignment=&#8220;default&#8220; phone_text_alignment=&#8220;default&#8220; background_color_opacity=&#8220;1&#8243; background_hover_color_opacity=&#8220;1&#8243; column_backdrop_filter=&#8220;none&#8220; column_shadow=&#8220;none&#8220; column_border_radius=&#8220;none&#8220; column_link_target=&#8220;_self&#8220; column_position=&#8220;default&#8220; gradient_direction=&#8220;left_to_right&#8220; overlay_strength=&#8220;0.3&#8243; width=&#8220;1\/1&#8243; tablet_width_inherit=&#8220;default&#8220; animation_type=&#8220;default&#8220; bg_image_animation=&#8220;none&#8220; border_type=&#8220;simple&#8220; column_border_width=&#8220;none&#8220; column_border_style=&#8220;solid&#8220;][tabbed_section style=&#8220;minimal_flexible&#8220; tab_color=&#8220;Accent-Color&#8220; vs_content_animation=&#8220;fade&#8220; vs_link_animation=&#8220;opacity&#8220; vs_navigation_alignment=&#8220;left&#8220; vs_navigation_width_2=&#8220;25%&#8220; vs_navigation_func=&#8220;default&#8220; vs_navigation_width=&#8220;regular&#8220; vs_navigation_spacing=&#8220;15px&#8220; vs_navigation_mobile_display=&#8220;visible&#8220; vs_tab_spacing=&#8220;5%&#8220; icon_size=&#8220;32&#8243;][tab icon_family=&#8220;none&#8220; title=&#8220;WAS IST INBEGRIFFEN&#8220; id=&#8220;1745260965947-3&#8243; tab_id=&#8220;1745260965947-0&#8243;][vc_column_text css=&#8220;&#8220; text_direction=&#8220;default&#8220;]\n<ul>\n<li>EIN WILLKOMMENSCOCKTAIL INKLUSIVE<\/li>\n<li>SCHWIMMSTOPP BEI DOLPHINS COVE<\/li>\n<li>SPANISCHE PAELLA &amp; BBQ-VEGETARISCHE BURGER<\/li>\n<li>FRISCHE TROPISCHE FR\u00dcCHTE<\/li>\n<li>SCHWIMMSTOPP<\/li>\n<li>BAR VERF\u00dcGBAR<\/li>\n<li>CO2-KANONEN<\/li>\n<li>SCHIFFBRUCH-AFTERPARTY<\/li>\n<li>GRATIS-T-SHIRT<\/li>\n<li>PREISE UND GIVEAWAYS<\/li>\n<\/ul>\n[\/vc_column_text][\/tab][tab icon_family=&#8220;none&#8220; title=&#8220;BESCHREIBUNG&#8220; id=&#8220;1745260965978-2&#8243; tab_id=&#8220;1745260965979-6&#8243;][vc_column_text css=&#8220;&#8220; text_direction=&#8220;default&#8220;]\n<ul>\n<li>Im Mai ist es nur mittwochs und samstags verf\u00fcgbar.<\/li>\n<li>Juni: Mittwoch, Donnerstag, Freitag, Samstag und Sonntag.<\/li>\n<li>Juli: t\u00e4glich.<\/li>\n<li>August: Dienstag, Mittwoch, Freitag, Samstag, Sonntag.<\/li>\n<li>September: Mittwoch, Samstag.<\/li>\n<\/ul>\n[\/vc_column_text][\/tab][tab icon_family=&#8220;none&#8220; title=&#8220;STANDORT&#8220; id=&#8220;1745260966001-8&#8243; tab_id=&#8220;1745260966002-2&#8243;][vc_column_text css=&#8220;&#8220; text_direction=&#8220;default&#8220;]<iframe loading=\"lazy\" style=\"border: 0;\" src=\"https:\/\/www.google.com\/maps\/embed?pb=!1m17!1m12!1m3!1d2276.764370650685!2d2.534491470883759!3d39.507328547345146!2m3!1f0!2f0!3f0!3m2!1i1024!2i768!4f13.1!3m2!1m1!2zMznCsDMwJzI2LjQiTiAywrAzMicwOS45IkU!5e1!3m2!1ses!2ses!4v1744641597307!5m2!1ses!2ses\" width=\"100%\" height=\"450\" allowfullscreen=\"allowfullscreen\"><\/iframe>[\/vc_column_text][\/tab][tab icon_family=&#8220;none&#8220; title=&#8220;VIDEO&#8220; id=&#8220;1745260966019-0&#8243; tab_id=&#8220;1745260966019-4&#8243;][nectar_video_player_self_hosted video_mp4=&#8220;https:\/\/just-summer.com\/wp-content\/uploads\/2025\/03\/8dd6a3fa-ef6c-43dc-af49-4d4f4c39e467.mov&#8220; player_functionality=&#8220;default&#8220; border_radius=&#8220;none&#8220; box_shadow=&#8220;none&#8220; advanced_gradient_display_type=&#8220;linear&#8220;][\/tab][tab icon_family=&#8220;none&#8220; title=&#8220;GRUNDLEGENDE INFORMATIONEN&#8220; id=&#8220;1745260966048-2&#8243; tab_id=&#8220;1745260966049-10&#8243;][vc_column_text css=&#8220;&#8220; text_direction=&#8220;default&#8220;]Hitzewellenboot:<\/p>\n<ul>\n<li>F\u00fcr 3 Stunden<\/li>\n<li>Preis: 69 \u20ac + 5 \u20ac Transport<\/li>\n<li><strong>Anzahlung: 20 \u20ac<\/strong><\/li>\n<li>Sie erhalten eine E-Mail mit Informationen zur Zahlung des Restbetrags f\u00fcr die Aktivit\u00e4t.<\/li>\n<\/ul>\n<p>F\u00fcr den Transport ben\u00f6tigen Sie 5 \u20ac Bargeld.<br \/>\nDas Boot bietet Platz f\u00fcr 350 Personen.<br \/>\nDer Ausflug dauert 3 Stunden.[\/vc_column_text][\/tab][\/tabbed_section][\/vc_column][\/vc_row]\n","protected":false},"excerpt":{"rendered":"<p>Das ultimative Bootsparty-Erlebnis \u2013 Tanzen, Trinken &amp; Segeln in den Sonnenuntergang!<\/p>\n<p>Macht euch bereit f\u00fcr die ultimative Bootsparty des Sommers! Stellt euch vor, ihr gleitet \u00fcber kristallklares Wasser, genie\u00dft k\u00f6stliche Cocktails und tanzt unter der Sonne, w\u00e4hrend Top-DJs die angesagtesten Songs auflegen.<\/p>\n<p>\u2705 Nonstop-Musik von den besten DJs<\/p>\n<p>\u2705 Atemberaubender Meerblick<\/p>\n<p>\u2705 K\u00f6stliche Drinks &amp; Cocktails<\/p>\n<p>\u2705 Partyg\u00e4nger &amp; unvergessliche Momente<\/p>\n<p>Die Tickets sind schnell ausverkauft \u2013 sichert euch jetzt eure und erlebt das ultimative Bootsparty-Abenteuer!<\/p>\n<ul>\n<li>F\u00fcr 3 Stunden<\/li>\n<li>Preis: 69 \u20ac + 5 \u20ac Transport<\/li>\n<li><strong>Kaution: 20 \u20ac<\/strong><\/li>\n<\/ul>\n<p>F\u00fcr den Transport ben\u00f6tigen Sie 5 \u20ac Bargeld.<br \/>\nDas Boot bietet Platz f\u00fcr 350 Personen.<\/p>\n<p>Sie erhalten eine E-Mail mit Informationen zur Zahlung des Restbetrags f\u00fcr die Aktivit\u00e4t.<\/p>\n<h3><span style=\"color: #ff0000;\">Ab 18 Jahren | Bitte trinken Sie verantwortungsvoll.<\/span><\/h3>\n","protected":false},"featured_media":2853,"template":"","meta":[],"product_brand":[],"product_cat":[68,67],"product_tag":[],"class_list":{"0":"post-3039","1":"product","2":"type-product","3":"status-publish","4":"has-post-thumbnail","6":"product_cat-popular-de","7":"product_cat-boat-jetski-de","9":"first","10":"instock","11":"virtual","12":"sold-individually","13":"purchasable","14":"product-type-booking"},"_links":{"self":[{"href":"https:\/\/just-summer.com\/de\/wp-json\/wp\/v2\/product\/3039","targetHints":{"allow":["GET"]}}],"collection":[{"href":"https:\/\/just-summer.com\/de\/wp-json\/wp\/v2\/product"}],"about":[{"href":"https:\/\/just-summer.com\/de\/wp-json\/wp\/v2\/types\/product"}],"wp:featuredmedia":[{"embeddable":true,"href":"https:\/\/just-summer.com\/de\/wp-json\/wp\/v2\/media\/2853"}],"wp:attachment":[{"href":"https:\/\/just-summer.com\/de\/wp-json\/wp\/v2\/media?parent=3039"}],"wp:term":[{"taxonomy":"product_brand","embeddable":true,"href":"https:\/\/just-summer.com\/de\/wp-json\/wp\/v2\/product_brand?post=3039"},{"taxonomy":"product_cat","embeddable":true,"href":"https:\/\/just-summer.com\/de\/wp-json\/wp\/v2\/product_cat?post=3039"},{"taxonomy":"product_tag","embeddable":true,"href":"https:\/\/just-summer.com\/de\/wp-json\/wp\/v2\/product_tag?post=3039"}],"curies":[{"name":"wp","href":"https:\/\/api.w.org\/{rel}","templated":true}]}}