{"id":3049,"date":"2025-03-21T01:12:05","date_gmt":"2025-03-21T01:12:05","guid":{"rendered":"https:\/\/just-summer.com\/producto\/boat-without-license-crimat-2\/"},"modified":"2025-04-15T22:45:35","modified_gmt":"2025-04-15T22:45:35","slug":"boat-without-license-crimat-2","status":"publish","type":"product","link":"https:\/\/just-summer.com\/de\/producto\/boat-without-license-crimat-2\/","title":{"rendered":"BOAT WITHOUT LICENSE CRIMAT 2<h3> Preis ab: 250\u20ac<\/h3>"},"content":{"rendered":"[vc_row type=&#8220;full_width_background&#8220; full_screen_row_position=&#8220;middle&#8220; column_margin=&#8220;default&#8220; column_direction=&#8220;default&#8220; column_direction_tablet=&#8220;default&#8220; column_direction_phone=&#8220;default&#8220; bg_color=&#8220;rgba(222,196,159,0.11)&#8220; scene_position=&#8220;center&#8220; top_padding=&#8220;3%&#8220; constrain_group_1=&#8220;yes&#8220; bottom_padding=&#8220;3%&#8220; text_color=&#8220;dark&#8220; text_align=&#8220;left&#8220; row_border_radius=&#8220;none&#8220; row_border_radius_applies=&#8220;bg&#8220; overflow=&#8220;visible&#8220; overlay_strength=&#8220;0.3&#8243; gradient_direction=&#8220;left_to_right&#8220; shape_divider_position=&#8220;bottom&#8220; bg_image_animation=&#8220;none&#8220; shape_type=&#8220;&#8220; gradient_type=&#8220;default&#8220;][vc_column column_padding=&#8220;no-extra-padding&#8220; column_padding_tablet=&#8220;inherit&#8220; column_padding_phone=&#8220;inherit&#8220; column_padding_position=&#8220;all&#8220; column_element_direction_desktop=&#8220;default&#8220; column_element_spacing=&#8220;default&#8220; desktop_text_alignment=&#8220;default&#8220; tablet_text_alignment=&#8220;default&#8220; phone_text_alignment=&#8220;default&#8220; background_color_opacity=&#8220;1&#8243; background_hover_color_opacity=&#8220;1&#8243; column_backdrop_filter=&#8220;none&#8220; column_shadow=&#8220;none&#8220; column_border_radius=&#8220;none&#8220; column_link_target=&#8220;_self&#8220; column_position=&#8220;default&#8220; gradient_direction=&#8220;left_to_right&#8220; overlay_strength=&#8220;0.3&#8243; width=&#8220;1\/1&#8243; tablet_width_inherit=&#8220;default&#8220; animation_type=&#8220;default&#8220; bg_image_animation=&#8220;none&#8220; border_type=&#8220;simple&#8220; column_border_width=&#8220;none&#8220; column_border_style=&#8220;solid&#8220;][tabbed_section style=&#8220;minimal_flexible&#8220; tab_color=&#8220;Accent-Color&#8220; vs_content_animation=&#8220;fade&#8220; vs_link_animation=&#8220;opacity&#8220; vs_navigation_alignment=&#8220;left&#8220; vs_navigation_width_2=&#8220;25%&#8220; vs_navigation_func=&#8220;default&#8220; vs_navigation_width=&#8220;regular&#8220; vs_navigation_spacing=&#8220;15px&#8220; vs_navigation_mobile_display=&#8220;visible&#8220; vs_tab_spacing=&#8220;5%&#8220; icon_size=&#8220;32&#8243;][tab icon_family=&#8220;none&#8220; title=&#8220;BESCHREIBUNG&#8220; id=&#8220;1744733059599-10&#8243; tab_id=&#8220;1744733059599-7&#8243;][vc_column_text css=&#8220;&#8220; text_direction=&#8220;default&#8220;]Dieses Boot wird oft f\u00fcr Familienausfl\u00fcge, Angeltouren, Segelanf\u00e4nger, Strandaufenthalte in einzigartigen Buchten oder sogar als Boot gemietet.[\/vc_column_text][\/tab][tab icon_family=&#8220;none&#8220; title=&#8220;WAS IST INBEGRIFFEN&#8220; id=&#8220;1744733059629-5&#8243; tab_id=&#8220;1744733059630-1&#8243;][vc_column_text css=&#8220;&#8220; text_direction=&#8220;default&#8220;]\n<ul>\n<li>Inklusive Binini-Baldachin<\/li>\n<li>Badezimmerleiter<\/li>\n<li>Schwimmbad mit Bogen<\/li>\n<li>Kabelloses Bluetooth-Musiksystem<\/li>\n<li>Gro\u00dfe Schubladen<\/li>\n<li>Sicherheitsausr\u00fcstung<\/li>\n<\/ul>\n[\/vc_column_text][\/tab][tab icon_family=&#8220;none&#8220; title=&#8220;STANDORT&#8220; id=&#8220;1744733059645-3&#8243; tab_id=&#8220;1744733059645-9&#8243;][vc_column_text css=&#8220;&#8220; text_direction=&#8220;default&#8220;]<iframe loading=\"lazy\" style=\"border: 0;\" src=\"https:\/\/www.google.com\/maps\/embed?pb=!1m18!1m12!1m3!1d3321.0068722759665!2d2.388010876075787!3d39.54520940822141!2m3!1f0!2f0!3f0!3m2!1i1024!2i768!4f13.1!3m3!1m2!1s0x12982152b02fb5b3%3A0xa98f1b9f11da9266!2sAv.%20Mateo%20Bosch%2C%202%2C%2007157%20Port%20d'Andratx%2C%20Illes%20Balears%2C%20Espagne!5e1!3m2!1sfr!2sve!4v1744319726293!5m2!1sfr!2sve\" width=\"100%\" height=\"450\" allowfullscreen=\"allowfullscreen\"><\/iframe>[\/vc_column_text][\/tab][tab icon_family=&#8220;none&#8220; title=&#8220;GRUNDLEGENDE INFORMATIONEN&#8220; id=&#8220;1744733059667-5&#8243; tab_id=&#8220;1744733059667-4&#8243;][vc_column_text css=&#8220;&#8220; text_direction=&#8220;default&#8220;]Preis:<\/p>\n<ul>\n<li>360 \u20ac \u2013 10:00\u201317:00 Uhr mit Benzin<\/li>\n<li>250 \u20ac \u2013 17:30\u201320:00 Uhr mit Benzin<\/li>\n<li>280 \u20ac \u2013 4 Stunden<\/li>\n<\/ul>\n<p>T\u00e4glich<\/p>\n<p>Kaution 50 \u20ac<\/p>\n<p>Max. 6 Personen<\/p>\n<p>Der Restbetrag ist im B\u00fcro zu entrichten.[\/vc_column_text][\/tab][\/tabbed_section][\/vc_column][\/vc_row]\n","protected":false},"excerpt":{"rendered":"<p>Preis:<\/p>\n<ul>\n<li>360 \u20ac \u2013 10:00\u201317:00 Uhr mit Benzin<\/li>\n<li>250 \u20ac \u2013 17:30\u201320:00 Uhr mit Benzin<\/li>\n<li>280 \u20ac \u2013 4 Stunden mit Benzin<\/li>\n<\/ul>\n<p>Max. 6 Personen<\/p>\n<p><span style=\"color: #00ccff;\"><strong>Obligatorische Extras wie Reinigung, Versicherung und Sicherheitsausr\u00fcstung kosten 30 \u20ac.<\/strong><\/span><\/p>\n[ninja_form id=1]\n","protected":false},"featured_media":2843,"template":"","meta":[],"product_brand":[],"product_cat":[67],"product_tag":[],"class_list":{"0":"post-3049","1":"product","2":"type-product","3":"status-publish","4":"has-post-thumbnail","6":"product_cat-boat-jetski-de","8":"first","9":"instock","10":"shipping-taxable","11":"product-type-external"},"_links":{"self":[{"href":"https:\/\/just-summer.com\/de\/wp-json\/wp\/v2\/product\/3049","targetHints":{"allow":["GET"]}}],"collection":[{"href":"https:\/\/just-summer.com\/de\/wp-json\/wp\/v2\/product"}],"about":[{"href":"https:\/\/just-summer.com\/de\/wp-json\/wp\/v2\/types\/product"}],"wp:featuredmedia":[{"embeddable":true,"href":"https:\/\/just-summer.com\/de\/wp-json\/wp\/v2\/media\/2843"}],"wp:attachment":[{"href":"https:\/\/just-summer.com\/de\/wp-json\/wp\/v2\/media?parent=3049"}],"wp:term":[{"taxonomy":"product_brand","embeddable":true,"href":"https:\/\/just-summer.com\/de\/wp-json\/wp\/v2\/product_brand?post=3049"},{"taxonomy":"product_cat","embeddable":true,"href":"https:\/\/just-summer.com\/de\/wp-json\/wp\/v2\/product_cat?post=3049"},{"taxonomy":"product_tag","embeddable":true,"href":"https:\/\/just-summer.com\/de\/wp-json\/wp\/v2\/product_tag?post=3049"}],"curies":[{"name":"wp","href":"https:\/\/api.w.org\/{rel}","templated":true}]}}