{"id":3053,"date":"2025-03-21T05:34:37","date_gmt":"2025-03-21T05:34:37","guid":{"rendered":"https:\/\/just-summer.com\/producto\/helicopter-turitop\/"},"modified":"2025-07-02T07:57:32","modified_gmt":"2025-07-02T07:57:32","slug":"helicopter-turitop","status":"publish","type":"product","link":"https:\/\/just-summer.com\/de\/producto\/helicopter-turitop\/","title":{"rendered":"HELICOPTER<h3> Preis ab: 110\u20ac<\/h3>"},"content":{"rendered":"[vc_row type=&#8220;full_width_background&#8220; full_screen_row_position=&#8220;middle&#8220; column_margin=&#8220;default&#8220; column_direction=&#8220;default&#8220; column_direction_tablet=&#8220;default&#8220; column_direction_phone=&#8220;default&#8220; bg_color=&#8220;rgba(222,196,159,0.11)&#8220; scene_position=&#8220;center&#8220; top_padding=&#8220;3%&#8220; constrain_group_1=&#8220;yes&#8220; bottom_padding=&#8220;3%&#8220; text_color=&#8220;dark&#8220; text_align=&#8220;left&#8220; row_border_radius=&#8220;none&#8220; row_border_radius_applies=&#8220;bg&#8220; overflow=&#8220;visible&#8220; overlay_strength=&#8220;0.3&#8243; gradient_direction=&#8220;left_to_right&#8220; shape_divider_position=&#8220;bottom&#8220; bg_image_animation=&#8220;none&#8220; shape_type=&#8220;&#8220; gradient_type=&#8220;default&#8220;][vc_column column_padding=&#8220;no-extra-padding&#8220; column_padding_tablet=&#8220;inherit&#8220; column_padding_phone=&#8220;inherit&#8220; column_padding_position=&#8220;all&#8220; column_element_direction_desktop=&#8220;default&#8220; column_element_spacing=&#8220;default&#8220; desktop_text_alignment=&#8220;default&#8220; tablet_text_alignment=&#8220;default&#8220; phone_text_alignment=&#8220;default&#8220; background_color_opacity=&#8220;1&#8243; background_hover_color_opacity=&#8220;1&#8243; column_backdrop_filter=&#8220;none&#8220; column_shadow=&#8220;none&#8220; column_border_radius=&#8220;none&#8220; column_link_target=&#8220;_self&#8220; column_position=&#8220;default&#8220; gradient_direction=&#8220;left_to_right&#8220; overlay_strength=&#8220;0.3&#8243; width=&#8220;1\/1&#8243; tablet_width_inherit=&#8220;default&#8220; animation_type=&#8220;default&#8220; bg_image_animation=&#8220;none&#8220; border_type=&#8220;simple&#8220; column_border_width=&#8220;none&#8220; column_border_style=&#8220;solid&#8220;][tabbed_section style=&#8220;minimal_flexible&#8220; tab_color=&#8220;Accent-Color&#8220; vs_content_animation=&#8220;fade&#8220; vs_link_animation=&#8220;opacity&#8220; vs_navigation_alignment=&#8220;left&#8220; vs_navigation_width_2=&#8220;25%&#8220; vs_navigation_func=&#8220;default&#8220; vs_navigation_width=&#8220;regular&#8220; vs_navigation_spacing=&#8220;15px&#8220; vs_navigation_mobile_display=&#8220;visible&#8220; vs_tab_spacing=&#8220;5%&#8220; icon_size=&#8220;32&#8243;][tab icon_family=&#8220;none&#8220; title=&#8220;STANDORT&#8220; id=&#8220;1744733737745-8&#8243; tab_id=&#8220;1744733737746-8&#8243;][vc_column_text css=&#8220;&#8220; text_direction=&#8220;default&#8220;]<iframe loading=\"lazy\" style=\"border: 0;\" src=\"https:\/\/www.google.com\/maps\/embed?pb=!1m18!1m12!1m3!1d3318.2407659109617!2d2.7051795!3d39.602973!2m3!1f0!2f0!3f0!3m2!1i1024!2i768!4f13.1!3m3!1m2!1s0x129794a38ed6b58f%3A0x86ff38bc9dd79fba!2sThe%20Helicopter%20Centre!5e1!3m2!1sfr!2sve!4v1744320249627!5m2!1sfr!2sve\" width=\"100%\" height=\"450\" allowfullscreen=\"allowfullscreen\"><\/iframe>[\/vc_column_text][\/tab][tab icon_family=&#8220;none&#8220; title=&#8220;VIDEO&#8220; id=&#8220;1744733739346-6&#8243; tab_id=&#8220;1744733739347-3&#8243;][nectar_video_player_self_hosted video_mp4=&#8220;https:\/\/just-summer.com\/wp-content\/uploads\/2025\/03\/instdown2.mp4&#8243; player_functionality=&#8220;default&#8220; border_radius=&#8220;none&#8220; box_shadow=&#8220;none&#8220; advanced_gradient_display_type=&#8220;linear&#8220;][\/tab][tab icon_family=&#8220;none&#8220; title=&#8220;GRUNDLEGENDE INFORMATIONEN&#8220; id=&#8220;1744733737779-7&#8243; tab_id=&#8220;1744733737780-10&#8243;][vc_column_text css=&#8220;&#8220; text_direction=&#8220;default&#8220;]10 Min.<\/p>\n<ul>\n<li>Preis: 110 \u20ac f\u00fcr 1 Person<\/li>\n<\/ul>\n<p>30 Min.<\/p>\n<ul>\n<li>Preis: 275 \u20ac f\u00fcr 1 Person<\/li>\n<\/ul>\n<p>42 Min.<\/p>\n<ul>\n<li>Preis: 380 \u20ac<\/li>\n<li>f\u00fcr 1 Person<\/li>\n<\/ul>\n<p>60 Min.:<\/p>\n<ul>\n<li>Preis: 545 \u20ac<\/li>\n<li>F\u00fcr 1 Person<\/li>\n<\/ul>\n<p>10 Min.<\/p>\n<ul>\n<li>Preis: 110 \u20ac<\/li>\n<li>F\u00fcr maximal 3 Personen<\/li>\n<\/ul>\n<p>30 Min.<\/p>\n<ul>\n<li>Preis: 575 \u20ac<\/li>\n<li>F\u00fcr maximal 3 Personen<\/li>\n<\/ul>\n<p>45 Min.<\/p>\n<ul>\n<li>Preis: 765 \u20ac<\/li>\n<li>F\u00fcr maximal 3 Personen<\/li>\n<\/ul>\n<p>60 Min.<\/p>\n<ul>\n<li>Preis: 1090 \u20ac<\/li>\n<li>F\u00fcr maximal 3 Personen<\/li>\n<li>G\u00fcltiger Ausweis: Reisepass oder Personalausweis f\u00fcr Check-in und Sicherheitskontrolle.<\/li>\n<\/ul>\n[\/vc_column_text][\/tab][\/tabbed_section][\/vc_column][\/vc_row]\n","protected":false},"excerpt":{"rendered":"<p>[vc_row type=&#8220;in_container&#8220; full_screen_row_position=&#8220;middle&#8220; column_margin=&#8220;default&#8220; column_direction=&#8220;default&#8220; column_direction_tablet=&#8220;default&#8220; column_direction_phone=&#8220;default&#8220; scene_position=&#8220;center&#8220; text_color=&#8220;dark&#8220; text_align=&#8220;left&#8220; row_border_radius=&#8220;none&#8220; row_border_radius_applies=&#8220;bg&#8220; overflow=&#8220;visible&#8220; overlay_strength=&#8220;0.3&#8243; gradient_direction=&#8220;left_to_right&#8220; shape_divider_position=&#8220;bottom&#8220; bg_image_animation=&#8220;none&#8220;][vc_column column_padding=&#8220;no-extra-padding&#8220; column_padding_tablet=&#8220;inherit&#8220; column_padding_phone=&#8220;inherit&#8220; column_padding_position=&#8220;all&#8220; column_element_direction_desktop=&#8220;default&#8220; column_element_spacing=&#8220;default&#8220; desktop_text_alignment=&#8220;default&#8220; tablet_text_alignment=&#8220;default&#8220; phone_text_alignment=&#8220;default&#8220; background_color_opacity=&#8220;1&#8243; background_hover_color_opacity=&#8220;1&#8243; column_backdrop_filter=&#8220;none&#8220; column_shadow=&#8220;none&#8220; column_border_radius=&#8220;none&#8220; column_link_target=&#8220;_self&#8220; column_position=&#8220;default&#8220; gradient_direction=&#8220;left_to_right&#8220; overlay_strength=&#8220;0.3&#8243; width=&#8220;1\/1&#8243; tablet_width_inherit=&#8220;default&#8220; animation_type=&#8220;default&#8220; bg_image_animation=&#8220;none&#8220; border_type=&#8220;simple&#8220; column_border_width=&#8220;none&#8220; column_border_style=&#8220;solid&#8220;][vc_column_text]Wir laden Sie ein, ein unvergessliches Erlebnis an Bord eines modernen Helikopters an der Seite professioneller Piloten zu erleben. Wir bieten spektakul\u00e4re Panoramafl\u00fcge, perfekt f\u00fcr alle, die die Welt von oben erleben m\u00f6chten \u2013 ob Berglandschaften, pulsierende St\u00e4dte oder die beeindruckende K\u00fcste. Jeder Flug ist ein sicheres und komfortables Abenteuer, ideal f\u00fcr besondere Geschenke, Firmenveranstaltungen oder unvergessliche Momente mit Ihren Lieben.<\/p>\n<p><strong>Wichtige Dinge f\u00fcr die Reise:<\/strong><br \/>\n\u2022 Sonnenbrille<br \/>\n\u2022 Geschlossene Schuhe<br \/>\n\u2022 Bequeme Kleidung<br \/>\n\u2022 Kamera\/Handy\/GoPro (zum Aufnehmen Ihres Abenteuers)[\/vc_column_text][\/vc_column][\/vc_row][vc_row type=&#8220;full_width_content&#8220; full_screen_row_position=&#8220;middle&#8220; column_margin=&#8220;default&#8220; column_direction=&#8220;default&#8220; column_direction_tablet=&#8220;default&#8220; column_direction_phone=&#8220;default&#8220; bg_image=&#8220;331&#8243; bg_position=&#8220;left top&#8220; background_image_loading=&#8220;default&#8220; bg_repeat=&#8220;repeat&#8220; scene_position=&#8220;center&#8220; text_color=&#8220;dark&#8220; text_align=&#8220;center&#8220; row_border_radius=&#8220;none&#8220; row_border_radius_applies=&#8220;bg&#8220; overflow=&#8220;visible&#8220; advanced_gradient_angle=&#8220;0&#8243; overlay_strength=&#8220;0.3&#8243; gradient_direction=&#8220;left_to_right&#8220; shape_divider_position=&#8220;top&#8220; shape_divider_bring_to_front=&#8220;true&#8220; bg_image_animation=&#8220;none&#8220; shape_type=&#8220;waves_opacity&#8220; gradient_type=&#8220;default&#8220;][vc_column column_padding=&#8220;no-extra-padding&#8220; column_padding_tablet=&#8220;inherit&#8220; column_padding_phone=&#8220;inherit&#8220; column_padding_position=&#8220;all&#8220; column_element_direction_desktop=&#8220;default&#8220; column_element_spacing=&#8220;default&#8220; desktop_text_alignment=&#8220;default&#8220; tablet_text_alignment=&#8220;default&#8220; phone_text_alignment=&#8220;default&#8220; background_color_opacity=&#8220;1&#8243; background_hover_color_opacity=&#8220;1&#8243; column_backdrop_filter=&#8220;none&#8220; column_shadow=&#8220;none&#8220; column_border_radius=&#8220;none&#8220; column_link_target=&#8220;_blank&#8220; column_position=&#8220;default&#8220; advanced_gradient_angle=&#8220;0&#8243; gradient_direction=&#8220;left_to_right&#8220; overlay_strength=&#8220;0.3&#8243; width=&#8220;1\/1&#8243; tablet_width_inherit=&#8220;default&#8220; animation_type=&#8220;default&#8220; bg_image_animation=&#8220;none&#8220; border_type=&#8220;simple&#8220; column_border_width=&#8220;none&#8220; column_border_style=&#8220;solid&#8220; gradient_type=&#8220;default&#8220; column_padding_type=&#8220;default&#8220;][vc_raw_html css=&#8220;&#8220;]JTNDZGl2JTIwY2xhc3MlM0QlMjJsb2FkLXR1cml0b3AlMjIlMjBkYXRhLXNlcnZpY2UlM0QlMjJQNDAlMjIlMjBkYXRhLWxhbmclM0QlMjJlbiUyMiUyMCUyMGRhdGEtZW1iZWQlM0QlMjJib3glMjIlM0UlM0MlMkZkaXYlM0U=[\/vc_raw_html][vc_raw_html css=&#8220;&#8220;]JTNDZGl2JTIwY2xhc3MlM0QlMjJsb2FkLXR1cml0b3AlMjIlMjBkYXRhLXNlcnZpY2UlM0QlMjJQNDElMjIlMjBkYXRhLWxhbmclM0QlMjJlbiUyMiUyMCUyMGRhdGEtZW1iZWQlM0QlMjJib3glMjIlM0UlM0MlMkZkaXYlM0U=[\/vc_raw_html][vc_raw_html css=&#8220;&#8220;]JTNDZGl2JTIwY2xhc3MlM0QlMjJsb2FkLXR1cml0b3AlMjIlMjBkYXRhLXNlcnZpY2UlM0QlMjJQNDIlMjIlMjBkYXRhLWxhbmclM0QlMjJlbiUyMiUyMCUyMGRhdGEtZW1iZWQlM0QlMjJib3glMjIlM0UlM0MlMkZkaXYlM0U=[\/vc_raw_html][vc_raw_html css=&#8220;&#8220;]JTNDZGl2JTIwY2xhc3MlM0QlMjJsb2FkLXR1cml0b3AlMjIlMjBkYXRhLXNlcnZpY2UlM0QlMjJQNDMlMjIlMjBkYXRhLWxhbmclM0QlMjJlbiUyMiUyMCUyMGRhdGEtZW1iZWQlM0QlMjJib3glMjIlM0UlM0MlMkZkaXYlM0U=[\/vc_raw_html][vc_raw_html css=&#8220;&#8220;]JTNDZGl2JTIwY2xhc3MlM0QlMjJsb2FkLXR1cml0b3AlMjIlMjBkYXRhLXNlcnZpY2UlM0QlMjJQNDQlMjIlMjBkYXRhLWxhbmclM0QlMjJlbiUyMiUyMCUyMGRhdGEtZW1iZWQlM0QlMjJib3glMjIlM0UlM0MlMkZkaXYlM0U=[\/vc_raw_html][vc_raw_html css=&#8220;&#8220;]JTNDZGl2JTIwY2xhc3MlM0QlMjJsb2FkLXR1cml0b3AlMjIlMjBkYXRhLXNlcnZpY2UlM0QlMjJQNDUlMjIlMjBkYXRhLWxhbmclM0QlMjJlbiUyMiUyMCUyMGRhdGEtZW1iZWQlM0QlMjJib3glMjIlM0UlM0MlMkZkaXYlM0U=[\/vc_raw_html][vc_raw_html css=&#8220;&#8220;]JTNDZGl2JTIwY2xhc3MlM0QlMjJsb2FkLXR1cml0b3AlMjIlMjBkYXRhLXNlcnZpY2UlM0QlMjJQNDYlMjIlMjBkYXRhLWxhbmclM0QlMjJlbiUyMiUyMCUyMGRhdGEtZW1iZWQlM0QlMjJib3glMjIlM0UlM0MlMkZkaXYlM0U=[\/vc_raw_html][vc_raw_js]JTNDc2NyaXB0JTIwaWQlM0QlMjJqcy10dXJpdG9wJTIyJTIwc3JjJTNEJTIyaHR0cHMlM0ElMkYlMkZhcHAudHVyaXRvcC5jb20lMkZqcyUyRmxvYWQtdHVyaXRvcC5taW4uanMlMjIlMjBkYXRhLWNvbXBhbnklM0QlMjJKNDA0JTIyJTIwZGF0YS1idXR0b25jb2xvciUzRCUyMmdyZWVuJTIyJTIwZGF0YS1hZmZ0YWclM0QlMjJ0dGFmaWQlMjIlM0UlM0MlMkZzY3JpcHQlM0U=[\/vc_raw_js][\/vc_column][\/vc_row]<\/p>\n","protected":false},"featured_media":2759,"template":"","meta":[],"product_brand":[],"product_cat":[72],"product_tag":[],"class_list":{"0":"post-3053","1":"product","2":"type-product","3":"status-publish","4":"has-post-thumbnail","6":"product_cat-island-tours-de","8":"first","9":"instock","10":"shipping-taxable","11":"product-type-external"},"_links":{"self":[{"href":"https:\/\/just-summer.com\/de\/wp-json\/wp\/v2\/product\/3053","targetHints":{"allow":["GET"]}}],"collection":[{"href":"https:\/\/just-summer.com\/de\/wp-json\/wp\/v2\/product"}],"about":[{"href":"https:\/\/just-summer.com\/de\/wp-json\/wp\/v2\/types\/product"}],"wp:featuredmedia":[{"embeddable":true,"href":"https:\/\/just-summer.com\/de\/wp-json\/wp\/v2\/media\/2759"}],"wp:attachment":[{"href":"https:\/\/just-summer.com\/de\/wp-json\/wp\/v2\/media?parent=3053"}],"wp:term":[{"taxonomy":"product_brand","embeddable":true,"href":"https:\/\/just-summer.com\/de\/wp-json\/wp\/v2\/product_brand?post=3053"},{"taxonomy":"product_cat","embeddable":true,"href":"https:\/\/just-summer.com\/de\/wp-json\/wp\/v2\/product_cat?post=3053"},{"taxonomy":"product_tag","embeddable":true,"href":"https:\/\/just-summer.com\/de\/wp-json\/wp\/v2\/product_tag?post=3053"}],"curies":[{"name":"wp","href":"https:\/\/api.w.org\/{rel}","templated":true}]}}