{"id":3059,"date":"2025-03-21T05:55:15","date_gmt":"2025-03-21T05:55:15","guid":{"rendered":"https:\/\/just-summer.com\/producto\/quad-turitop\/"},"modified":"2025-07-02T08:20:04","modified_gmt":"2025-07-02T08:20:04","slug":"quad-turitop","status":"publish","type":"product","link":"https:\/\/just-summer.com\/de\/producto\/quad-turitop\/","title":{"rendered":"QUAD<h3> Preis ab: 139\u20ac<\/h3>"},"content":{"rendered":"[vc_row type=&#8220;full_width_background&#8220; full_screen_row_position=&#8220;middle&#8220; column_margin=&#8220;default&#8220; column_direction=&#8220;default&#8220; column_direction_tablet=&#8220;default&#8220; column_direction_phone=&#8220;default&#8220; bg_color=&#8220;rgba(222,196,159,0.11)&#8220; scene_position=&#8220;center&#8220; top_padding=&#8220;3%&#8220; constrain_group_1=&#8220;yes&#8220; bottom_padding=&#8220;3%&#8220; text_color=&#8220;dark&#8220; text_align=&#8220;left&#8220; row_border_radius=&#8220;none&#8220; row_border_radius_applies=&#8220;bg&#8220; overflow=&#8220;visible&#8220; overlay_strength=&#8220;0.3&#8243; gradient_direction=&#8220;left_to_right&#8220; shape_divider_position=&#8220;bottom&#8220; bg_image_animation=&#8220;none&#8220; shape_type=&#8220;&#8220; gradient_type=&#8220;default&#8220;][vc_column column_padding=&#8220;no-extra-padding&#8220; column_padding_tablet=&#8220;inherit&#8220; column_padding_phone=&#8220;inherit&#8220; column_padding_position=&#8220;all&#8220; column_element_direction_desktop=&#8220;default&#8220; column_element_spacing=&#8220;default&#8220; desktop_text_alignment=&#8220;default&#8220; tablet_text_alignment=&#8220;default&#8220; phone_text_alignment=&#8220;default&#8220; background_color_opacity=&#8220;1&#8243; background_hover_color_opacity=&#8220;1&#8243; column_backdrop_filter=&#8220;none&#8220; column_shadow=&#8220;none&#8220; column_border_radius=&#8220;none&#8220; column_link_target=&#8220;_self&#8220; column_position=&#8220;default&#8220; gradient_direction=&#8220;left_to_right&#8220; overlay_strength=&#8220;0.3&#8243; width=&#8220;1\/1&#8243; tablet_width_inherit=&#8220;default&#8220; animation_type=&#8220;default&#8220; bg_image_animation=&#8220;none&#8220; border_type=&#8220;simple&#8220; column_border_width=&#8220;none&#8220; column_border_style=&#8220;solid&#8220;][tabbed_section style=&#8220;minimal_flexible&#8220; tab_color=&#8220;Accent-Color&#8220; vs_content_animation=&#8220;fade&#8220; vs_link_animation=&#8220;opacity&#8220; vs_navigation_alignment=&#8220;left&#8220; vs_navigation_width_2=&#8220;25%&#8220; vs_navigation_func=&#8220;default&#8220; vs_navigation_width=&#8220;regular&#8220; vs_navigation_spacing=&#8220;15px&#8220; vs_navigation_mobile_display=&#8220;visible&#8220; vs_tab_spacing=&#8220;5%&#8220; icon_size=&#8220;32&#8243;][tab icon_family=&#8220;none&#8220; title=&#8220;WAS IST INBEGRIFFEN&#8220; id=&#8220;1748247142415-3&#8243; tab_id=&#8220;1748247142416-5&#8243;][vc_column_text css=&#8220;&#8220; text_direction=&#8220;default&#8220;]\n<ul>\n<li>Helm<\/li>\n<li>Benzin<\/li>\n<\/ul>\n[\/vc_column_text][\/tab][tab icon_family=&#8220;none&#8220; title=&#8220;BESCHREIBUNG&#8220; id=&#8220;1748247142446-8&#8243; tab_id=&#8220;1748247142446-6&#8243;][vc_column_text css=&#8220;&#8220; text_direction=&#8220;default&#8220;]<strong>Sonnenuntergang:<\/strong><\/p>\n<p>Entdecken Sie die bezaubernde Sch\u00f6nheit der Westk\u00fcste Mallorcas, w\u00e4hrend die Sonne hinter dem Horizont versinkt und den Himmel in leuchtende Farben taucht. Reisen Sie durch eine faszinierende Mischung aus schroffen Bergen, malerischen D\u00f6rfern und atemberaubenden K\u00fcstenpanoramen und tauchen Sie ein in die Naturwunder der Insel. Zum kr\u00f6nenden Abschluss g\u00f6nnen Sie sich ein erfrischendes Bad im kristallklaren Mittelmeer.<\/p>\n<p><strong>Quad-Tag:<\/strong><\/p>\n<p>Begeben Sie sich auf eine aufregende Reise durch Mallorcas atemberaubende Landschaft, vorbei an charmanten D\u00f6rfern und dem majest\u00e4tischen Tramuntana-Gebirge, einem UNESCO-Weltkulturerbe. Erleben Sie den Nervenkitzel der offenen Stra\u00dfe, w\u00e4hrend Sie abwechslungsreiche Landschaften erkunden und an einem Aussichtspunkt Halt machen, um das atemberaubende Panorama der Insel Dragonera zu genie\u00dfen. Zum Abschluss Ihres Abenteuers entspannen Sie sich bei einem erfrischenden Bad im kristallklaren Wasser Mallorcas \u2013 ideal zum Abk\u00fchlen und Entspannen.[\/vc_column_text][\/tab][tab icon_family=&#8220;none&#8220; title=&#8220;VIDEO&#8220; id=&#8220;1748247142465-4&#8243; tab_id=&#8220;1748247142466-8&#8243;][nectar_video_player_self_hosted video_mp4=&#8220;https:\/\/just-summer.com\/wp-content\/uploads\/2025\/03\/instdown13.mp4&#8243; player_functionality=&#8220;default&#8220; border_radius=&#8220;none&#8220; box_shadow=&#8220;none&#8220; advanced_gradient_display_type=&#8220;linear&#8220;][\/tab][tab icon_family=&#8220;none&#8220; title=&#8220;STANDORT&#8220; id=&#8220;1748247142492-2&#8243; tab_id=&#8220;1748247142492-9&#8243;][vc_column_text css=&#8220;&#8220; text_direction=&#8220;default&#8220;]<iframe loading=\"lazy\" style=\"border: 0;\" src=\"https:\/\/www.google.com\/maps\/embed?pb=!1m18!1m12!1m3!1d3321.762171936504!2d2.5109458!3d39.5294245!2m3!1f0!2f0!3f0!3m2!1i1024!2i768!4f13.1!3m3!1m2!1s0x129789be741606df%3A0xcd4d0f7c798fc366!2sMallorquad%2C%20Mallor'quad%2C%20Majorque%20quad!5e1!3m2!1sfr!2sve!4v1744319932230!5m2!1sfr!2sve\" width=\"100%\" height=\"450\" allowfullscreen=\"allowfullscreen\"><\/iframe>[\/vc_column_text][\/tab][tab icon_family=&#8220;none&#8220; title=&#8220;GRUNDLEGENDE INFORMATIONEN&#8220; id=&#8220;1748247142515-10&#8243; tab_id=&#8220;1748247142516-8&#8243;][vc_column_text css=&#8220;&#8220; text_direction=&#8220;default&#8220;]Tag 3 H:<\/p>\n<ul>\n<li>Beginn um 11:00 Uhr<\/li>\n<li>Solo \u2013 139 \u20ac<\/li>\n<li>Duo &#8211; 174 \u20ac<\/li>\n<li>jeden Tag<\/li>\n<\/ul>\n<p>Quad-Sonnenuntergang 3H:<\/p>\n<ul>\n<li>Beginn um 17:00 Uhr<\/li>\n<li>Quad Solo \u2013 139 \u20ac<\/li>\n<li>Quad-Duo \u2013 174 \u20ac<\/li>\n<li>Jeden Tag<\/li>\n<\/ul>\n[\/vc_column_text][\/tab][\/tabbed_section][\/vc_column][\/vc_row]\n","protected":false},"excerpt":{"rendered":"<ul>\n<li>F\u00fchrerschein (physisch, nicht digital)<\/li>\n<li>Mindestalter 7 Jahre (1,30 m)<\/li>\n<li>Schwangeren wird die Teilnahme nicht empfohlen<\/li>\n<li>Geeignete Kleidung<\/li>\n<\/ul>\n<div>(Wird empfohlen)<\/div>\n<ul>\n<li>Sonnenbrille und Sonnencreme (f\u00fcr Tagestouren)<\/li>\n<li>Eine leichte Jacke oder ein Hoodie<\/li>\n<li>Bequeme Kleidung (Flip-Flops nicht erlaubt)<\/li>\n<\/ul>\n<p>[vc_row type=&#8220;full_width_content&#8220; full_screen_row_position=&#8220;middle&#8220; column_margin=&#8220;default&#8220; column_direction=&#8220;default&#8220; column_direction_tablet=&#8220;default&#8220; column_direction_phone=&#8220;default&#8220; bg_image=&#8220;331&#8243; bg_position=&#8220;left top&#8220; background_image_loading=&#8220;default&#8220; bg_repeat=&#8220;repeat&#8220; scene_position=&#8220;center&#8220; text_color=&#8220;dark&#8220; text_align=&#8220;center&#8220; row_border_radius=&#8220;none&#8220; row_border_radius_applies=&#8220;bg&#8220; overflow=&#8220;visible&#8220; advanced_gradient_angle=&#8220;0&#8243; overlay_strength=&#8220;0.3&#8243; gradient_direction=&#8220;left_to_right&#8220; shape_divider_position=&#8220;top&#8220; shape_divider_bring_to_front=&#8220;true&#8220; bg_image_animation=&#8220;none&#8220; shape_type=&#8220;waves_opacity&#8220; gradient_type=&#8220;default&#8220;][vc_column column_padding=&#8220;no-extra-padding&#8220; column_padding_tablet=&#8220;inherit&#8220; column_padding_phone=&#8220;inherit&#8220; column_padding_position=&#8220;all&#8220; column_element_direction_desktop=&#8220;default&#8220; column_element_spacing=&#8220;default&#8220; desktop_text_alignment=&#8220;default&#8220; tablet_text_alignment=&#8220;default&#8220; phone_text_alignment=&#8220;default&#8220; background_color_opacity=&#8220;1&#8243; background_hover_color_opacity=&#8220;1&#8243; column_backdrop_filter=&#8220;none&#8220; column_shadow=&#8220;none&#8220; column_border_radius=&#8220;none&#8220; column_link_target=&#8220;_blank&#8220; column_position=&#8220;default&#8220; advanced_gradient_angle=&#8220;0&#8243; gradient_direction=&#8220;left_to_right&#8220; overlay_strength=&#8220;0.3&#8243; width=&#8220;1\/1&#8243; tablet_width_inherit=&#8220;default&#8220; animation_type=&#8220;default&#8220; bg_image_animation=&#8220;none&#8220; border_type=&#8220;simple&#8220; column_border_width=&#8220;none&#8220; column_border_style=&#8220;solid&#8220; gradient_type=&#8220;default&#8220; column_padding_type=&#8220;default&#8220;][vc_raw_html css=&#8220;&#8220;]JTNDZGl2JTIwY2xhc3MlM0QlMjJsb2FkLXR1cml0b3AlMjIlMjBkYXRhLXNlcnZpY2UlM0QlMjJQNDglMjIlMjBkYXRhLWxhbmclM0QlMjJlbiUyMiUyMCUyMGRhdGEtZW1iZWQlM0QlMjJib3glMjIlM0UlM0MlMkZkaXYlM0U=[\/vc_raw_html][vc_raw_html css=&#8220;&#8220;]JTNDZGl2JTIwY2xhc3MlM0QlMjJsb2FkLXR1cml0b3AlMjIlMjBkYXRhLXNlcnZpY2UlM0QlMjJQNDklMjIlMjBkYXRhLWxhbmclM0QlMjJlbiUyMiUyMCUyMGRhdGEtZW1iZWQlM0QlMjJib3glMjIlM0UlM0MlMkZkaXYlM0U=[\/vc_raw_html][vc_raw_js]JTNDc2NyaXB0JTIwaWQlM0QlMjJqcy10dXJpdG9wJTIyJTIwc3JjJTNEJTIyaHR0cHMlM0ElMkYlMkZhcHAudHVyaXRvcC5jb20lMkZqcyUyRmxvYWQtdHVyaXRvcC5taW4uanMlMjIlMjBkYXRhLWNvbXBhbnklM0QlMjJKNDA0JTIyJTIwZGF0YS1idXR0b25jb2xvciUzRCUyMmdyZWVuJTIyJTIwZGF0YS1hZmZ0YWclM0QlMjJ0dGFmaWQlMjIlM0UlM0MlMkZzY3JpcHQlM0U=[\/vc_raw_js][\/vc_column][\/vc_row]<\/p>\n","protected":false},"featured_media":3020,"template":"","meta":[],"product_brand":[],"product_cat":[68,72],"product_tag":[],"class_list":{"0":"post-3059","1":"product","2":"type-product","3":"status-publish","4":"has-post-thumbnail","6":"product_cat-popular-de","7":"product_cat-island-tours-de","9":"first","10":"instock","11":"shipping-taxable","12":"product-type-external"},"_links":{"self":[{"href":"https:\/\/just-summer.com\/de\/wp-json\/wp\/v2\/product\/3059","targetHints":{"allow":["GET"]}}],"collection":[{"href":"https:\/\/just-summer.com\/de\/wp-json\/wp\/v2\/product"}],"about":[{"href":"https:\/\/just-summer.com\/de\/wp-json\/wp\/v2\/types\/product"}],"wp:featuredmedia":[{"embeddable":true,"href":"https:\/\/just-summer.com\/de\/wp-json\/wp\/v2\/media\/3020"}],"wp:attachment":[{"href":"https:\/\/just-summer.com\/de\/wp-json\/wp\/v2\/media?parent=3059"}],"wp:term":[{"taxonomy":"product_brand","embeddable":true,"href":"https:\/\/just-summer.com\/de\/wp-json\/wp\/v2\/product_brand?post=3059"},{"taxonomy":"product_cat","embeddable":true,"href":"https:\/\/just-summer.com\/de\/wp-json\/wp\/v2\/product_cat?post=3059"},{"taxonomy":"product_tag","embeddable":true,"href":"https:\/\/just-summer.com\/de\/wp-json\/wp\/v2\/product_tag?post=3059"}],"curies":[{"name":"wp","href":"https:\/\/api.w.org\/{rel}","templated":true}]}}