{"id":3073,"date":"2025-04-08T14:30:21","date_gmt":"2025-04-08T14:30:21","guid":{"rendered":"https:\/\/just-summer.com\/producto\/ballooning-mallorca-price-from-190e\/"},"modified":"2025-04-15T22:40:53","modified_gmt":"2025-04-15T22:40:53","slug":"ballooning-mallorca-price-from-190e","status":"publish","type":"product","link":"https:\/\/just-summer.com\/de\/producto\/ballooning-mallorca-price-from-190e\/","title":{"rendered":"BALLOONING MALLORCA <h3> Preis ab: 190\u20ac<\/h3>"},"content":{"rendered":"[vc_row type=&#8220;full_width_background&#8220; full_screen_row_position=&#8220;middle&#8220; column_margin=&#8220;default&#8220; column_direction=&#8220;default&#8220; column_direction_tablet=&#8220;default&#8220; column_direction_phone=&#8220;default&#8220; bg_color=&#8220;rgba(222,196,159,0.11)&#8220; scene_position=&#8220;center&#8220; top_padding=&#8220;3%&#8220; constrain_group_1=&#8220;yes&#8220; bottom_padding=&#8220;3%&#8220; text_color=&#8220;dark&#8220; text_align=&#8220;left&#8220; row_border_radius=&#8220;none&#8220; row_border_radius_applies=&#8220;bg&#8220; overflow=&#8220;visible&#8220; overlay_strength=&#8220;0.3&#8243; gradient_direction=&#8220;left_to_right&#8220; shape_divider_position=&#8220;bottom&#8220; bg_image_animation=&#8220;none&#8220; shape_type=&#8220;&#8220; gradient_type=&#8220;default&#8220;][vc_column column_padding=&#8220;no-extra-padding&#8220; column_padding_tablet=&#8220;inherit&#8220; column_padding_phone=&#8220;inherit&#8220; column_padding_position=&#8220;all&#8220; column_element_direction_desktop=&#8220;default&#8220; column_element_spacing=&#8220;default&#8220; desktop_text_alignment=&#8220;default&#8220; tablet_text_alignment=&#8220;default&#8220; phone_text_alignment=&#8220;default&#8220; background_color_opacity=&#8220;1&#8243; background_hover_color_opacity=&#8220;1&#8243; column_backdrop_filter=&#8220;none&#8220; column_shadow=&#8220;none&#8220; column_border_radius=&#8220;none&#8220; column_link_target=&#8220;_self&#8220; column_position=&#8220;default&#8220; gradient_direction=&#8220;left_to_right&#8220; overlay_strength=&#8220;0.3&#8243; width=&#8220;1\/1&#8243; tablet_width_inherit=&#8220;default&#8220; animation_type=&#8220;default&#8220; bg_image_animation=&#8220;none&#8220; border_type=&#8220;simple&#8220; column_border_width=&#8220;none&#8220; column_border_style=&#8220;solid&#8220;][tabbed_section style=&#8220;minimal_flexible&#8220; tab_color=&#8220;Accent-Color&#8220; vs_content_animation=&#8220;fade&#8220; vs_link_animation=&#8220;opacity&#8220; vs_navigation_alignment=&#8220;left&#8220; vs_navigation_width_2=&#8220;25%&#8220; vs_navigation_func=&#8220;default&#8220; vs_navigation_width=&#8220;regular&#8220; vs_navigation_spacing=&#8220;15px&#8220; vs_navigation_mobile_display=&#8220;visible&#8220; vs_tab_spacing=&#8220;5%&#8220; icon_size=&#8220;32&#8243;][tab icon_family=&#8220;none&#8220; title=&#8220;BESCHREIBUNG&#8220; id=&#8220;1744687638300-1&#8243; tab_id=&#8220;1744687638301-7&#8243;][vc_column_text css=&#8220;&#8220; text_direction=&#8220;default&#8220;]Wichtige Buchungsinformationen:<br \/>\n\u2022 Kinder unter 5 Jahren sind nicht erlaubt.<br \/>\n\u2022 Buchungen m\u00fcssen mindestens 48 Stunden im Voraus erfolgen.<br \/>\n\u2022 F\u00fcr Gruppenfl\u00fcge (Sonnenaufgang und Sonnenuntergang) sind maximal 8 Pl\u00e4tze reservierbar.<br \/>\n\u2022 Wir ben\u00f6tigen den Namen und das Gewicht jedes Passagiers.<br \/>\n\u2022 Passagiere \u00fcber 100 kg m\u00fcssen zwei Tickets kaufen.<br \/>\n\u2022 Wir ben\u00f6tigen au\u00dferdem die Handynummer und E-Mail-Adresse der buchenden Person.[\/vc_column_text][\/tab][tab icon_family=&#8220;none&#8220; title=&#8220;STANDORT&#8220; id=&#8220;1744687638399-8&#8243; tab_id=&#8220;1744687638400-9&#8243;][vc_column_text css=&#8220;&#8220; text_direction=&#8220;default&#8220;]<iframe loading=\"lazy\" style=\"border: 0;\" src=\"https:\/\/www.google.com\/maps\/embed?pb=!1m18!1m12!1m3!1d6626.232296619005!2d3.451496395640019!3d39.70980298985741!2m3!1f0!2f0!3f0!3m2!1i1024!2i768!4f13.1!3m3!1m2!1s0x12961658b5d2ed75%3A0x71358fc710c40161!2s07590%20Cala%20Ratjada%2C%20Bal%C3%A9ares%2C%20Espagne!5e1!3m2!1sfr!2sve!4v1744319498074!5m2!1sfr!2sve\" width=\"100%\" height=\"450\" allowfullscreen=\"allowfullscreen\"><\/iframe>[\/vc_column_text][\/tab][tab icon_family=&#8220;none&#8220; title=&#8220;GRUNDLEGENDE INFORMATIONEN&#8220; id=&#8220;1744687638458-0&#8243; tab_id=&#8220;1744687638460-1&#8243;][vc_column_text css=&#8220;&#8220; text_direction=&#8220;default&#8220;]Flugbest\u00e4tigung und -zeit:<br \/>\n\u2022 Wir kontaktieren unsere Kunden am Vortag, um Folgendes zu best\u00e4tigen:<br \/>\n\u2022 Wetterbedingungen<br \/>\n\u2022 Treffpunkt und Uhrzeit<br \/>\n\u2022 Flugzeiten:<br \/>\n\u2022 Morgenfl\u00fcge: Zwischen 6:30 und 7:00 Uhr<br \/>\n\u2022 Abendfl\u00fcge: Zwischen 18:00 und 20:30 Uhr<\/p>\n<p>Mindestteilnehmerzahl:<br \/>\n\u2022 F\u00fcr den Flug sind mindestens 5 Erwachsene (ohne Kinder) erforderlich.<br \/>\n\u2022 Der Flug kann abgesagt werden, wenn die Mindestteilnehmerzahl nicht erreicht wird.<\/p>\n<p>Treffpunkt und Wetterbedingungen:<br \/>\n\u2022 Der Treffpunkt h\u00e4ngt von der Windrichtung ab:<br \/>\n\u2022 Morgenfl\u00fcge: Sant Lloren\u00e7, Manacor, Petra usw.<br \/>\n\u2022 Nachmittagsfl\u00fcge: Cala Millor, Art\u00e0, Sant Lloren\u00e7 usw.<br \/>\n\u2022 Sollte der Flug nicht stattfinden k\u00f6nnen, bieten wir Ihnen einen Ersatztermin an oder erstatten Ihnen den vollen Betrag.[\/vc_column_text][\/tab][\/tabbed_section][\/vc_column][\/vc_row]\n","protected":false},"excerpt":{"rendered":"<p>Preise:<br \/>\n\u2022 Sonnenaufgangsflug: 190 \u20ac (Anzahlung: 19 \u20ac)<br \/>\n\u2022 Sonnenuntergangsflug: 215 \u20ac (Anzahlung: 21,50 \u20ac)<br \/>\n\u2022 Kinder (5\u201312 Jahre): Sonnenaufgangsflug: 130 \u20ac (Anzahlung: 13 \u20ac)<br \/>\n\u2022 Kinder (5\u201312 Jahre): Sonnenuntergangsflug: 150 \u20ac (Anzahlung: 15 \u20ac)<br \/>\nDer Restbetrag ist am Reisetag zu entrichten.<\/p>\n[ninja_form id=1]\n","protected":false},"featured_media":2925,"template":"","meta":[],"product_brand":[],"product_cat":[70],"product_tag":[],"class_list":{"0":"post-3073","1":"product","2":"type-product","3":"status-publish","4":"has-post-thumbnail","6":"product_cat-family-fun-de","8":"first","9":"instock","10":"shipping-taxable","11":"product-type-external"},"_links":{"self":[{"href":"https:\/\/just-summer.com\/de\/wp-json\/wp\/v2\/product\/3073","targetHints":{"allow":["GET"]}}],"collection":[{"href":"https:\/\/just-summer.com\/de\/wp-json\/wp\/v2\/product"}],"about":[{"href":"https:\/\/just-summer.com\/de\/wp-json\/wp\/v2\/types\/product"}],"wp:featuredmedia":[{"embeddable":true,"href":"https:\/\/just-summer.com\/de\/wp-json\/wp\/v2\/media\/2925"}],"wp:attachment":[{"href":"https:\/\/just-summer.com\/de\/wp-json\/wp\/v2\/media?parent=3073"}],"wp:term":[{"taxonomy":"product_brand","embeddable":true,"href":"https:\/\/just-summer.com\/de\/wp-json\/wp\/v2\/product_brand?post=3073"},{"taxonomy":"product_cat","embeddable":true,"href":"https:\/\/just-summer.com\/de\/wp-json\/wp\/v2\/product_cat?post=3073"},{"taxonomy":"product_tag","embeddable":true,"href":"https:\/\/just-summer.com\/de\/wp-json\/wp\/v2\/product_tag?post=3073"}],"curies":[{"name":"wp","href":"https:\/\/api.w.org\/{rel}","templated":true}]}}