{"id":3077,"date":"2025-04-08T14:15:40","date_gmt":"2025-04-08T14:15:40","guid":{"rendered":"https:\/\/just-summer.com\/producto\/ocean-calvia-beach\/"},"modified":"2025-04-15T22:40:10","modified_gmt":"2025-04-15T22:40:10","slug":"ocean-calvia-beach","status":"publish","type":"product","link":"https:\/\/just-summer.com\/de\/producto\/ocean-calvia-beach\/","title":{"rendered":"OCEAN CALVIA BEACH<h3> Preis ab: 30\u20ac<\/h3>"},"content":{"rendered":"[vc_row type=&#8220;full_width_background&#8220; full_screen_row_position=&#8220;middle&#8220; column_margin=&#8220;default&#8220; column_direction=&#8220;default&#8220; column_direction_tablet=&#8220;default&#8220; column_direction_phone=&#8220;default&#8220; bg_color=&#8220;rgba(222,196,159,0.11)&#8220; scene_position=&#8220;center&#8220; top_padding=&#8220;3%&#8220; constrain_group_1=&#8220;yes&#8220; bottom_padding=&#8220;3%&#8220; text_color=&#8220;dark&#8220; text_align=&#8220;left&#8220; row_border_radius=&#8220;none&#8220; row_border_radius_applies=&#8220;bg&#8220; overflow=&#8220;visible&#8220; overlay_strength=&#8220;0.3&#8243; gradient_direction=&#8220;left_to_right&#8220; shape_divider_position=&#8220;bottom&#8220; bg_image_animation=&#8220;none&#8220; shape_type=&#8220;&#8220; gradient_type=&#8220;default&#8220;][vc_column column_padding=&#8220;no-extra-padding&#8220; column_padding_tablet=&#8220;inherit&#8220; column_padding_phone=&#8220;inherit&#8220; column_padding_position=&#8220;all&#8220; column_element_direction_desktop=&#8220;default&#8220; column_element_spacing=&#8220;default&#8220; desktop_text_alignment=&#8220;default&#8220; tablet_text_alignment=&#8220;default&#8220; phone_text_alignment=&#8220;default&#8220; background_color_opacity=&#8220;1&#8243; background_hover_color_opacity=&#8220;1&#8243; column_backdrop_filter=&#8220;none&#8220; column_shadow=&#8220;none&#8220; column_border_radius=&#8220;none&#8220; column_link_target=&#8220;_self&#8220; column_position=&#8220;default&#8220; gradient_direction=&#8220;left_to_right&#8220; overlay_strength=&#8220;0.3&#8243; width=&#8220;1\/1&#8243; tablet_width_inherit=&#8220;default&#8220; animation_type=&#8220;default&#8220; bg_image_animation=&#8220;none&#8220; border_type=&#8220;simple&#8220; column_border_width=&#8220;none&#8220; column_border_style=&#8220;solid&#8220;][tabbed_section style=&#8220;minimal_flexible&#8220; tab_color=&#8220;Accent-Color&#8220; vs_content_animation=&#8220;fade&#8220; vs_link_animation=&#8220;opacity&#8220; vs_navigation_alignment=&#8220;left&#8220; vs_navigation_width_2=&#8220;25%&#8220; vs_navigation_func=&#8220;default&#8220; vs_navigation_width=&#8220;regular&#8220; vs_navigation_spacing=&#8220;15px&#8220; vs_navigation_mobile_display=&#8220;visible&#8220; vs_tab_spacing=&#8220;5%&#8220; icon_size=&#8220;32&#8243;][tab icon_family=&#8220;none&#8220; title=&#8220;BESCHREIBUNG&#8220; id=&#8220;1744735394924-2&#8243; tab_id=&#8220;1744735394925-2&#8243;][vc_column_text css=&#8220;&#8220; text_direction=&#8220;default&#8220;]Oceans Calvi\u00e1 Beach \u2013 Die ultimative Party-Destination in Magaluf<br \/>\nDirekt am legend\u00e4ren Strand von Magaluf gelegen, l\u00e4dt das Oceans Calvi\u00e1 Beach Sie zu einem unvergesslichen Erlebnis auf der Insel ein. Jeder Tag bietet eine neue Gelegenheit zum Entspannen, Genie\u00dfen und Eintauchen in eine exklusive Atmosph\u00e4re mit atemberaubender Aussicht.<\/p>\n<p>Machen Sie sich bereit f\u00fcr anspruchsvolle Themenpartys, bei denen die Energie nie nachl\u00e4sst. Mit Weltklasse-DJs, meisterhaft gemixten Cocktails und einer lebendigen Atmosph\u00e4re, die nur das Oceans bieten kann, wird jeder Moment zu einer unvergesslichen Erinnerung.[\/vc_column_text][\/tab][tab icon_family=&#8220;none&#8220; title=&#8220;VIDEO&#8220; id=&#8220;1744735396950-7&#8243; tab_id=&#8220;1744735396951-8&#8243;][nectar_video_player_self_hosted video_mp4=&#8220;https:\/\/just-summer.com\/wp-content\/uploads\/2025\/04\/instdown15.mp4&#8243; player_functionality=&#8220;default&#8220; border_radius=&#8220;none&#8220; box_shadow=&#8220;none&#8220; advanced_gradient_display_type=&#8220;linear&#8220;][\/tab][tab icon_family=&#8220;none&#8220; title=&#8220;STANDORT&#8220; id=&#8220;1744735394953-10&#8243; tab_id=&#8220;1744735394954-1&#8243;][vc_column_text css=&#8220;&#8220; text_direction=&#8220;default&#8220;]<iframe loading=\"lazy\" style=\"border: 0;\" src=\"https:\/\/www.google.com\/maps\/embed?pb=!1m18!1m12!1m3!1d3322.7341404531717!2d2.5374895000000004!3d39.5091037!2m3!1f0!2f0!3f0!3m2!1i1024!2i768!4f13.1!3m3!1m2!1s0x1297892d0ca314f7%3A0x4c2f983e611425ac!2sOceans%20Calvi%C3%A1%20Beach!5e1!3m2!1sfr!2sve!4v1744319619061!5m2!1sfr!2sve\" width=\"100%\" height=\"450\" allowfullscreen=\"allowfullscreen\"><\/iframe>[\/vc_column_text][\/tab][tab icon_family=&#8220;none&#8220; title=&#8220;GRUNDLEGENDE INFORMATIONEN&#8220; id=&#8220;1744735394971-9&#8243; tab_id=&#8220;1744735394971-2&#8243;][vc_column_text css=&#8220;&#8220; text_direction=&#8220;default&#8220;]Eintrittsoptionen<\/p>\n<p>\u2728 Allgemeiner Eintritt:<br \/>\n\u2022 Inklusive 1 oder 2 Premium-Spirituosen (je nach Veranstaltung)<br \/>\n\u2022 Zugang zu einem ausgewiesenen Bereich<br \/>\n\u2022 Kein Zugang zu den Pools<br \/>\n\u2022 Hochst\u00fchle verf\u00fcgbar (je nach Verf\u00fcgbarkeit)<\/p>\n<p>\ud83c\udf1f VIP-Eintritt:<br \/>\n\u2022 Inklusive 1 oder 2 Premium-Spirituosen (je nach Veranstaltung)<br \/>\n\u2022 Zugang zum Gartenbereich und zum Beach Club (je nach Veranstaltung)<br \/>\n\u2022 Voller Zugang zu beiden Pools (je nach Veranstaltung)<br \/>\n\u2022 Hochst\u00fchle verf\u00fcgbar (je nach Verf\u00fcgbarkeit)<\/p>\n<p>Hinweis:<br \/>\n\u2022 Sollten beide Bereiche aufgrund einer Veranstaltung ge\u00f6ffnet sein, haben VIP-G\u00e4ste Zugang zu allen Bereichen und Pools.<br \/>\n\u2022 Sollte nur der Beach Club ge\u00f6ffnet sein, haben VIP-G\u00e4ste auch Zugang zu diesem Bereich und dem dazugeh\u00f6rigen Pool.<\/p>\n<p>Ab 18 Jahren | Bitte verantwortungsvoller Alkoholkonsum<\/p>\n<p>Erleben Sie die exklusivsten Partys in Magaluf, exklusiv im Oceans Calvi\u00e1 Beach \u2013 hier h\u00f6rt der Spa\u00df nie auf![\/vc_column_text][\/tab][\/tabbed_section][\/vc_column][\/vc_row]\n","protected":false},"excerpt":{"rendered":"<p>\u00d6ffnungszeiten &amp; Zugang<\/p>\n<p>T\u00e4glich ge\u00f6ffnet vom 4. April bis 5. Oktober<br \/>\n\u2022 Gartenbereich: 13:00\u201300:00 Uhr<br \/>\n\u2022 Beach Club: 13:00\u201320:00 Uhr<br \/>\n\u2022 Pools: 13:00\u201320:00 Uhr<\/p>\n<p><span style=\"color: #ff0000;\"><strong>Ab 18 Jahren | Bitte verantwortungsvoller Alkoholkonsum<\/strong><\/span><\/p>\n[button color=\"accent-color\" hover_text_color_override=\"#fff\" size=\"large\" url=\"https:\/\/www.fourvenues.com\/just-summer\/\" target=\"_blank\" text=\"BOOK NOW\" color_override=\"\"]\n","protected":false},"featured_media":2897,"template":"","meta":[],"product_brand":[],"product_cat":[68,73],"product_tag":[],"class_list":{"0":"post-3077","1":"product","2":"type-product","3":"status-publish","4":"has-post-thumbnail","6":"product_cat-popular-de","7":"product_cat-adult-fun-de","9":"first","10":"instock","11":"shipping-taxable","12":"product-type-external"},"_links":{"self":[{"href":"https:\/\/just-summer.com\/de\/wp-json\/wp\/v2\/product\/3077","targetHints":{"allow":["GET"]}}],"collection":[{"href":"https:\/\/just-summer.com\/de\/wp-json\/wp\/v2\/product"}],"about":[{"href":"https:\/\/just-summer.com\/de\/wp-json\/wp\/v2\/types\/product"}],"wp:featuredmedia":[{"embeddable":true,"href":"https:\/\/just-summer.com\/de\/wp-json\/wp\/v2\/media\/2897"}],"wp:attachment":[{"href":"https:\/\/just-summer.com\/de\/wp-json\/wp\/v2\/media?parent=3077"}],"wp:term":[{"taxonomy":"product_brand","embeddable":true,"href":"https:\/\/just-summer.com\/de\/wp-json\/wp\/v2\/product_brand?post=3077"},{"taxonomy":"product_cat","embeddable":true,"href":"https:\/\/just-summer.com\/de\/wp-json\/wp\/v2\/product_cat?post=3077"},{"taxonomy":"product_tag","embeddable":true,"href":"https:\/\/just-summer.com\/de\/wp-json\/wp\/v2\/product_tag?post=3077"}],"curies":[{"name":"wp","href":"https:\/\/api.w.org\/{rel}","templated":true}]}}