{"id":3079,"date":"2025-04-08T14:07:54","date_gmt":"2025-04-08T14:07:54","guid":{"rendered":"https:\/\/just-summer.com\/producto\/magic-catamarans-price-from-59e\/"},"modified":"2025-04-21T18:45:20","modified_gmt":"2025-04-21T18:45:20","slug":"magic-catamarans-price-from-59e","status":"publish","type":"product","link":"https:\/\/just-summer.com\/de\/producto\/magic-catamarans-price-from-59e\/","title":{"rendered":"MAGIC CATAMARANS <h3> Preis ab: 59\u20ac<\/h3>"},"content":{"rendered":"[vc_row type=&#8220;full_width_background&#8220; full_screen_row_position=&#8220;middle&#8220; column_margin=&#8220;default&#8220; column_direction=&#8220;default&#8220; column_direction_tablet=&#8220;default&#8220; column_direction_phone=&#8220;default&#8220; bg_color=&#8220;rgba(222,196,159,0.11)&#8220; scene_position=&#8220;center&#8220; top_padding=&#8220;3%&#8220; constrain_group_1=&#8220;yes&#8220; bottom_padding=&#8220;3%&#8220; text_color=&#8220;dark&#8220; text_align=&#8220;left&#8220; row_border_radius=&#8220;none&#8220; row_border_radius_applies=&#8220;bg&#8220; overflow=&#8220;visible&#8220; overlay_strength=&#8220;0.3&#8243; gradient_direction=&#8220;left_to_right&#8220; shape_divider_position=&#8220;bottom&#8220; bg_image_animation=&#8220;none&#8220; shape_type=&#8220;&#8220; gradient_type=&#8220;default&#8220;][vc_column column_padding=&#8220;no-extra-padding&#8220; column_padding_tablet=&#8220;inherit&#8220; column_padding_phone=&#8220;inherit&#8220; column_padding_position=&#8220;all&#8220; column_element_direction_desktop=&#8220;default&#8220; column_element_spacing=&#8220;default&#8220; desktop_text_alignment=&#8220;default&#8220; tablet_text_alignment=&#8220;default&#8220; phone_text_alignment=&#8220;default&#8220; background_color_opacity=&#8220;1&#8243; background_hover_color_opacity=&#8220;1&#8243; column_backdrop_filter=&#8220;none&#8220; column_shadow=&#8220;none&#8220; column_border_radius=&#8220;none&#8220; column_link_target=&#8220;_self&#8220; column_position=&#8220;default&#8220; gradient_direction=&#8220;left_to_right&#8220; overlay_strength=&#8220;0.3&#8243; width=&#8220;1\/1&#8243; tablet_width_inherit=&#8220;default&#8220; animation_type=&#8220;default&#8220; bg_image_animation=&#8220;none&#8220; border_type=&#8220;simple&#8220; column_border_width=&#8220;none&#8220; column_border_style=&#8220;solid&#8220;][tabbed_section style=&#8220;minimal_flexible&#8220; tab_color=&#8220;Accent-Color&#8220; vs_content_animation=&#8220;fade&#8220; vs_link_animation=&#8220;opacity&#8220; vs_navigation_alignment=&#8220;left&#8220; vs_navigation_width_2=&#8220;25%&#8220; vs_navigation_func=&#8220;default&#8220; vs_navigation_width=&#8220;regular&#8220; vs_navigation_spacing=&#8220;15px&#8220; vs_navigation_mobile_display=&#8220;visible&#8220; vs_tab_spacing=&#8220;5%&#8220; icon_size=&#8220;32&#8243;][tab icon_family=&#8220;none&#8220; title=&#8220;BESCHREIBUNG&#8220; id=&#8220;1745261100856-2&#8243; tab_id=&#8220;1745261100857-7&#8243;][vc_column_text css=&#8220;&#8220; text_direction=&#8220;default&#8220;]Wichtige Hinweise:<br \/>\n\u2022 Zahlung: An Bord werden nur Kartenzahlungen akzeptiert; Bargeld wird nicht akzeptiert.<br \/>\n\u2022 Kaution f\u00fcr Ausr\u00fcstung: F\u00fcr einige Ausr\u00fcstungsgegenst\u00e4nde, wie z. B. Schnorchelausr\u00fcstung, ist eine Kaution (in der Regel 10 oder 20 \u20ac) erforderlich, die bei R\u00fcckgabe in gutem Zustand zur\u00fcckerstattet wird.[\/vc_column_text][\/tab][tab icon_family=&#8220;none&#8220; title=&#8220;VIDEO&#8220; id=&#8220;1745261102045-0&#8243; tab_id=&#8220;1745261102046-1&#8243;][nectar_video_player_self_hosted video_mp4=&#8220;https:\/\/just-summer.com\/wp-content\/uploads\/2025\/04\/MAGIC.mp4&#8243; player_functionality=&#8220;default&#8220; border_radius=&#8220;none&#8220; box_shadow=&#8220;none&#8220; advanced_gradient_display_type=&#8220;linear&#8220;][\/tab][tab icon_family=&#8220;none&#8220; title=&#8220;STANDORT&#8220; id=&#8220;1745261100887-10&#8243; tab_id=&#8220;1745261100887-2&#8243;][vc_column_text css=&#8220;&#8220; text_direction=&#8220;default&#8220;]<iframe loading=\"lazy\" style=\"border: 0;\" src=\"https:\/\/www.google.com\/maps\/embed?pb=!1m18!1m12!1m3!1d3319.997611458951!2d2.6304586000000003!3d39.5662936!2m3!1f0!2f0!3f0!3m2!1i1024!2i768!4f13.1!3m3!1m2!1s0x1297926e689fa325%3A0x9c5e85a9285e194b!2sMagic%20Catamarans!5e1!3m2!1sfr!2sve!4v1744319883141!5m2!1sfr!2sve\" width=\"100%\" height=\"450\" allowfullscreen=\"allowfullscreen\"><\/iframe>[\/vc_column_text][\/tab][tab icon_family=&#8220;none&#8220; title=&#8220;GRUNDLEGENDE INFORMATIONEN&#8220; id=&#8220;1745261100911-10&#8243; tab_id=&#8220;1745261100912-10&#8243;][vc_column_text css=&#8220;&#8220; text_direction=&#8220;default&#8220;]Magic Catamaran bietet das ganze Jahr \u00fcber verschiedene Ausfl\u00fcge mit unterschiedlichen Bootstypen, Fahrpl\u00e4nen und Inklusivleistungen an. Hier finden Sie eine \u00dcbersicht der verschiedenen Ausfl\u00fcge:<\/p>\n<p><strong><span style=\"color: #0000ff;\">Ausflug \u201eBucht von Palma\u201c<\/span><\/strong><br \/>\n\u2022 Dauer: 5 Stunden<br \/>\n\u2022 Fahrplan:<br \/>\n\u2022 10:00 \u2013 15:00 Uhr<br \/>\n\u2022 15:30 \u2013 20:30 Uhr<br \/>\n\u2022 Termine: T\u00e4glich, April bis 2. Oktober<br \/>\n\u2022 Preis:<br \/>\n\u2022 Erwachsene: 59 \u20ac<br \/>\n\u2022 Kinder (7\u201314 Jahre): 36,50 \u20ac<br \/>\n\u2022 Kinder (0\u20136 Jahre): KOSTENLOS<br \/>\n\u2022 Einstieg: Hafen von Palma, Anlegestelle der Touristenschiffe vor dem Auditorium<br \/>\n\u2022 Inklusive:<br \/>\n\u2022 Essen &amp; Getr\u00e4nke<br \/>\n\u2022 Schnorchelausr\u00fcstung (mit 10 \u20ac Kaution)<br \/>\n\u2022 Riesen-Schwimmmatte<br \/>\n\u2022 Schwimmwesten<br \/>\nKapazit\u00e4t: max. 85 Personen<\/p>\n<p><span style=\"color: #0000ff;\"><strong>Ausflug \u201ePalma Bay Plus\u201c<\/strong><\/span><br \/>\n\u2022 Dauer: 5 Stunden<br \/>\n\u2022 Zeitplan:<br \/>\n\u2022 10:00 \u2013 15:00 Uhr<br \/>\n\u2022 15:30 \u2013 20:30 Uhr<br \/>\n\u2022 Termine: T\u00e4glich von Mai bis September<br \/>\n\u2022 Preis:<br \/>\n\u2022 Erwachsene: 74 \u20ac<br \/>\n\u2022 Kinder (7\u201314 Jahre): 37 \u20ac<br \/>\n\u2022 Kinder (0\u20136 Jahre): KOSTENLOS<br \/>\n\u2022 Einstieg: Hafen von Palma, Anlegestelle der Touristenschiffe vor dem Auditorium<br \/>\n\u2022 Maximale Kapazit\u00e4t: 35 Personen<br \/>\n\u2022 Inklusive:<br \/>\n\u2022 Snacks, Essen und Getr\u00e4nke<br \/>\n\u2022 Hochwertige Schnorchelausr\u00fcstung (CRESSI SUB) mit 20 \u20ac Kaution<br \/>\n\u2022 Paddle-Surfbrett, Kajak, Riesen-Schwimmmatte, Schwimmwesten[\/vc_column_text][\/tab][\/tabbed_section][\/vc_column][\/vc_row]\n","protected":false},"excerpt":{"rendered":"<p>Entdecken Sie die atemberaubende Sch\u00f6nheit der mallorquinischen K\u00fcste an Bord eines Magic Catamarans! Wir bieten exklusive Seereisen mit erstklassigem Service und einem engagierten Team f\u00fcr ein entspanntes und unvergessliches Erlebnis. Ob entspanntes Segeln, eine Inselrundfahrt, Schnorcheln oder eine Party auf dem Wasser \u2013 unser Katamaran ist die perfekte Wahl.<\/p>\n[ninja_form id=1]\n","protected":false},"featured_media":2883,"template":"","meta":[],"product_brand":[],"product_cat":[68,67],"product_tag":[],"class_list":{"0":"post-3079","1":"product","2":"type-product","3":"status-publish","4":"has-post-thumbnail","6":"product_cat-popular-de","7":"product_cat-boat-jetski-de","9":"first","10":"instock","11":"shipping-taxable","12":"product-type-external"},"_links":{"self":[{"href":"https:\/\/just-summer.com\/de\/wp-json\/wp\/v2\/product\/3079","targetHints":{"allow":["GET"]}}],"collection":[{"href":"https:\/\/just-summer.com\/de\/wp-json\/wp\/v2\/product"}],"about":[{"href":"https:\/\/just-summer.com\/de\/wp-json\/wp\/v2\/types\/product"}],"wp:featuredmedia":[{"embeddable":true,"href":"https:\/\/just-summer.com\/de\/wp-json\/wp\/v2\/media\/2883"}],"wp:attachment":[{"href":"https:\/\/just-summer.com\/de\/wp-json\/wp\/v2\/media?parent=3079"}],"wp:term":[{"taxonomy":"product_brand","embeddable":true,"href":"https:\/\/just-summer.com\/de\/wp-json\/wp\/v2\/product_brand?post=3079"},{"taxonomy":"product_cat","embeddable":true,"href":"https:\/\/just-summer.com\/de\/wp-json\/wp\/v2\/product_cat?post=3079"},{"taxonomy":"product_tag","embeddable":true,"href":"https:\/\/just-summer.com\/de\/wp-json\/wp\/v2\/product_tag?post=3079"}],"curies":[{"name":"wp","href":"https:\/\/api.w.org\/{rel}","templated":true}]}}