{"id":3254,"date":"2025-05-07T08:06:47","date_gmt":"2025-05-07T08:06:47","guid":{"rendered":"https:\/\/just-summer.com\/?post_type=product&#038;p=3254"},"modified":"2025-05-07T11:52:56","modified_gmt":"2025-05-07T11:52:56","slug":"bladerunner-excursion","status":"publish","type":"product","link":"https:\/\/just-summer.com\/de\/producto\/bladerunner-excursion\/","title":{"rendered":"BLADERUNNER EXCURSION<h3> Preis ab: 70\u20ac<\/h3>"},"content":{"rendered":"[vc_row type=&#8220;full_width_background&#8220; full_screen_row_position=&#8220;middle&#8220; column_margin=&#8220;default&#8220; column_direction=&#8220;default&#8220; column_direction_tablet=&#8220;default&#8220; column_direction_phone=&#8220;default&#8220; bg_color=&#8220;rgba(222,196,159,0.11)&#8220; scene_position=&#8220;center&#8220; top_padding=&#8220;3%&#8220; constrain_group_1=&#8220;yes&#8220; bottom_padding=&#8220;3%&#8220; text_color=&#8220;dark&#8220; text_align=&#8220;left&#8220; row_border_radius=&#8220;none&#8220; row_border_radius_applies=&#8220;bg&#8220; overflow=&#8220;visible&#8220; overlay_strength=&#8220;0.3&#8243; gradient_direction=&#8220;left_to_right&#8220; shape_divider_position=&#8220;bottom&#8220; bg_image_animation=&#8220;none&#8220; shape_type=&#8220;&#8220; gradient_type=&#8220;default&#8220;][vc_column column_padding=&#8220;no-extra-padding&#8220; column_padding_tablet=&#8220;inherit&#8220; column_padding_phone=&#8220;inherit&#8220; column_padding_position=&#8220;all&#8220; column_element_direction_desktop=&#8220;default&#8220; column_element_spacing=&#8220;default&#8220; desktop_text_alignment=&#8220;default&#8220; tablet_text_alignment=&#8220;default&#8220; phone_text_alignment=&#8220;default&#8220; background_color_opacity=&#8220;1&#8243; background_hover_color_opacity=&#8220;1&#8243; column_backdrop_filter=&#8220;none&#8220; column_shadow=&#8220;none&#8220; column_border_radius=&#8220;none&#8220; column_link_target=&#8220;_self&#8220; column_position=&#8220;default&#8220; gradient_direction=&#8220;left_to_right&#8220; overlay_strength=&#8220;0.3&#8243; width=&#8220;1\/1&#8243; tablet_width_inherit=&#8220;default&#8220; animation_type=&#8220;default&#8220; bg_image_animation=&#8220;none&#8220; border_type=&#8220;simple&#8220; column_border_width=&#8220;none&#8220; column_border_style=&#8220;solid&#8220;][tabbed_section style=&#8220;minimal_flexible&#8220; tab_color=&#8220;Accent-Color&#8220; vs_content_animation=&#8220;fade&#8220; vs_link_animation=&#8220;opacity&#8220; vs_navigation_alignment=&#8220;left&#8220; vs_navigation_width_2=&#8220;25%&#8220; vs_navigation_func=&#8220;default&#8220; vs_navigation_width=&#8220;regular&#8220; vs_navigation_spacing=&#8220;15px&#8220; vs_navigation_mobile_display=&#8220;visible&#8220; vs_tab_spacing=&#8220;5%&#8220; icon_size=&#8220;32&#8243;][tab icon_family=&#8220;none&#8220; title=&#8220;DESCRIPTION&#8220; id=&#8220;1746618737040-2&#8243; tab_id=&#8220;1746618737041-1&#8243;][vc_column_text css=&#8220;&#8220; text_direction=&#8220;default&#8220;]Bladerunner Jetboot-Abenteuer \u2013 Mallorcas Nr. 1 auf dem Meer<\/p>\n<p>Machen Sie sich bereit f\u00fcr zwei Stunden rasanten Nervenkitzel und unvergessliche Landschaften mit Bladerunner, Mallorcas bestbewertetem Jetboot-Erlebnis auf Tripadvisor. Steigen Sie an Bord eines leistungsstarken Schnellboots und d\u00fcsen Sie entlang der atemberaubenden Mittelmeerk\u00fcste \u2013 mit jeder Menge Adrenalin und Spa\u00df. Geleitet von einer freundlichen und professionellen Crew ist dieses Abenteuer perfekt f\u00fcr Familien, Paare oder Freundesgruppen.<br \/>\nKeine Vorkenntnisse erforderlich \u2013 die gesamte Ausr\u00fcstung wird gestellt \u2013 bringen Sie einfach Ihre Abenteuerlust mit![\/vc_column_text][\/tab][tab icon_family=&#8220;none&#8220; title=&#8220;LOCATION&#8220; id=&#8220;1746618737069-4&#8243; tab_id=&#8220;1746618737069-10&#8243;][vc_column_text css=&#8220;&#8220; text_direction=&#8220;default&#8220;]<iframe loading=\"lazy\" style=\"border: 0;\" src=\"https:\/\/www.google.com\/maps\/embed?pb=!1m18!1m12!1m3!1d3683.4994035341906!2d2.532921076393507!3d39.50845701041796!2m3!1f0!2f0!3f0!3m2!1i1024!2i768!4f13.1!3m3!1m2!1s0x1297892dceea41c7%3A0xb83097ad43bce70f!2sCarrer%20Caravel%C2%B7la%2C%201%2C%2007181%20Magaluf%2C%20Illes%20Balears!5e1!3m2!1ses!2ses!4v1746616865061!5m2!1ses!2ses\" width=\"100%\" height=\"450\" allowfullscreen=\"allowfullscreen\"><\/iframe>[\/vc_column_text][\/tab][tab icon_family=&#8220;none&#8220; title=&#8220;VIDEO&#8220; id=&#8220;1746618759012-1&#8243; tab_id=&#8220;1746618759013-5&#8243;][nectar_video_player_self_hosted video_mp4=&#8220;https:\/\/just-summer.com\/wp-content\/uploads\/2025\/05\/WhatsApp-Video-2025-05-05-at-17.29.52.mp4&#8243; player_functionality=&#8220;default&#8220; border_radius=&#8220;none&#8220; box_shadow=&#8220;none&#8220; advanced_gradient_display_type=&#8220;linear&#8220;][\/tab][tab icon_family=&#8220;none&#8220; title=&#8220;BASIC INFO&#8220; id=&#8220;1746618737092-4&#8243; tab_id=&#8220;1746618737093-2&#8243;][vc_column_text css=&#8220;&#8220; text_direction=&#8220;default&#8220;]<strong>Hier erwartet Sie:<\/strong><\/p>\n<p>\u2705 Weitere H\u00f6hlen zum Erkunden<br \/>\n\u2705 Stand-Up-Paddle-Boarding<br \/>\n\u2705 Schnorcheln (traditionelle Taucherbrille + Cressi Duke Vollgesichtsmasken)<br \/>\n\u2705 Sublue Unterwasser-Scooter<br \/>\n\u2705 Eiskalte Erfrischungsgetr\u00e4nke an Bord (Coca-Cola, Fanta, Wasser, Sprite)<\/p>\n<p><strong>\ud83d\udcb6 Preise:<\/strong><\/p>\n<ul>\n<li>Erwachsene: 70 \u20ac pro Person<\/li>\n<li>Kinder (5\u201316 Jahre): 65 \u20ac<\/li>\n<\/ul>\n[\/vc_column_text][\/tab][\/tabbed_section][\/vc_column][\/vc_row]\n","protected":false},"excerpt":{"rendered":"<p><strong>\ud83d\udea4 Bladerunner-Ausflug \u2013 2 Stunden K\u00fcstenabenteuer<\/strong><\/p>\n<p>Begleiten Sie uns auf eine unvergessliche Bootsfahrt vom Magaluf Beach Pier!<br \/>\nDieses zweist\u00fcndige Erlebnis umfasst zwei spannende Teile:<\/p>\n<ul>\n<li>Eine 35-min\u00fctige Fahrt entlang der 15 km langen, atemberaubenden K\u00fcste mit malerischen Orten und Meeresh\u00f6hlen.<\/li>\n<li>Ein 1 Stunde und 15 Minuten dauernder Halt in der wundersch\u00f6nen Bucht von Portals Vells mit drei Str\u00e4nden.<\/li>\n<\/ul>\n<p><strong>Hier erwarten Sie:<\/strong><\/p>\n<p>\u2705 Weitere H\u00f6hlen zum Erkunden<br \/>\n\u2705 Stand-Up-Paddle-Boarding<br \/>\n\u2705 Schnorcheln (traditionelle Taucherbrille + Cressi Duke Vollgesichtsmasken)<br \/>\n\u2705 Unterwasser-Scooter von Sublue<br \/>\n\u2705 Eiskalte Erfrischungsgetr\u00e4nke an Bord (Coca-Cola, Fanta, Wasser, Sprite)<\/p>\n<p><strong>\ud83d\udcb6 Preise:<\/strong><\/p>\n<ul>\n<li>Erwachsene: 70 \u20ac pro Person<\/li>\n<li>Kinder (5\u201316 Jahre): 65 \u20ac<\/li>\n<\/ul>\n<p>\ud83d\udc65 Maximale Kapazit\u00e4t: 12 Personen<br \/>\n\ud83d\udc76 Mindestalter: 5 Jahre<\/p>\n<p>\u26a0 Nicht empfohlen f\u00fcr Schwangere, Personen mit R\u00fccken-, Knie- oder Herzproblemen, eingeschr\u00e4nkter Mobilit\u00e4t, k\u00fcrzlich durchgef\u00fchrten Operationen, Seekrankheit oder einem K\u00f6rpergewicht \u00fcber 110 kg.<\/p>\n<p><strong>\ud83d\udd52 Verf\u00fcgbare Zeitfenster (2 Stunden)<\/strong><br \/>\n\u2022 12:00 \u2013 14:00 Uhr<br \/>\n\u2022 14:00 \u2013 16:00 Uhr<br \/>\n\u2022 16:00 \u2013 18:00 Uhr<\/p>\n[ninja_form id=1]\n","protected":false},"featured_media":3260,"template":"","meta":[],"product_brand":[],"product_cat":[67,70],"product_tag":[],"class_list":{"0":"post-3254","1":"product","2":"type-product","3":"status-publish","4":"has-post-thumbnail","6":"product_cat-boat-jetski-de","7":"product_cat-family-fun-de","9":"first","10":"instock","11":"shipping-taxable","12":"product-type-external"},"_links":{"self":[{"href":"https:\/\/just-summer.com\/de\/wp-json\/wp\/v2\/product\/3254","targetHints":{"allow":["GET"]}}],"collection":[{"href":"https:\/\/just-summer.com\/de\/wp-json\/wp\/v2\/product"}],"about":[{"href":"https:\/\/just-summer.com\/de\/wp-json\/wp\/v2\/types\/product"}],"wp:featuredmedia":[{"embeddable":true,"href":"https:\/\/just-summer.com\/de\/wp-json\/wp\/v2\/media\/3260"}],"wp:attachment":[{"href":"https:\/\/just-summer.com\/de\/wp-json\/wp\/v2\/media?parent=3254"}],"wp:term":[{"taxonomy":"product_brand","embeddable":true,"href":"https:\/\/just-summer.com\/de\/wp-json\/wp\/v2\/product_brand?post=3254"},{"taxonomy":"product_cat","embeddable":true,"href":"https:\/\/just-summer.com\/de\/wp-json\/wp\/v2\/product_cat?post=3254"},{"taxonomy":"product_tag","embeddable":true,"href":"https:\/\/just-summer.com\/de\/wp-json\/wp\/v2\/product_tag?post=3254"}],"curies":[{"name":"wp","href":"https:\/\/api.w.org\/{rel}","templated":true}]}}