{"id":3272,"date":"2025-05-07T11:39:52","date_gmt":"2025-05-07T11:39:52","guid":{"rendered":"https:\/\/just-summer.com\/?post_type=product&#038;p=3272"},"modified":"2025-05-07T11:49:08","modified_gmt":"2025-05-07T11:49:08","slug":"el-blade-boat-experience","status":"publish","type":"product","link":"https:\/\/just-summer.com\/de\/producto\/el-blade-boat-experience\/","title":{"rendered":"EL BLADE BOAT EXPERIENCE<h3> Preis ab: 700\u20ac<\/h3>"},"content":{"rendered":"[vc_row type=&#8220;full_width_background&#8220; full_screen_row_position=&#8220;middle&#8220; column_margin=&#8220;default&#8220; column_direction=&#8220;default&#8220; column_direction_tablet=&#8220;default&#8220; column_direction_phone=&#8220;default&#8220; bg_color=&#8220;rgba(222,196,159,0.11)&#8220; scene_position=&#8220;center&#8220; top_padding=&#8220;3%&#8220; constrain_group_1=&#8220;yes&#8220; bottom_padding=&#8220;3%&#8220; text_color=&#8220;dark&#8220; text_align=&#8220;left&#8220; row_border_radius=&#8220;none&#8220; row_border_radius_applies=&#8220;bg&#8220; overflow=&#8220;visible&#8220; overlay_strength=&#8220;0.3&#8243; gradient_direction=&#8220;left_to_right&#8220; shape_divider_position=&#8220;bottom&#8220; bg_image_animation=&#8220;none&#8220; shape_type=&#8220;&#8220; gradient_type=&#8220;default&#8220;][vc_column column_padding=&#8220;no-extra-padding&#8220; column_padding_tablet=&#8220;inherit&#8220; column_padding_phone=&#8220;inherit&#8220; column_padding_position=&#8220;all&#8220; column_element_direction_desktop=&#8220;default&#8220; column_element_spacing=&#8220;default&#8220; desktop_text_alignment=&#8220;default&#8220; tablet_text_alignment=&#8220;default&#8220; phone_text_alignment=&#8220;default&#8220; background_color_opacity=&#8220;1&#8243; background_hover_color_opacity=&#8220;1&#8243; column_backdrop_filter=&#8220;none&#8220; column_shadow=&#8220;none&#8220; column_border_radius=&#8220;none&#8220; column_link_target=&#8220;_self&#8220; column_position=&#8220;default&#8220; gradient_direction=&#8220;left_to_right&#8220; overlay_strength=&#8220;0.3&#8243; width=&#8220;1\/1&#8243; tablet_width_inherit=&#8220;default&#8220; animation_type=&#8220;default&#8220; bg_image_animation=&#8220;none&#8220; border_type=&#8220;simple&#8220; column_border_width=&#8220;none&#8220; column_border_style=&#8220;solid&#8220;][tabbed_section style=&#8220;minimal_flexible&#8220; tab_color=&#8220;Accent-Color&#8220; vs_content_animation=&#8220;fade&#8220; vs_link_animation=&#8220;opacity&#8220; vs_navigation_alignment=&#8220;left&#8220; vs_navigation_width_2=&#8220;25%&#8220; vs_navigation_func=&#8220;default&#8220; vs_navigation_width=&#8220;regular&#8220; vs_navigation_spacing=&#8220;15px&#8220; vs_navigation_mobile_display=&#8220;visible&#8220; vs_tab_spacing=&#8220;5%&#8220; icon_size=&#8220;32&#8243;][tab icon_family=&#8220;none&#8220; title=&#8220;DESCRIPTION&#8220; id=&#8220;1746618517474-4&#8243; tab_id=&#8220;1746618517475-10&#8243;][vc_column_text css=&#8220;&#8220; text_direction=&#8220;default&#8220;]El Blade \u2013 Stilvolles privates Bootserlebnis<\/p>\n<p>Kommen Sie an Bord der El Blade, einem eleganten und leistungsstarken Boot, und erleben Sie ein privates Seeabenteuer entlang der atemberaubenden Mittelmeerk\u00fcste. Dieses stilvolle Boot ist perfekt f\u00fcr Gruppen von Freunden oder Familien und bietet Komfort, Geschwindigkeit und unvergessliche Ausblicke.<\/p>\n<p>Fahren Sie durch kristallklares Wasser, entdecken Sie versteckte Buchten, schwimmen Sie in nat\u00fcrlichen H\u00f6hlen und genie\u00dfen Sie Entspannung und Spa\u00df in einem ganz pers\u00f6nlichen Ambiente. Die freundliche Atmosph\u00e4re und ein professioneller Kapit\u00e4n machen jeden Ausflug zu einem einzigartigen Erlebnis.[\/vc_column_text][\/tab][tab icon_family=&#8220;none&#8220; title=&#8220;LOCATION&#8220; id=&#8220;1746618517503-7&#8243; tab_id=&#8220;1746618517504-1&#8243;][vc_column_text css=&#8220;&#8220; text_direction=&#8220;default&#8220;]<iframe loading=\"lazy\" style=\"border: 0;\" src=\"https:\/\/www.google.com\/maps\/embed?pb=!1m18!1m12!1m3!1d7362.598016544072!2d2.5988048!3d39.549946399999996!2m3!1f0!2f0!3f0!3m2!1i1024!2i768!4f13.1!3m3!1m2!1s0x12978ddd5195e9b3%3A0xfc2fa952bbed7241!2sPort%20Calanova!5e1!3m2!1ses!2ses!4v1746618013299!5m2!1ses!2ses\" width=\"100%\" height=\"450\" allowfullscreen=\"allowfullscreen\"><\/iframe>[\/vc_column_text][\/tab][tab icon_family=&#8220;none&#8220; title=&#8220;BASIC INFO&#8220; id=&#8220;1746618517524-0&#8243; tab_id=&#8220;1746618517524-7&#8243;][vc_column_text css=&#8220;&#8220; text_direction=&#8220;default&#8220;]<strong>\ud83d\udcb6 Preise:<\/strong><\/p>\n<p>\u2022 4 Stunden: 700 \u20ac + Treibstoff (ca. 80\u201390 \u20ac)<br \/>\n\u2022 8 Stunden: 1.050 \u20ac + Treibstoff (ca. 180 \u20ac)<br \/>\n\ud83d\udc65 Maximale Kapazit\u00e4t: 10 G\u00e4ste + Kapit\u00e4n<br \/>\nTreibstoff wird nach der Fahrt bezahlt.<\/p>\n<p><strong>\ud83d\udd52 Charterplan<\/strong><\/p>\n<p>Halbtags (4 Stunden)<\/p>\n<ul>\n<li>Vormittags: 10:00\u201314:00 Uhr<\/li>\n<li>Nachmittags: 15:00\u201319:00 Uhr<br \/>\nGanztags (8 Stunden)<\/li>\n<li>Ganztags: 10:00\u201318:00 Uhr<\/li>\n<\/ul>\n[\/vc_column_text][\/tab][\/tabbed_section][\/vc_column][\/vc_row]\n","protected":false},"excerpt":{"rendered":"<p><strong>\u26f5 Privatcharter \u2013 El Blade Bootserlebnis (4 oder 8 Stunden)<\/strong><br \/>\nSegeln Sie zu einem privaten Abenteuer an Bord der El Blade. Abfahrt ist in der atemberaubenden Calanova Marina,<br \/>\nnahe Palma.<br \/>\nW\u00e4hlen Sie zwischen einem 4- oder 8-st\u00fcndigen Charter und erkunden Sie Mallorcas wundersch\u00f6ne K\u00fcste in Ihrem eigenen Tempo.<\/p>\n<p>\ud83c\udf0a Wir legen an malerischen Buchten an, wo Sie in kristallklares Wasser eintauchen, an lustigen Wasseraktivit\u00e4ten teilnehmen oder einfach bei einem k\u00fchlen Getr\u00e4nk an Deck entspannen k\u00f6nnen.<\/p>\n<p><strong>\ud83d\udca7 An Bord inklusive:<\/strong><\/p>\n<ul>\n<li>Professioneller Kapit\u00e4n<\/li>\n<li>Stand-Up-Paddle-Boards<\/li>\n<li>Schnorchelausr\u00fcstung (klassische und Cressi Duke Vollgesichtsmasken)<\/li>\n<li>Sublue Unterwasser-Scooter<\/li>\n<li>Sonnenliegen (vorne und hinten) + Sonnenschirm<\/li>\n<li>Dusche und WC<\/li>\n<li>Hochwertiges Soundsystem (eigene Playlist anschlie\u00dfen)<\/li>\n<li>Erfrischungsgetr\u00e4nke inklusive (Coca-Cola, Fanta, Wasser, Sprite)<\/li>\n<li>Bier und Wein mitbringen (keine Spirituosen erlaubt)<\/li>\n<\/ul>\n<p>\ud83c\udf7d Optionales Mittagessen: Bestellen Sie von der Bordkarte \u2013 direkt von der Strandbar ans Boot geliefert!<\/p>\n<p><strong>\ud83d\udcb6 Preise:<\/strong><\/p>\n<p>\u2022 4 Stunden: 700 \u20ac + Treibstoff (ca. 80\u201390 \u20ac)<br \/>\n\u2022 8 Stunden: 1.050 \u20ac + Treibstoff (ca. 180 \u20ac)<br \/>\n\ud83d\udc65 Maximale Kapazit\u00e4t: 10 G\u00e4ste + Kapit\u00e4n<br \/>\nTreibstoff wird nach der Fahrt bezahlt.<\/p>\n<p><strong>\ud83d\udd52 Charterplan<\/strong><\/p>\n<p>Halbtags (4 Stunden)<\/p>\n<ul>\n<li>Vormittags: 10:00\u201314:00 Uhr<\/li>\n<li>Nachmittags: 15:00\u201319:00 Uhr<br \/>\nGanztags (8 Stunden)<\/li>\n<li>Ganztags: 10:00\u201318:00 Uhr<\/li>\n<\/ul>\n[ninja_form id=1]\n","protected":false},"featured_media":3287,"template":"","meta":[],"product_brand":[],"product_cat":[67],"product_tag":[],"class_list":{"0":"post-3272","1":"product","2":"type-product","3":"status-publish","4":"has-post-thumbnail","6":"product_cat-boat-jetski-de","8":"first","9":"instock","10":"shipping-taxable","11":"product-type-external"},"_links":{"self":[{"href":"https:\/\/just-summer.com\/de\/wp-json\/wp\/v2\/product\/3272","targetHints":{"allow":["GET"]}}],"collection":[{"href":"https:\/\/just-summer.com\/de\/wp-json\/wp\/v2\/product"}],"about":[{"href":"https:\/\/just-summer.com\/de\/wp-json\/wp\/v2\/types\/product"}],"wp:featuredmedia":[{"embeddable":true,"href":"https:\/\/just-summer.com\/de\/wp-json\/wp\/v2\/media\/3287"}],"wp:attachment":[{"href":"https:\/\/just-summer.com\/de\/wp-json\/wp\/v2\/media?parent=3272"}],"wp:term":[{"taxonomy":"product_brand","embeddable":true,"href":"https:\/\/just-summer.com\/de\/wp-json\/wp\/v2\/product_brand?post=3272"},{"taxonomy":"product_cat","embeddable":true,"href":"https:\/\/just-summer.com\/de\/wp-json\/wp\/v2\/product_cat?post=3272"},{"taxonomy":"product_tag","embeddable":true,"href":"https:\/\/just-summer.com\/de\/wp-json\/wp\/v2\/product_tag?post=3272"}],"curies":[{"name":"wp","href":"https:\/\/api.w.org\/{rel}","templated":true}]}}