{"id":3496,"date":"2025-05-19T09:34:21","date_gmt":"2025-05-19T09:34:21","guid":{"rendered":"https:\/\/just-summer.com\/?post_type=product&#038;p=3496"},"modified":"2025-05-19T09:42:17","modified_gmt":"2025-05-19T09:42:17","slug":"palma-aquarium","status":"publish","type":"product","link":"https:\/\/just-summer.com\/de\/producto\/palma-aquarium\/","title":{"rendered":"AQUARIUM<h3> Preis ab: 23\u20ac<\/h3>"},"content":{"rendered":"[vc_row type=&#8220;full_width_background&#8220; full_screen_row_position=&#8220;middle&#8220; column_margin=&#8220;default&#8220; column_direction=&#8220;default&#8220; column_direction_tablet=&#8220;default&#8220; column_direction_phone=&#8220;default&#8220; bg_color=&#8220;rgba(222,196,159,0.11)&#8220; scene_position=&#8220;center&#8220; top_padding=&#8220;3%&#8220; constrain_group_1=&#8220;yes&#8220; bottom_padding=&#8220;3%&#8220; text_color=&#8220;dark&#8220; text_align=&#8220;left&#8220; row_border_radius=&#8220;none&#8220; row_border_radius_applies=&#8220;bg&#8220; overflow=&#8220;visible&#8220; overlay_strength=&#8220;0.3&#8243; gradient_direction=&#8220;left_to_right&#8220; shape_divider_position=&#8220;bottom&#8220; bg_image_animation=&#8220;none&#8220; shape_type=&#8220;&#8220; gradient_type=&#8220;default&#8220;][vc_column column_padding=&#8220;no-extra-padding&#8220; column_padding_tablet=&#8220;inherit&#8220; column_padding_phone=&#8220;inherit&#8220; column_padding_position=&#8220;all&#8220; column_element_direction_desktop=&#8220;default&#8220; column_element_spacing=&#8220;default&#8220; desktop_text_alignment=&#8220;default&#8220; tablet_text_alignment=&#8220;default&#8220; phone_text_alignment=&#8220;default&#8220; background_color_opacity=&#8220;1&#8243; background_hover_color_opacity=&#8220;1&#8243; column_backdrop_filter=&#8220;none&#8220; column_shadow=&#8220;none&#8220; column_border_radius=&#8220;none&#8220; column_link_target=&#8220;_self&#8220; column_position=&#8220;default&#8220; gradient_direction=&#8220;left_to_right&#8220; overlay_strength=&#8220;0.3&#8243; width=&#8220;1\/1&#8243; tablet_width_inherit=&#8220;default&#8220; animation_type=&#8220;default&#8220; bg_image_animation=&#8220;none&#8220; border_type=&#8220;simple&#8220; column_border_width=&#8220;none&#8220; column_border_style=&#8220;solid&#8220;][tabbed_section style=&#8220;minimal_flexible&#8220; tab_color=&#8220;Accent-Color&#8220; vs_content_animation=&#8220;fade&#8220; vs_link_animation=&#8220;opacity&#8220; vs_navigation_alignment=&#8220;left&#8220; vs_navigation_width_2=&#8220;25%&#8220; vs_navigation_func=&#8220;default&#8220; vs_navigation_width=&#8220;regular&#8220; vs_navigation_spacing=&#8220;15px&#8220; vs_navigation_mobile_display=&#8220;visible&#8220; vs_tab_spacing=&#8220;5%&#8220; icon_size=&#8220;32&#8243;][tab icon_family=&#8220;none&#8220; title=&#8220;WAS IST INBEGRIFFEN&#8220; id=&#8220;1747647647760-1&#8243; tab_id=&#8220;1747647647761-8&#8243;][vc_column_text css=&#8220;&#8220; text_direction=&#8220;default&#8220;]\n<ul>\n<li>Voller Zugang zum Palma Aquarium<\/li>\n<li>Eintritt ins 3D-Kino Aquadome<\/li>\n<li>Film: Wale \u2013 Giganten der Meere<\/li>\n<li>Zugang zum Au\u00dfenspielbereich f\u00fcr Kinder<\/li>\n<li>Zugang zum Kunstaquarium<\/li>\n<\/ul>\n[\/vc_column_text][\/tab][tab icon_family=&#8220;none&#8220; title=&#8220;BESCHREIBUNG&#8220; id=&#8220;1747647647787-7&#8243; tab_id=&#8220;1747647647787-9&#8243;][vc_column_text css=&#8220;&#8220; text_direction=&#8220;default&#8220;]Entdecke das Leben in den Tiefen der Ozeane!<\/p>\n<p>Das Palma Aquarium ist ein wahrer Meerespark, in dem du die Sch\u00e4tze der Unterwasserwelt entdecken kannst \u2013 perfekt f\u00fcr Familien und Erwachsene.<\/p>\n<p>Erfahre alles Faszinierende \u00fcber das Meeresleben von unseren Meeresexperten bei t\u00e4glichen Begegnungen, Vortr\u00e4gen, F\u00fctterungen usw.<br \/>\nEntdecke die Wunder des Mittelmeers und entdecke eine weltweit einzigartige Ausstellung lebender Korallen.<\/p>\n<p>\u2e3b<\/p>\n<p>Lass dich von den Haien im Big Blue, dem tiefsten Haifischbecken Europas, beeindrucken.<br \/>\nSchlendere durch die weitl\u00e4ufigen mediterranen G\u00e4rten und wage dich in den Dschungel.<br \/>\nKinder haben Spa\u00df in den Kinderbereichen, auf dem Piratenschiff im Freien und im Nautilus-Park im Innenbereich.<\/p>\n<p>Erlebe echte Abenteuer: Shark Vision Boat, Backstage-Tour, 3D-Kino, Aquadome mit Walen, Schnorcheln mit Rochen usw.<\/p>\n<p>Erfahre mehr \u00fcber unsere Meeresschutzprojekte und unser Meeresforschungszentrum.<br \/>\nBewundere die Sch\u00f6nheit unserer Ozeane und trage dazu bei, das Bewusstsein f\u00fcr die Bedeutung von Wertsch\u00e4tzung, Respekt und Schutz der Umwelt zu st\u00e4rken. Tauchen Sie ein in ein au\u00dfergew\u00f6hnliches Meereserlebnis![\/vc_column_text][\/tab][tab icon_family=&#8220;none&#8220; title=&#8220;STANDORT&#8220; id=&#8220;1747647647806-10&#8243; tab_id=&#8220;1747647647807-1&#8243;][vc_column_text css=&#8220;&#8220; text_direction=&#8220;default&#8220;]<iframe loading=\"lazy\" style=\"border: 0;\" src=\"https:\/\/www.google.com\/maps\/embed?pb=!1m18!1m12!1m3!1d3321.668696859083!2d2.726954276075208!3d39.531378309048364!2m3!1f0!2f0!3f0!3m2!1i1024!2i768!4f13.1!3m3!1m2!1s0x1297969cfbd5a3d1%3A0x2bdad6add74d4b33!2sPalma%20Aquarium!5e1!3m2!1ses!2sve!4v1743429939447!5m2!1ses!2sve\" width=\"100%\" height=\"450\" allowfullscreen=\"allowfullscreen\"><\/iframe>[\/vc_column_text][\/tab][tab icon_family=&#8220;none&#8220; title=&#8220;INFORMATIONEN&#8220; id=&#8220;1747647647822-7&#8243; tab_id=&#8220;1747647647822-8&#8243;][vc_column_text css=&#8220;&#8220; text_direction=&#8220;default&#8220;]Gut zu wissen:<br \/>\n\u2022 Das 3D-Kino hat eine begrenzte Kapazit\u00e4t \u2013 reservieren Sie Ihren Termin an den Kiosken im Park.<br \/>\n\u2022 Geeignet f\u00fcr Kinder ab 3 Jahren (Kinder m\u00fcssen von einem Erwachsenen begleitet werden).<br \/>\n\u2022 Spielzeiten im Park und auf der offiziellen Website verf\u00fcgbar.<\/p>\n<p>Preise:<br \/>\n\u2022 Erwachsene: 34,00 \u20ac<br \/>\n\u2022 Kinder (3\u201312 Jahre): 23,00 \u20ac<br \/>\n\u2022 Senioren (65+): 30,50 \u20ac[\/vc_column_text][\/tab][\/tabbed_section][\/vc_column][\/vc_row]\n","protected":false},"excerpt":{"rendered":"<p>\ud83c\udf0a Entdecken Sie die Weltmeere im Palma Aquarium<\/p>\n<p>Reisen Sie durch alle Weltmeere \u2013 ohne Mallorca zu verlassen!<br \/>\nEntdecken Sie die Magie der Meereswelt bei einem unvergesslichen Erlebnis f\u00fcr Jung und Alt.<\/p>\n","protected":false},"featured_media":3464,"template":"","meta":[],"product_brand":[],"product_cat":[70],"product_tag":[],"class_list":{"0":"post-3496","1":"product","2":"type-product","3":"status-publish","4":"has-post-thumbnail","6":"product_cat-family-fun-de","8":"first","9":"instock","10":"shipping-taxable","11":"product-type-external"},"_links":{"self":[{"href":"https:\/\/just-summer.com\/de\/wp-json\/wp\/v2\/product\/3496","targetHints":{"allow":["GET"]}}],"collection":[{"href":"https:\/\/just-summer.com\/de\/wp-json\/wp\/v2\/product"}],"about":[{"href":"https:\/\/just-summer.com\/de\/wp-json\/wp\/v2\/types\/product"}],"wp:featuredmedia":[{"embeddable":true,"href":"https:\/\/just-summer.com\/de\/wp-json\/wp\/v2\/media\/3464"}],"wp:attachment":[{"href":"https:\/\/just-summer.com\/de\/wp-json\/wp\/v2\/media?parent=3496"}],"wp:term":[{"taxonomy":"product_brand","embeddable":true,"href":"https:\/\/just-summer.com\/de\/wp-json\/wp\/v2\/product_brand?post=3496"},{"taxonomy":"product_cat","embeddable":true,"href":"https:\/\/just-summer.com\/de\/wp-json\/wp\/v2\/product_cat?post=3496"},{"taxonomy":"product_tag","embeddable":true,"href":"https:\/\/just-summer.com\/de\/wp-json\/wp\/v2\/product_tag?post=3496"}],"curies":[{"name":"wp","href":"https:\/\/api.w.org\/{rel}","templated":true}]}}