{"id":3555,"date":"2025-05-30T10:19:10","date_gmt":"2025-05-30T10:19:10","guid":{"rendered":"https:\/\/just-summer.com\/?post_type=product&#038;p=3555"},"modified":"2025-05-30T10:28:03","modified_gmt":"2025-05-30T10:28:03","slug":"tapas-local-vibes","status":"publish","type":"product","link":"https:\/\/just-summer.com\/de\/producto\/tapas-local-vibes\/","title":{"rendered":"Tapas &#038; lokales Flair \u2013 Entdecken Sie Palma bei Nacht<h3> Preis: 70 \u20ac pro Person<\/h3>"},"content":{"rendered":"[vc_row type=&#8220;full_width_background&#8220; full_screen_row_position=&#8220;middle&#8220; column_margin=&#8220;default&#8220; column_direction=&#8220;default&#8220; column_direction_tablet=&#8220;default&#8220; column_direction_phone=&#8220;default&#8220; bg_color=&#8220;rgba(222,196,159,0.11)&#8220; scene_position=&#8220;center&#8220; top_padding=&#8220;3%&#8220; constrain_group_1=&#8220;yes&#8220; bottom_padding=&#8220;3%&#8220; text_color=&#8220;dark&#8220; text_align=&#8220;left&#8220; row_border_radius=&#8220;none&#8220; row_border_radius_applies=&#8220;bg&#8220; overflow=&#8220;visible&#8220; overlay_strength=&#8220;0.3&#8243; gradient_direction=&#8220;left_to_right&#8220; shape_divider_position=&#8220;bottom&#8220; bg_image_animation=&#8220;none&#8220; shape_type=&#8220;&#8220; gradient_type=&#8220;default&#8220;][vc_column column_padding=&#8220;no-extra-padding&#8220; column_padding_tablet=&#8220;inherit&#8220; column_padding_phone=&#8220;inherit&#8220; column_padding_position=&#8220;all&#8220; column_element_direction_desktop=&#8220;default&#8220; column_element_spacing=&#8220;default&#8220; desktop_text_alignment=&#8220;default&#8220; tablet_text_alignment=&#8220;default&#8220; phone_text_alignment=&#8220;default&#8220; background_color_opacity=&#8220;1&#8243; background_hover_color_opacity=&#8220;1&#8243; column_backdrop_filter=&#8220;none&#8220; column_shadow=&#8220;none&#8220; column_border_radius=&#8220;none&#8220; column_link_target=&#8220;_self&#8220; column_position=&#8220;default&#8220; gradient_direction=&#8220;left_to_right&#8220; overlay_strength=&#8220;0.3&#8243; width=&#8220;1\/1&#8243; tablet_width_inherit=&#8220;default&#8220; animation_type=&#8220;default&#8220; bg_image_animation=&#8220;none&#8220; border_type=&#8220;simple&#8220; column_border_width=&#8220;none&#8220; column_border_style=&#8220;solid&#8220;][tabbed_section style=&#8220;minimal_flexible&#8220; tab_color=&#8220;Accent-Color&#8220; vs_content_animation=&#8220;fade&#8220; vs_link_animation=&#8220;opacity&#8220; vs_navigation_alignment=&#8220;left&#8220; vs_navigation_width_2=&#8220;25%&#8220; vs_navigation_func=&#8220;default&#8220; vs_navigation_width=&#8220;regular&#8220; vs_navigation_spacing=&#8220;15px&#8220; vs_navigation_mobile_display=&#8220;visible&#8220; vs_tab_spacing=&#8220;5%&#8220; icon_size=&#8220;32&#8243;][tab icon_family=&#8220;none&#8220; title=&#8220;WAS IST INBEGRIFFEN&#8220; id=&#8220;1748600774919-10&#8243; tab_id=&#8220;1748600774920-7&#8243;][vc_column_text css=&#8220;&#8220; text_direction=&#8220;default&#8220;]\u2728 Was Sie erwartet:<br \/>\n* \ud83e\udd58 3 Gourmet-Stopps mit k\u00f6stlichen Tapas, Pinchos und warmen Gerichten<br \/>\n* \ud83c\udf77 1 Getr\u00e4nk an jedem Stopp (Wein, Bier oder Softdrinks)<br \/>\n* \ud83c\udf6e Ein s\u00fc\u00dfes mallorquinisches Dessert unterwegs<br \/>\n* \ud83d\uddfa\ufe0f Ein ortskundiger Guide verr\u00e4t Ihnen Kultur, Geheimtipps und Tipps<br \/>\n* \ud83d\udc83 Optionaler Abendausflug nach der Tour[\/vc_column_text][\/tab][tab icon_family=&#8220;none&#8220; title=&#8220;BESCHREIBUNG&#8220; id=&#8220;1748600774954-8&#8243; tab_id=&#8220;1748600774954-3&#8243;][vc_column_text css=&#8220;&#8220; text_direction=&#8220;default&#8220;]Erkunden Sie das Herz Palmas bei einem geschmackvollen Rundgang durch die Altstadt und die lebhaften Tapas-Bars.<br \/>\nErleben Sie Mallorca auf authentische Weise \u2013 mit Essen, Getr\u00e4nken, Geschichten und entspannter Atmosph\u00e4re.<\/p>\n<p>\ud83d\udd52 Tourdauer: ca. 3 Stunden<br \/>\n* \ud83d\udcb8 Preis: 70 \u20ac pro Person<br \/>\n* \ud83d\udcb6 Anzahlung: 14 \u20ac (Restbetrag am Tag der Tour)<br \/>\n\ud83d\udce9 Nach Best\u00e4tigung Ihrer Zahlung erhalten Sie eine E-Mail mit dem genauen Treffpunkt.[\/vc_column_text][\/tab][tab icon_family=&#8220;none&#8220; title=&#8220;STANDORT&#8220; id=&#8220;1748600774978-8&#8243; tab_id=&#8220;1748600774978-4&#8243;][vc_column_text css=&#8220;&#8220; text_direction=&#8220;default&#8220;]<iframe loading=\"lazy\" style=\"border: 0;\" src=\"https:\/\/www.google.com\/maps\/embed?pb=!1m18!1m12!1m3!1d581.6731768272169!2d2.651556342890367!3d39.57100437213722!2m3!1f0!2f0!3f0!3m2!1i1024!2i768!4f13.1!3m3!1m2!1s0x12979338e1723109%3A0x923c2b65bc9b2697!2sPopeyes%20Famous%20Louisiana%20Chicken!5e1!3m2!1ses!2ses!4v1748600715816!5m2!1ses!2ses\" width=\"100%\" height=\"450\" allowfullscreen=\"allowfullscreen\"><\/iframe>[\/vc_column_text][\/tab][tab icon_family=&#8220;none&#8220; title=&#8220;GRUNDLEGENDE INFORMATIONEN&#8220; id=&#8220;1748600775005-4&#8243; tab_id=&#8220;1748600775006-7&#8243;][vc_column_text css=&#8220;&#8220; text_direction=&#8220;default&#8220;]\ud83d\udccc Kurzinfo:<br \/>\n* \ud83d\udccd Ort: Palma Altstadt<br \/>\n* \ud83d\udc65 Gruppengr\u00f6\u00dfe: Klein und gem\u00fctlich<br \/>\n* \ud83d\udcc5 Buchung: Mindestens 1 Tag im Voraus<br \/>\n* \u2757 Cocktails nicht in den Getr\u00e4nkeoptionen enthalten<\/p>\n<p>\u2e3b<\/p>\n<p>Dieses Erlebnis ist perfekt f\u00fcr:<br \/>\n\u2714\ufe0f Reisende, die ein lokales Flair suchen<br \/>\n\u2714\ufe0f Geburtstagsgruppen oder kleine Feiern<br \/>\n\u2714\ufe0f Freunde oder Alleinreisende, die neue Leute kennenlernen m\u00f6chten<br \/>\n\u2714\ufe0f Alle, die gutes Essen, lockere Atmosph\u00e4re und die M\u00f6glichkeit genie\u00dfen, eine neue Stadt auf entspannte und gesellige Weise zu entdecken[\/vc_column_text][\/tab][\/tabbed_section][\/vc_column][\/vc_row]\n","protected":false},"excerpt":{"rendered":"<p>\ud83c\udf77 Tapas &amp; lokales Flair \u2013 Palma bei Nacht entdecken<\/p>\n<p>Erkunden Sie das Herz Palmas bei einem geschmackvollen Rundgang durch die Altstadt und die lebhaften Tapas-Bars.<br \/>\nErleben Sie Mallorca auf authentische Weise \u2013 mit Essen, Getr\u00e4nken, Geschichten und entspannter Atmosph\u00e4re.<\/p>\n<p>\ud83d\udd52 Tourdauer: ca. 3 Stunden<br \/>\n* \ud83d\udcb8 Preis: 70 \u20ac pro Person<br \/>\n* \ud83d\udcb6 Anzahlung: 14 \u20ac (Restbetrag am Tag der Tour)<br \/>\n\ud83d\udce9 Nach Zahlungseingang erhalten Sie eine E-Mail mit dem genauen Treffpunkt.<\/p>\n<p>\u2e3b<\/p>\n<p>\u2728 Was Sie erwartet:<br \/>\n* \ud83e\udd58 3 Gourmet-Stopps mit leckeren Tapas, Pinchos und warmen Gerichten<br \/>\n* \ud83c\udf77 1 Getr\u00e4nk an jedem Stopp (Wein, Bier oder Softdrinks)<br \/>\n* \ud83c\udf6e Ein s\u00fc\u00dfes mallorquinisches Dessert unterwegs<br \/>\n* \ud83d\uddfa\ufe0f Ein ortskundiger Guide erz\u00e4hlt Ihnen Kultur, versteckte Orte und Empfehlungen<br \/>\n* \ud83d\udc83 Optionaler Abendausflug nach der Tour<\/p>\n<p>\u2e3b<\/p>\n<p>\ud83d\udccc Kurzinfo:<br \/>\n* \ud83d\udccd Ort: Palma Altstadt<br \/>\n* \ud83d\udc65 Gruppengr\u00f6\u00dfe: Klein und gem\u00fctlich<br \/>\n* \ud83d\udcc5 Buchung: Mindestens 1 Tag im Voraus<br \/>\n* \u2757 Cocktails nicht in den Getr\u00e4nkeoptionen enthalten<\/p>\n<p>\u2e3b<\/p>\n<p>Dieses Erlebnis ist perfekt f\u00fcr:<br \/>\n\u2714\ufe0f Reisende, die einen lokalen Touch suchen<br \/>\n\u2714\ufe0f Geburtstagsgruppen oder kleine Feiern<br \/>\n\u2714\ufe0f Freunde oder Alleinreisende, die neue Leute kennenlernen m\u00f6chten<br \/>\n\u2714\ufe0f Alle, die gutes Essen, lockere Atmosph\u00e4re und die M\u00f6glichkeit genie\u00dfen, eine neue Stadt auf entspannte und gesellige Weise zu entdecken<\/p>\n","protected":false},"featured_media":3573,"template":"","meta":[],"product_brand":[],"product_cat":[73],"product_tag":[],"class_list":{"0":"post-3555","1":"product","2":"type-product","3":"status-publish","4":"has-post-thumbnail","6":"product_cat-adult-fun-de","8":"first","9":"instock","10":"virtual","11":"purchasable","12":"product-type-simple"},"_links":{"self":[{"href":"https:\/\/just-summer.com\/de\/wp-json\/wp\/v2\/product\/3555","targetHints":{"allow":["GET"]}}],"collection":[{"href":"https:\/\/just-summer.com\/de\/wp-json\/wp\/v2\/product"}],"about":[{"href":"https:\/\/just-summer.com\/de\/wp-json\/wp\/v2\/types\/product"}],"wp:featuredmedia":[{"embeddable":true,"href":"https:\/\/just-summer.com\/de\/wp-json\/wp\/v2\/media\/3573"}],"wp:attachment":[{"href":"https:\/\/just-summer.com\/de\/wp-json\/wp\/v2\/media?parent=3555"}],"wp:term":[{"taxonomy":"product_brand","embeddable":true,"href":"https:\/\/just-summer.com\/de\/wp-json\/wp\/v2\/product_brand?post=3555"},{"taxonomy":"product_cat","embeddable":true,"href":"https:\/\/just-summer.com\/de\/wp-json\/wp\/v2\/product_cat?post=3555"},{"taxonomy":"product_tag","embeddable":true,"href":"https:\/\/just-summer.com\/de\/wp-json\/wp\/v2\/product_tag?post=3555"}],"curies":[{"name":"wp","href":"https:\/\/api.w.org\/{rel}","templated":true}]}}