{"id":3763,"date":"2025-07-08T08:32:21","date_gmt":"2025-07-08T08:32:21","guid":{"rendered":"https:\/\/just-summer.com\/?post_type=product&#038;p=3763"},"modified":"2025-08-01T20:39:53","modified_gmt":"2025-08-01T20:39:53","slug":"private-charter-bayliner-vr5","status":"publish","type":"product","link":"https:\/\/just-summer.com\/de\/producto\/private-charter-bayliner-vr5\/","title":{"rendered":"Private charter Bayliner VR5<h3> Price from: 400\u20ac<\/h3>"},"content":{"rendered":"[vc_row type=&#8220;full_width_background&#8220; full_screen_row_position=&#8220;middle&#8220; column_margin=&#8220;default&#8220; column_direction=&#8220;default&#8220; column_direction_tablet=&#8220;default&#8220; column_direction_phone=&#8220;default&#8220; bg_color=&#8220;rgba(222,196,159,0.11)&#8220; scene_position=&#8220;center&#8220; top_padding=&#8220;3%&#8220; constrain_group_1=&#8220;yes&#8220; bottom_padding=&#8220;3%&#8220; text_color=&#8220;dark&#8220; text_align=&#8220;left&#8220; row_border_radius=&#8220;none&#8220; row_border_radius_applies=&#8220;bg&#8220; overflow=&#8220;visible&#8220; overlay_strength=&#8220;0.3&#8243; gradient_direction=&#8220;left_to_right&#8220; shape_divider_position=&#8220;bottom&#8220; bg_image_animation=&#8220;none&#8220; shape_type=&#8220;&#8220; gradient_type=&#8220;default&#8220;][vc_column column_padding=&#8220;no-extra-padding&#8220; column_padding_tablet=&#8220;inherit&#8220; column_padding_phone=&#8220;inherit&#8220; column_padding_position=&#8220;all&#8220; column_element_direction_desktop=&#8220;default&#8220; column_element_spacing=&#8220;default&#8220; desktop_text_alignment=&#8220;default&#8220; tablet_text_alignment=&#8220;default&#8220; phone_text_alignment=&#8220;default&#8220; background_color_opacity=&#8220;1&#8243; background_hover_color_opacity=&#8220;1&#8243; column_backdrop_filter=&#8220;none&#8220; column_shadow=&#8220;none&#8220; column_border_radius=&#8220;none&#8220; column_link_target=&#8220;_self&#8220; column_position=&#8220;default&#8220; gradient_direction=&#8220;left_to_right&#8220; overlay_strength=&#8220;0.3&#8243; width=&#8220;1\/1&#8243; tablet_width_inherit=&#8220;default&#8220; animation_type=&#8220;default&#8220; bg_image_animation=&#8220;none&#8220; border_type=&#8220;simple&#8220; column_border_width=&#8220;none&#8220; column_border_style=&#8220;solid&#8220;][tabbed_section style=&#8220;minimal_flexible&#8220; tab_color=&#8220;Accent-Color&#8220; vs_content_animation=&#8220;fade&#8220; vs_link_animation=&#8220;opacity&#8220; vs_navigation_alignment=&#8220;left&#8220; vs_navigation_width_2=&#8220;25%&#8220; vs_navigation_func=&#8220;default&#8220; vs_navigation_width=&#8220;regular&#8220; vs_navigation_spacing=&#8220;15px&#8220; vs_navigation_mobile_display=&#8220;visible&#8220; vs_tab_spacing=&#8220;5%&#8220; icon_size=&#8220;32&#8243;][tab icon_family=&#8220;none&#8220; title=&#8220;WHAT&#8217;S INCLUDED&#8220; id=&#8220;1751967799993-7&#8243; tab_id=&#8220;1751967799994-10&#8243;][vc_column_text css=&#8220;&#8220; text_direction=&#8220;default&#8220;]\u2022 Professioneller Skipper \ud83d\udc68\u2708<br \/>\n\u2022 Treibstoff \u26fd<br \/>\n\u2022 Musikanlage \ud83c\udfb6<br \/>\n\u2022 K\u00fchlbox \ud83e\uddca<br \/>\n\u2022 Passagierversicherung \ud83d\ude91<br \/>\n\u2022 Dusche \ud83d\udebf<br \/>\n\u2022 Schnorchelausr\u00fcstung \ud83e\udd3f<br \/>\n\u2022 Schwimmnudeln \ud83e\udd62[\/vc_column_text][\/tab][tab icon_family=&#8220;none&#8220; title=&#8220;DESCRIPTION&#8220; id=&#8220;1751967800025-9&#8243; tab_id=&#8220;1751967800025-7&#8243;][vc_column_text css=&#8220;&#8220; text_direction=&#8220;default&#8220;]Entdecken Sie Mallorca vom Meer aus![\/vc_column_text][\/tab][tab icon_family=&#8220;none&#8220; title=&#8220;LOCATION&#8220; id=&#8220;1751967800040-5&#8243; tab_id=&#8220;1751967800040-4&#8243;][vc_column_text css=&#8220;&#8220; text_direction=&#8220;default&#8220;]<iframe loading=\"lazy\" style=\"border: 0;\" src=\"https:\/\/www.google.com\/maps\/embed?pb=!1m18!1m12!1m3!1d7366.618379538201!2d2.4647554763936395!3d39.512045010203494!2m3!1f0!2f0!3f0!3m2!1i1024!2i768!4f13.1!3m3!1m2!1s0x129789cf65718de9%3A0x7cdb2506b307f6de!2sClub%20Nautico%20Santa%20Pon%C3%A7a!5e1!3m2!1ses!2ses!4v1751963699944!5m2!1ses!2ses\" width=\"100%\" height=\"450\" allowfullscreen=\"allowfullscreen\"><\/iframe>[\/vc_column_text][\/tab][tab icon_family=&#8220;none&#8220; title=&#8220;BASIC INFO&#8220; id=&#8220;1751967800058-10&#8243; tab_id=&#8220;1751967800058-8&#8243;][vc_column_text css=&#8220;&#8220; text_direction=&#8220;default&#8220;]\ud83c\udf0a OPTION 1 \u2013 Private Tour mit Kapit\u00e4n<br \/>\nPreise \ud83d\udcb5<br \/>\n\u2022 3 Stunden \u2013 400 \u20ac (80 \u20ac Anzahlung zur Reservierung)<br \/>\n\u2022 4 Stunden \u2013 500 \u20ac (100 \u20ac Anzahlung zur Reservierung)<br \/>\n\u2022 5 Stunden \u2013 600 \u20ac (120 \u20ac Anzahlung zur Reservierung)<\/p>\n<p>Inklusive:<br \/>\n\u2022 Professioneller Skipper \ud83d\udc68\u2708<br \/>\n\u2022 Treibstoff \u26fd<br \/>\n\u2022 Musikanlage \ud83c\udfb6<br \/>\n\u2022 K\u00fchlbox \ud83e\uddca<br \/>\n\u2022 Passagierversicherung \ud83d\ude91<br \/>\n\u2022 Dusche \ud83d\udebf<br \/>\n\u2022 Schnorchelausr\u00fcstung \ud83e\udd3f<br \/>\n\u2022 Schwimmnudeln \ud83e\udd62<\/p>\n<p>\u2693 OPTION 2 \u2013 Bareboat-Miete<br \/>\n(Treibstoff nicht inbegriffen)<br \/>\nG\u00fcltiger Bootsf\u00fchrerschein f\u00fcr Boote ab 7 Metern L\u00e4nge erforderlich.<br \/>\n\u2022 4 Stunden \u2013 450 \u20ac (90 \u20ac Anzahlung zur Reservierung)<br \/>\n\u2022 8 Stunden \u2013 750 \u20ac (120 \u20ac Anzahlung zur Reservierung)<\/p>\n<p>\u2757 500 \u20ac Kaution in bar erforderlich \ud83d\udcb4 \ud83d\udcb5 \ud83d\udcb6 \ud83d\udcb7<br \/>\n\u2757 Treibstoff ist nicht im Preis inbegriffen.<\/p>\n<p>\ud83d\udc68\u2708 Kapit\u00e4nsservice (bei Bareboat-Anmietungen)<br \/>\n\u2022 4 Stunden \u2013 100 \u20ac<br \/>\n\u2022 8 Stunden \u2013 150 \u20ac[\/vc_column_text][\/tab][\/tabbed_section][\/vc_column][\/vc_row]\n","protected":false},"excerpt":{"rendered":"<p>\ud83c\udf0a OPTION 1 \u2013 Private Tour mit Kapit\u00e4n<br \/>\nPreise \ud83d\udcb5<br \/>\n\u2022 3 Stunden \u2013 400 \u20ac (80 \u20ac Anzahlung zur Reservierung)<br \/>\n\u2022 4 Stunden \u2013 500 \u20ac (100 \u20ac Anzahlung zur Reservierung)<br \/>\n\u2022 5 Stunden \u2013 600 \u20ac (120 \u20ac Anzahlung zur Reservierung)<\/p>\n<p>\u2693 OPTION 2 \u2013 Bareboat-Miete<br \/>\n(Treibstoff nicht inbegriffen)<br \/>\nG\u00fcltiger Bootsf\u00fchrerschein f\u00fcr Boote ab 7 Metern L\u00e4nge erforderlich.<br \/>\n\u2022 4 Stunden \u2013 450 \u20ac (90 \u20ac Anzahlung zur Reservierung)<br \/>\n\u2022 8 Stunden \u2013 750 \u20ac (120 \u20ac Anzahlung zur Reservierung)<\/p>\n<p>\u2757 500 \u20ac Kaution in bar erforderlich \ud83d\udcb4 \ud83d\udcb5 \ud83d\udcb6 \ud83d\udcb7<br \/>\n\u2757 Treibstoff ist nicht im Preis inbegriffen.<\/p>\n<p>\ud83d\udc68\u2708 Kapit\u00e4nsservice (bei Bareboat-Anmietungen)<br \/>\n\u2022 4 Stunden \u2013 100 \u20ac<br \/>\n\u2022 8 Stunden \u2013 150 \u20ac<\/p>\n[ninja_form id=1]\n","protected":false},"featured_media":3772,"template":"","meta":[],"product_brand":[],"product_cat":[67],"product_tag":[],"class_list":{"0":"post-3763","1":"product","2":"type-product","3":"status-publish","4":"has-post-thumbnail","6":"product_cat-boat-jetski-de","8":"first","9":"instock","10":"shipping-taxable","11":"product-type-external"},"_links":{"self":[{"href":"https:\/\/just-summer.com\/de\/wp-json\/wp\/v2\/product\/3763","targetHints":{"allow":["GET"]}}],"collection":[{"href":"https:\/\/just-summer.com\/de\/wp-json\/wp\/v2\/product"}],"about":[{"href":"https:\/\/just-summer.com\/de\/wp-json\/wp\/v2\/types\/product"}],"wp:featuredmedia":[{"embeddable":true,"href":"https:\/\/just-summer.com\/de\/wp-json\/wp\/v2\/media\/3772"}],"wp:attachment":[{"href":"https:\/\/just-summer.com\/de\/wp-json\/wp\/v2\/media?parent=3763"}],"wp:term":[{"taxonomy":"product_brand","embeddable":true,"href":"https:\/\/just-summer.com\/de\/wp-json\/wp\/v2\/product_brand?post=3763"},{"taxonomy":"product_cat","embeddable":true,"href":"https:\/\/just-summer.com\/de\/wp-json\/wp\/v2\/product_cat?post=3763"},{"taxonomy":"product_tag","embeddable":true,"href":"https:\/\/just-summer.com\/de\/wp-json\/wp\/v2\/product_tag?post=3763"}],"curies":[{"name":"wp","href":"https:\/\/api.w.org\/{rel}","templated":true}]}}