{"id":3685,"date":"2025-04-03T08:19:39","date_gmt":"2025-04-03T08:19:39","guid":{"rendered":"https:\/\/just-summer.com\/cookies\/"},"modified":"2025-06-23T08:04:12","modified_gmt":"2025-06-23T08:04:12","slug":"cookies","status":"publish","type":"page","link":"https:\/\/just-summer.com\/fr\/cookies\/","title":{"rendered":"cookies"},"content":{"rendered":"<p><span class=\"_brlbs-paragraph _brlbs-text-technology\">Nous utilisons des cookies et d&rsquo;autres technologies sur notre site Web. Certains d&rsquo;entre eux sont essentiels, tandis que d&rsquo;autres nous aident \u00e0 am\u00e9liorer ce site Web et votre exp\u00e9rience.<\/span>\u00a0<span class=\"_brlbs-paragraph _brlbs-text-personal-data\">Des donn\u00e9es personnelles peuvent \u00eatre trait\u00e9es (par exemple, les adresses IP), par exemple pour des publicit\u00e9s et du contenu personnalis\u00e9s ou pour mesurer les publicit\u00e9s et le contenu.<\/span>\u00a0<span class=\"_brlbs-paragraph _brlbs-text-more-information\">Vous pouvez trouver plus d&rsquo;informations sur l&rsquo;utilisation de vos donn\u00e9es dans notre\u00a0<a class=\"_brlbs-cursor\" href=\"https:\/\/bdm-projects.com\/privacy\">politique de confidentialit\u00e9<\/a>.<\/span><span class=\"_brlbs-paragraph _brlbs-text-description\">Vous trouverez ici un aper\u00e7u de tous les cookies utilis\u00e9s. Vous pouvez donner votre consentement \u00e0 des cat\u00e9gories enti\u00e8res ou afficher des informations suppl\u00e9mentaires et ainsi s\u00e9lectionner uniquement certains cookies.<\/p>\n<p>Conform\u00e9ment \u00e0 la loi n\u00b0 34\/2002 du 11 juillet relative aux services de la soci\u00e9t\u00e9 de l&rsquo;information et du commerce \u00e9lectronique (LSSI), en liaison avec le r\u00e8glement (UE) 2016\/679 du Parlement europ\u00e9en et du Conseil du 27 avril 2016 relatif au r\u00e8glement g\u00e9n\u00e9ral sur la protection des donn\u00e9es (RGPD) et la loi organique n\u00b0 3\/2018 du 5 d\u00e9cembre relative \u00e0 la protection des donn\u00e9es et \u00e0 la garantie des droits num\u00e9riques (LOPDGDD), il est obligatoire d&rsquo;obtenir le consentement expr\u00e8s de l&rsquo;utilisateur pour tous les sites web utilisant des cookies non essentiels avant sa navigation.<\/p>\n<p>Les cookies et autres technologies similaires, telles que les outils Local Shared Objects, sont utilis\u00e9s par les serveurs web pour stocker et r\u00e9cup\u00e9rer des informations sur leurs visiteurs et assurer le bon fonctionnement du site web.<\/p>\n<p>Conform\u00e9ment \u00e0 la directive europ\u00e9enne, les cookies qui n\u00e9cessitent le consentement \u00e9clair\u00e9 de l&rsquo;utilisateur sont les cookies analytiques, publicitaires et de partenariat, \u00e0 l&rsquo;exception des cookies techniques et de ceux n\u00e9cessaires au fonctionnement du site Web ou \u00e0 la fourniture des services express\u00e9ment demand\u00e9s par l&rsquo;utilisateur. <\/p>\n<table border=\"1\" width=\"1160\" cellspacing=\"0\" cellpadding=\"0\">\n<tbody>\n<tr>\n<td width=\"88\">NOM<\/td>\n<td width=\"179\">TYPE\/OBJECTIF<\/td>\n<td width=\"97\">EXPIRATION<\/td>\n<td width=\"90\">PROPRI\u00c9TAIRE<\/td>\n<td width=\"127\"><\/td>\n<\/tr>\n<tr>\n<td width=\"88\">SID<\/td>\n<td width=\"179\">Cookie de s\u00e9curit\u00e9<\/td>\n<td width=\"97\">\u00c0 la fin de la session de navigation<\/td>\n<td width=\"90\">Google<\/td>\n<td width=\"127\"><\/td>\n<\/tr>\n<tr>\n<td width=\"88\">__utma<\/td>\n<td width=\"179\">Cookie analytique\u00a0: Collecte des informations sur les visites de l&rsquo;utilisateur sur le site web.<\/td>\n<td width=\"97\">Dans 2 ans<\/td>\n<td width=\"90\">Google Analytics<\/td>\n<td width=\"127\"><\/td>\n<\/tr>\n<tr>\n<td width=\"88\">__utmb<\/td>\n<td width=\"179\">Cookie analytique\u00a0: collecte des informations d\u00e8s l&rsquo;arriv\u00e9e de l&rsquo;utilisateur sur le site web.<\/td>\n<td width=\"97\">Dans 30 minutes<\/td>\n<td width=\"90\">Google Analytics<\/td>\n<td width=\"127\"><\/td>\n<\/tr>\n<tr>\n<td width=\"88\">__utmc<\/td>\n<td width=\"179\">Cookie analytique\u00a0: collecte des informations d\u00e8s la sortie du site web.<\/td>\n<td width=\"97\">\u00c0 la fin de la navigation session<\/td>\n<td width=\"90\">Google Analytics<\/td>\n<td width=\"127\"><\/td>\n<\/tr>\n<tr>\n<td width=\"88\">__utmz<\/td>\n<td width=\"179\">Cookie analytique\u00a0: collecte des informations sur la fa\u00e7on dont l&rsquo;utilisateur a trouv\u00e9 le site web.<\/td>\n<td width=\"97\">En 6 mois<\/td>\n<td width=\"90\">Google Analytics<\/td>\n<td width=\"127\"><\/td>\n<\/tr>\n<\/tbody>\n<\/table>\n","protected":false},"excerpt":{"rendered":"<p>Nous utilisons des cookies et d&rsquo;autres technologies sur notre site Web. Certains d&rsquo;entre eux sont essentiels, tandis que d&rsquo;autres nous aident \u00e0 am\u00e9liorer ce site Web et votre exp\u00e9rience.\u00a0Des donn\u00e9es&#8230;<\/p>\n","protected":false},"author":2,"featured_media":0,"parent":0,"menu_order":0,"comment_status":"closed","ping_status":"closed","template":"","meta":{"footnotes":""},"class_list":["post-3685","page","type-page","status-publish"],"_links":{"self":[{"href":"https:\/\/just-summer.com\/fr\/wp-json\/wp\/v2\/pages\/3685","targetHints":{"allow":["GET"]}}],"collection":[{"href":"https:\/\/just-summer.com\/fr\/wp-json\/wp\/v2\/pages"}],"about":[{"href":"https:\/\/just-summer.com\/fr\/wp-json\/wp\/v2\/types\/page"}],"author":[{"embeddable":true,"href":"https:\/\/just-summer.com\/fr\/wp-json\/wp\/v2\/users\/2"}],"replies":[{"embeddable":true,"href":"https:\/\/just-summer.com\/fr\/wp-json\/wp\/v2\/comments?post=3685"}],"version-history":[{"count":1,"href":"https:\/\/just-summer.com\/fr\/wp-json\/wp\/v2\/pages\/3685\/revisions"}],"predecessor-version":[{"id":3691,"href":"https:\/\/just-summer.com\/fr\/wp-json\/wp\/v2\/pages\/3685\/revisions\/3691"}],"wp:attachment":[{"href":"https:\/\/just-summer.com\/fr\/wp-json\/wp\/v2\/media?parent=3685"}],"curies":[{"name":"wp","href":"https:\/\/api.w.org\/{rel}","templated":true}]}}