{"id":3689,"date":"2025-04-03T08:17:45","date_gmt":"2025-04-03T08:17:45","guid":{"rendered":"https:\/\/just-summer.com\/refund-policy\/"},"modified":"2025-06-23T08:04:59","modified_gmt":"2025-06-23T08:04:59","slug":"refund-policy","status":"publish","type":"page","link":"https:\/\/just-summer.com\/fr\/refund-policy\/","title":{"rendered":"Pol\u00edtica de devoluciones y reembolsos"},"content":{"rendered":"[vc_row type=\u00a0\u00bbin_container\u00a0\u00bb full_screen_row_position=\u00a0\u00bbmiddle\u00a0\u00bb column_margin=\u00a0\u00bbdefault\u00a0\u00bb column_direction=\u00a0\u00bbdefault\u00a0\u00bb column_direction_tablet=\u00a0\u00bbdefault\u00a0\u00bb column_direction_phone=\u00a0\u00bbdefault\u00a0\u00bb scene_position=\u00a0\u00bbcenter\u00a0\u00bb text_color=\u00a0\u00bbdark\u00a0\u00bb text_align=\u00a0\u00bbleft\u00a0\u00bb row_border_radius=\u00a0\u00bbnone\u00a0\u00bb row_border_radius_applies=\u00a0\u00bbbg\u00a0\u00bb overflow=\u00a0\u00bbvisible\u00a0\u00bb overlay_strength=\u00a0\u00bb0.3&Prime; gradient_direction=\u00a0\u00bbleft_to_right\u00a0\u00bb shape_divider_position=\u00a0\u00bbbottom\u00a0\u00bb bg_image_animation=\u00a0\u00bbnone\u00a0\u00bb][vc_column column_padding=\u00a0\u00bbno-extra-padding\u00a0\u00bb column_padding_tablet=\u00a0\u00bbinherit\u00a0\u00bb column_padding_phone=\u00a0\u00bbinherit\u00a0\u00bb column_padding_position=\u00a0\u00bball\u00a0\u00bb column_element_direction_desktop=\u00a0\u00bbdefault\u00a0\u00bb column_element_spacing=\u00a0\u00bbdefault\u00a0\u00bb desktop_text_alignment=\u00a0\u00bbdefault\u00a0\u00bb tablet_text_alignment=\u00a0\u00bbdefault\u00a0\u00bb phone_text_alignment=\u00a0\u00bbdefault\u00a0\u00bb background_color_opacity=\u00a0\u00bb1&Prime; background_hover_color_opacity=\u00a0\u00bb1&Prime; column_backdrop_filter=\u00a0\u00bbnone\u00a0\u00bb column_shadow=\u00a0\u00bbnone\u00a0\u00bb column_border_radius=\u00a0\u00bbnone\u00a0\u00bb column_link_target=\u00a0\u00bb_self\u00a0\u00bb column_position=\u00a0\u00bbdefault\u00a0\u00bb gradient_direction=\u00a0\u00bbleft_to_right\u00a0\u00bb overlay_strength=\u00a0\u00bb0.3&Prime; width=\u00a0\u00bb1\/1&Prime; tablet_width_inherit=\u00a0\u00bbdefault\u00a0\u00bb animation_type=\u00a0\u00bbdefault\u00a0\u00bb bg_image_animation=\u00a0\u00bbnone\u00a0\u00bb border_type=\u00a0\u00bbsimple\u00a0\u00bb column_border_width=\u00a0\u00bbnone\u00a0\u00bb column_border_style=\u00a0\u00bbsolid\u00a0\u00bb][vc_column_text css=\u00a0\u00bb\u00a0\u00bb text_direction=\u00a0\u00bbdefault\u00a0\u00bb]Politique d&rsquo;annulation et de remboursement<\/p>\n<p>Merci d&rsquo;avoir r\u00e9serv\u00e9 chez nous\u00a0! Nous nous effor\u00e7ons d&rsquo;offrir le meilleur service et la meilleure exp\u00e9rience \u00e0 tous nos clients. Veuillez prendre connaissance de notre politique d&rsquo;annulation et de remboursement\u00a0:<\/p>\n<p>Annulations avec un pr\u00e9avis de 48\u00a0heures\u00a0:<br \/>\nLes annulations effectu\u00e9es au moins 48\u00a0heures avant l&rsquo;activit\u00e9 pr\u00e9vue seront int\u00e9gralement rembours\u00e9es.<br \/>\nLes remboursements seront trait\u00e9s sous 3 \u00e0 7\u00a0jours ouvr\u00e9s, selon le d\u00e9lai de traitement de votre banque.<br \/>\nAnnulations tardives (moins de 48\u00a0heures)\u00a0:<br \/>\nSi une annulation est effectu\u00e9e moins de 48\u00a0heures avant l&rsquo;activit\u00e9 pr\u00e9vue, aucun remboursement ne sera effectu\u00e9.<br \/>\nPolitique de non-pr\u00e9sentation\u00a0:<br \/>\nSi vous ne vous pr\u00e9sentez pas \u00e0 l&rsquo;activit\u00e9 r\u00e9serv\u00e9e, aucun remboursement ne sera effectu\u00e9.<br \/>\nConditions m\u00e9t\u00e9orologiques d\u00e9favorables ou autres circonstances impr\u00e9vues\u00a0:<br \/>\nEn cas de conditions m\u00e9t\u00e9orologiques d\u00e9favorables ou d&rsquo;autres circonstances impr\u00e9vues, nous pouvons vous proposer de reporter votre activit\u00e9.<br \/>\nEn fonction de la situation et des entreprises avec lesquelles nous travaillons, nous pouvons \u00e9galement proposer un remboursement. Cela sera d\u00e9termin\u00e9 au cas par cas. Pour toute annulation, veuillez contacter Just Summer par e-mail \u00e0 l&rsquo;adresse info@just-summer.com ou par WhatsApp au +34 667 075 188. Nous vous accompagnerons dans la proc\u00e9dure.<\/p>\n<p>Nous vous remercions sinc\u00e8rement de votre compr\u00e9hension et de votre coop\u00e9ration. Notre objectif est de vous offrir une exp\u00e9rience aussi agr\u00e9able que possible et nous ferons tout notre possible pour vous satisfaire.<\/p>\n<p>Merci de nous avoir choisis pour votre aventure\u00a0![\/vc_column_text][\/vc_column][\/vc_row]\n","protected":false},"excerpt":{"rendered":"<p>[vc_row type=\u00a0\u00bbin_container\u00a0\u00bb full_screen_row_position=\u00a0\u00bbmiddle\u00a0\u00bb column_margin=\u00a0\u00bbdefault\u00a0\u00bb column_direction=\u00a0\u00bbdefault\u00a0\u00bb column_direction_tablet=\u00a0\u00bbdefault\u00a0\u00bb column_direction_phone=\u00a0\u00bbdefault\u00a0\u00bb scene_position=\u00a0\u00bbcenter\u00a0\u00bb text_color=\u00a0\u00bbdark\u00a0\u00bb text_align=\u00a0\u00bbleft\u00a0\u00bb row_border_radius=\u00a0\u00bbnone\u00a0\u00bb row_border_radius_applies=\u00a0\u00bbbg\u00a0\u00bb overflow=\u00a0\u00bbvisible\u00a0\u00bb overlay_strength=\u00a0\u00bb0.3&Prime; gradient_direction=\u00a0\u00bbleft_to_right\u00a0\u00bb shape_divider_position=\u00a0\u00bbbottom\u00a0\u00bb bg_image_animation=\u00a0\u00bbnone\u00a0\u00bb][vc_column column_padding=\u00a0\u00bbno-extra-padding\u00a0\u00bb column_padding_tablet=\u00a0\u00bbinherit\u00a0\u00bb column_padding_phone=\u00a0\u00bbinherit\u00a0\u00bb column_padding_position=\u00a0\u00bball\u00a0\u00bb column_element_direction_desktop=\u00a0\u00bbdefault\u00a0\u00bb column_element_spacing=\u00a0\u00bbdefault\u00a0\u00bb desktop_text_alignment=\u00a0\u00bbdefault\u00a0\u00bb tablet_text_alignment=\u00a0\u00bbdefault\u00a0\u00bb phone_text_alignment=\u00a0\u00bbdefault\u00a0\u00bb background_color_opacity=\u00a0\u00bb1&Prime; background_hover_color_opacity=\u00a0\u00bb1&Prime; column_backdrop_filter=\u00a0\u00bbnone\u00a0\u00bb column_shadow=\u00a0\u00bbnone\u00a0\u00bb&#8230;<\/p>\n","protected":false},"author":1,"featured_media":0,"parent":0,"menu_order":0,"comment_status":"closed","ping_status":"closed","template":"","meta":{"footnotes":""},"class_list":["post-3689","page","type-page","status-publish"],"_links":{"self":[{"href":"https:\/\/just-summer.com\/fr\/wp-json\/wp\/v2\/pages\/3689","targetHints":{"allow":["GET"]}}],"collection":[{"href":"https:\/\/just-summer.com\/fr\/wp-json\/wp\/v2\/pages"}],"about":[{"href":"https:\/\/just-summer.com\/fr\/wp-json\/wp\/v2\/types\/page"}],"author":[{"embeddable":true,"href":"https:\/\/just-summer.com\/fr\/wp-json\/wp\/v2\/users\/1"}],"replies":[{"embeddable":true,"href":"https:\/\/just-summer.com\/fr\/wp-json\/wp\/v2\/comments?post=3689"}],"version-history":[{"count":1,"href":"https:\/\/just-summer.com\/fr\/wp-json\/wp\/v2\/pages\/3689\/revisions"}],"predecessor-version":[{"id":3693,"href":"https:\/\/just-summer.com\/fr\/wp-json\/wp\/v2\/pages\/3689\/revisions\/3693"}],"wp:attachment":[{"href":"https:\/\/just-summer.com\/fr\/wp-json\/wp\/v2\/media?parent=3689"}],"curies":[{"name":"wp","href":"https:\/\/api.w.org\/{rel}","templated":true}]}}