{"id":3040,"date":"2021-02-14T03:49:43","date_gmt":"2021-02-14T03:49:43","guid":{"rendered":"https:\/\/just-summer.com\/producto\/snorkelling\/"},"modified":"2025-08-01T19:39:09","modified_gmt":"2025-08-01T19:39:09","slug":"plongee-avec-tuba","status":"publish","type":"product","link":"https:\/\/just-summer.com\/fr\/producto\/plongee-avec-tuba\/","title":{"rendered":"PLONG\u00c9E AVEC TUBA<h3>Prix \u00e0 partir de\u00a0: 25\u00a0\u20ac par personne<\/h3>"},"content":{"rendered":"[vc_row type=\u00a0\u00bbfull_width_background\u00a0\u00bb full_screen_row_position=\u00a0\u00bbmiddle\u00a0\u00bb column_margin=\u00a0\u00bbdefault\u00a0\u00bb column_direction=\u00a0\u00bbdefault\u00a0\u00bb column_direction_tablet=\u00a0\u00bbdefault\u00a0\u00bb column_direction_phone=\u00a0\u00bbdefault\u00a0\u00bb bg_color=\u00a0\u00bbrgba(222,196,159,0.11)\u00a0\u00bb scene_position=\u00a0\u00bbcenter\u00a0\u00bb top_padding=\u00a0\u00bb3%\u00a0\u00bb constrain_group_1=\u00a0\u00bbyes\u00a0\u00bb bottom_padding=\u00a0\u00bb3%\u00a0\u00bb text_color=\u00a0\u00bbdark\u00a0\u00bb text_align=\u00a0\u00bbleft\u00a0\u00bb row_border_radius=\u00a0\u00bbnone\u00a0\u00bb row_border_radius_applies=\u00a0\u00bbbg\u00a0\u00bb overflow=\u00a0\u00bbvisible\u00a0\u00bb overlay_strength=\u00a0\u00bb0.3&Prime; gradient_direction=\u00a0\u00bbleft_to_right\u00a0\u00bb shape_divider_position=\u00a0\u00bbbottom\u00a0\u00bb bg_image_animation=\u00a0\u00bbnone\u00a0\u00bb shape_type=\u00a0\u00bb\u00a0\u00bb gradient_type=\u00a0\u00bbdefault\u00a0\u00bb][vc_column column_padding=\u00a0\u00bbno-extra-padding\u00a0\u00bb column_padding_tablet=\u00a0\u00bbinherit\u00a0\u00bb column_padding_phone=\u00a0\u00bbinherit\u00a0\u00bb column_padding_position=\u00a0\u00bball\u00a0\u00bb column_element_direction_desktop=\u00a0\u00bbdefault\u00a0\u00bb column_element_spacing=\u00a0\u00bbdefault\u00a0\u00bb desktop_text_alignment=\u00a0\u00bbdefault\u00a0\u00bb tablet_text_alignment=\u00a0\u00bbdefault\u00a0\u00bb phone_text_alignment=\u00a0\u00bbdefault\u00a0\u00bb background_color_opacity=\u00a0\u00bb1&Prime; background_hover_color_opacity=\u00a0\u00bb1&Prime; column_backdrop_filter=\u00a0\u00bbnone\u00a0\u00bb column_shadow=\u00a0\u00bbnone\u00a0\u00bb column_border_radius=\u00a0\u00bbnone\u00a0\u00bb column_link_target=\u00a0\u00bb_self\u00a0\u00bb column_position=\u00a0\u00bbdefault\u00a0\u00bb gradient_direction=\u00a0\u00bbleft_to_right\u00a0\u00bb overlay_strength=\u00a0\u00bb0.3&Prime; width=\u00a0\u00bb1\/1&Prime; tablet_width_inherit=\u00a0\u00bbdefault\u00a0\u00bb animation_type=\u00a0\u00bbdefault\u00a0\u00bb bg_image_animation=\u00a0\u00bbnone\u00a0\u00bb border_type=\u00a0\u00bbsimple\u00a0\u00bb column_border_width=\u00a0\u00bbnone\u00a0\u00bb column_border_style=\u00a0\u00bbsolid\u00a0\u00bb][tabbed_section style=\u00a0\u00bbminimal_flexible\u00a0\u00bb tab_color=\u00a0\u00bbAccent-Color\u00a0\u00bb vs_content_animation=\u00a0\u00bbfade\u00a0\u00bb vs_link_animation=\u00a0\u00bbopacity\u00a0\u00bb vs_navigation_alignment=\u00a0\u00bbleft\u00a0\u00bb vs_navigation_width_2=\u00a0\u00bb25%\u00a0\u00bb vs_navigation_func=\u00a0\u00bbdefault\u00a0\u00bb vs_navigation_width=\u00a0\u00bbregular\u00a0\u00bb vs_navigation_spacing=\u00a0\u00bb15px\u00a0\u00bb vs_navigation_mobile_display=\u00a0\u00bbvisible\u00a0\u00bb vs_tab_spacing=\u00a0\u00bb5%\u00a0\u00bb icon_size=\u00a0\u00bb32&Prime;][tab icon_family=\u00a0\u00bbnone\u00a0\u00bb title=\u00a0\u00bbDESCRIPTION\u00a0\u00bb id=\u00a0\u00bb1754076989824-1&Prime; tab_id=\u00a0\u00bb1754076989825-1&Prime;][vc_column_text css=\u00a0\u00bb\u00a0\u00bb text_direction=\u00a0\u00bbdefault\u00a0\u00bb]\u26a0\ufe0f Informations importantes\u00a0:<\/p>\n<p>* Les gilets de sauvetage ne sont pas fournis\u00a0; tous les participants doivent savoir nager.<br \/>\n* Tout l&rsquo;\u00e9quipement est inclus dans le prix.<br \/>\n* Id\u00e9al pour les personnes seules, les familles ou les petits groupes.[\/vc_column_text][\/tab][tab icon_family=\u00a0\u00bbnone\u00a0\u00bb title=\u00a0\u00bbLOCATION\u00a0\u00bb id=\u00a0\u00bb1754076989861-1&Prime; tab_id=\u00a0\u00bb1754076989862-10&Prime;][vc_column_text css=\u00a0\u00bb\u00a0\u00bb text_direction=\u00a0\u00bbdefault\u00a0\u00bb]<iframe loading=\"lazy\" style=\"border: 0;\" src=\"https:\/\/www.google.com\/maps\/embed?pb=!1m18!1m12!1m3!1d3322.6414711542793!2d2.5384911999999997!3d39.51104149999999!2m3!1f0!2f0!3f0!3m2!1i1024!2i768!4f13.1!3m3!1m2!1s0x12978932a64b3e13%3A0x1569f9c94bfb0f90!2sNorway%20Dive%20Mallorca%20-%20PADI%205%20Star%20IDC%20Scuba%20Diving%20Center!5e1!3m2!1sfr!2sve!4v1744318346889!5m2!1sfr!2sve\" width=\"100%\" height=\"450\" allowfullscreen=\"allowfullscreen\"><\/iframe>[\/vc_column_text][\/tab][tab icon_family=\u00a0\u00bbnone\u00a0\u00bb title=\u00a0\u00bbDESCRIPTION\u00a0\u00bb id=\u00a0\u00bb1754076989882-10&Prime; tab_id=\u00a0\u00bb1754076989882-3&Prime;][vc_column_text css=\u00a0\u00bb\u00a0\u00bb text_direction=\u00a0\u00bbdefault\u00a0\u00bb]\ud83d\udd52 Horaire\u00a0:<\/p>\n<p>* D\u00e9but\u00a0: 9\u00a0h\u00a030 ou 14\u00a0h\u00a030<br \/>\n* Disponibilit\u00e9 des groupes\u00a0: 9\u00a0h\u00a000 &#8211; 16\u00a0h\u00a000<br \/>\n* Jours\u00a0: du lundi au samedi[\/vc_column_text][\/tab][\/tabbed_section][\/vc_column][\/vc_row]\n","protected":false},"excerpt":{"rendered":"<p>\ud83e\udd3f Snorkeling \u00e0 Majorque<\/p>\n<p>Explorez les eaux cristallines de Majorque lors d&rsquo;une s\u00e9ance de snorkeling de 3 heures, id\u00e9ale pour les d\u00e9butants comme pour les amoureux de la mer\u00a0!<\/p>\n<p>De mai \u00e0 novembre<\/p>\n<p>\ud83d\udcb0 Tarifs\u00a0:<\/p>\n<p>* 35\u00a0\u20ac avec guide\u00a0: \u00e9quipement complet et accompagnement sous-marin inclus<br \/>\n* 25\u00a0\u20ac sans guide\u00a0: nous vous expliquerons le fonctionnement et vous indiquerons o\u00f9 aller, mais vous pratiquerez le snorkeling en toute autonomie<br \/>\n* Acompte\u00a0: 5\u00a0\u20ac (pour r\u00e9server votre place)<\/p>\n<p>\ud83d\udc65 Option snorkeling priv\u00e9\u00a0:<\/p>\n<p>Envie d&rsquo;une exp\u00e9rience plus personnalis\u00e9e\u00a0?<br \/>\nR\u00e9servez une s\u00e9ance de snorkeling priv\u00e9e avec votre propre guide\u00a0: vous choisissez l&rsquo;heure et la dur\u00e9e\u00a0!<\/p>\n<p>* Nous marchons \u00e0 seulement 200\u00a0m\u00e8tres de notre centre de plong\u00e9e pour rejoindre le site de snorkeling<br \/>\n* Tarif\u00a0: 35\u00a0\u20ac par personne<br \/>\n* Disponible\u00a0: de 9\u00a0h \u00e0 16\u00a0h<\/p>\n[ninja_form id=1]\n","protected":false},"featured_media":2828,"template":"","meta":[],"product_brand":[],"product_cat":[69],"product_tag":[],"class_list":{"0":"post-3040","1":"product","2":"type-product","3":"status-publish","4":"has-post-thumbnail","6":"product_cat-family-fun-fr","8":"first","9":"instock","10":"shipping-taxable","11":"product-type-external"},"_links":{"self":[{"href":"https:\/\/just-summer.com\/fr\/wp-json\/wp\/v2\/product\/3040","targetHints":{"allow":["GET"]}}],"collection":[{"href":"https:\/\/just-summer.com\/fr\/wp-json\/wp\/v2\/product"}],"about":[{"href":"https:\/\/just-summer.com\/fr\/wp-json\/wp\/v2\/types\/product"}],"wp:featuredmedia":[{"embeddable":true,"href":"https:\/\/just-summer.com\/fr\/wp-json\/wp\/v2\/media\/2828"}],"wp:attachment":[{"href":"https:\/\/just-summer.com\/fr\/wp-json\/wp\/v2\/media?parent=3040"}],"wp:term":[{"taxonomy":"product_brand","embeddable":true,"href":"https:\/\/just-summer.com\/fr\/wp-json\/wp\/v2\/product_brand?post=3040"},{"taxonomy":"product_cat","embeddable":true,"href":"https:\/\/just-summer.com\/fr\/wp-json\/wp\/v2\/product_cat?post=3040"},{"taxonomy":"product_tag","embeddable":true,"href":"https:\/\/just-summer.com\/fr\/wp-json\/wp\/v2\/product_tag?post=3040"}],"curies":[{"name":"wp","href":"https:\/\/api.w.org\/{rel}","templated":true}]}}