{"id":3050,"date":"2025-03-21T01:18:56","date_gmt":"2025-03-21T01:18:56","guid":{"rendered":"https:\/\/just-summer.com\/producto\/boat-without-license-son-matias\/"},"modified":"2025-04-15T23:39:29","modified_gmt":"2025-04-15T23:39:29","slug":"boat-without-license-son-matias","status":"publish","type":"product","link":"https:\/\/just-summer.com\/fr\/producto\/boat-without-license-son-matias\/","title":{"rendered":"BOAT WITHOUT LICENSE SON MATIAS<h3> Prix \u200b\u200b\u00e0 partir de: 150\u20ac<\/h3>"},"content":{"rendered":"[vc_row type=\u00a0\u00bbfull_width_background\u00a0\u00bb full_screen_row_position=\u00a0\u00bbmiddle\u00a0\u00bb column_margin=\u00a0\u00bbdefault\u00a0\u00bb column_direction=\u00a0\u00bbdefault\u00a0\u00bb column_direction_tablet=\u00a0\u00bbdefault\u00a0\u00bb column_direction_phone=\u00a0\u00bbdefault\u00a0\u00bb bg_color=\u00a0\u00bbrgba(222,196,159,0.11)\u00a0\u00bb scene_position=\u00a0\u00bbcenter\u00a0\u00bb top_padding=\u00a0\u00bb3%\u00a0\u00bb constrain_group_1=\u00a0\u00bbyes\u00a0\u00bb bottom_padding=\u00a0\u00bb3%\u00a0\u00bb text_color=\u00a0\u00bbdark\u00a0\u00bb text_align=\u00a0\u00bbleft\u00a0\u00bb row_border_radius=\u00a0\u00bbnone\u00a0\u00bb row_border_radius_applies=\u00a0\u00bbbg\u00a0\u00bb overflow=\u00a0\u00bbvisible\u00a0\u00bb overlay_strength=\u00a0\u00bb0.3&Prime; gradient_direction=\u00a0\u00bbleft_to_right\u00a0\u00bb shape_divider_position=\u00a0\u00bbbottom\u00a0\u00bb bg_image_animation=\u00a0\u00bbnone\u00a0\u00bb shape_type=\u00a0\u00bb\u00a0\u00bb gradient_type=\u00a0\u00bbdefault\u00a0\u00bb][vc_column column_padding=\u00a0\u00bbno-extra-padding\u00a0\u00bb column_padding_tablet=\u00a0\u00bbinherit\u00a0\u00bb column_padding_phone=\u00a0\u00bbinherit\u00a0\u00bb column_padding_position=\u00a0\u00bball\u00a0\u00bb column_element_direction_desktop=\u00a0\u00bbdefault\u00a0\u00bb column_element_spacing=\u00a0\u00bbdefault\u00a0\u00bb desktop_text_alignment=\u00a0\u00bbdefault\u00a0\u00bb tablet_text_alignment=\u00a0\u00bbdefault\u00a0\u00bb phone_text_alignment=\u00a0\u00bbdefault\u00a0\u00bb background_color_opacity=\u00a0\u00bb1&Prime; background_hover_color_opacity=\u00a0\u00bb1&Prime; column_backdrop_filter=\u00a0\u00bbnone\u00a0\u00bb column_shadow=\u00a0\u00bbnone\u00a0\u00bb column_border_radius=\u00a0\u00bbnone\u00a0\u00bb column_link_target=\u00a0\u00bb_self\u00a0\u00bb column_position=\u00a0\u00bbdefault\u00a0\u00bb gradient_direction=\u00a0\u00bbleft_to_right\u00a0\u00bb overlay_strength=\u00a0\u00bb0.3&Prime; width=\u00a0\u00bb1\/1&Prime; tablet_width_inherit=\u00a0\u00bbdefault\u00a0\u00bb animation_type=\u00a0\u00bbdefault\u00a0\u00bb bg_image_animation=\u00a0\u00bbnone\u00a0\u00bb border_type=\u00a0\u00bbsimple\u00a0\u00bb column_border_width=\u00a0\u00bbnone\u00a0\u00bb column_border_style=\u00a0\u00bbsolid\u00a0\u00bb][tabbed_section style=\u00a0\u00bbminimal_flexible\u00a0\u00bb tab_color=\u00a0\u00bbAccent-Color\u00a0\u00bb vs_content_animation=\u00a0\u00bbfade\u00a0\u00bb vs_link_animation=\u00a0\u00bbopacity\u00a0\u00bb vs_navigation_alignment=\u00a0\u00bbleft\u00a0\u00bb vs_navigation_width_2=\u00a0\u00bb25%\u00a0\u00bb vs_navigation_func=\u00a0\u00bbdefault\u00a0\u00bb vs_navigation_width=\u00a0\u00bbregular\u00a0\u00bb vs_navigation_spacing=\u00a0\u00bb15px\u00a0\u00bb vs_navigation_mobile_display=\u00a0\u00bbvisible\u00a0\u00bb vs_tab_spacing=\u00a0\u00bb5%\u00a0\u00bb icon_size=\u00a0\u00bb32&Prime;][tab icon_family=\u00a0\u00bbnone\u00a0\u00bb title=\u00a0\u00bbCE QUI EST INCLUS\u00a0\u00bb id=\u00a0\u00bb1744760249090-5&Prime; tab_id=\u00a0\u00bb1744760249090-10&Prime;][vc_column_text css=\u00a0\u00bb\u00a0\u00bb text_direction=\u00a0\u00bbdefault\u00a0\u00bb]\n<ul>\n<li>3 \u00e9quipements de plong\u00e9e<\/li>\n<li>Syst\u00e8me audio Bluetooth avec haut-parleur<\/li>\n<li>10h00, 14h00 ou 16h00, coucher de soleil \u00e0 19h00<\/li>\n<li>De mai \u00e0 octobre<\/li>\n<\/ul>\n[\/vc_column_text][\/tab][tab icon_family=\u00a0\u00bbnone\u00a0\u00bb title=\u00a0\u00bbDESCRIPTION\u00a0\u00bb id=\u00a0\u00bb1744760249148-6&Prime; tab_id=\u00a0\u00bb1744760249149-7&Prime;][vc_column_text css=\u00a0\u00bb\u00a0\u00bb text_direction=\u00a0\u00bbdefault\u00a0\u00bb]Explorez Majorque depuis la mer ! Louez votre propre bateau (sans permis) et naviguez \u00e0 votre rythme sur des eaux cristallines. D\u00e9couvrez des criques cach\u00e9es, baignez-vous dans des baies turquoise et vivez une aventure unique en M\u00e9diterran\u00e9e. Facile \u00e0 conduire, une exp\u00e9rience inoubliable ![\/vc_column_text][\/tab][tab icon_family=\u00a0\u00bbnone\u00a0\u00bb title=\u00a0\u00bbEMPLACEMENT\u00a0\u00bb id=\u00a0\u00bb1744760249185-2&Prime; tab_id=\u00a0\u00bb1744760249186-1&Prime;][vc_column_text css=\u00a0\u00bb\u00a0\u00bb text_direction=\u00a0\u00bbdefault\u00a0\u00bb]<iframe loading=\"lazy\" style=\"border: 0;\" src=\"https:\/\/www.google.com\/maps\/embed?pb=!1m17!1m12!1m3!1d2145.161656615739!2d2.5390923476041363!3d39.512783400691085!2m3!1f0!2f0!3f0!3m2!1i1024!2i768!4f13.1!3m2!1m1!2zMznCsDMwJzQ2LjAiTiAywrAzMicyNi4xIkU!5e1!3m2!1ses!2ses!4v1744617495716!5m2!1ses!2ses\" width=\"100%\" height=\"450\" allowfullscreen=\"allowfullscreen\"><\/iframe>[\/vc_column_text][\/tab][tab icon_family=\u00a0\u00bbnone\u00a0\u00bb title=\u00a0\u00bbINFORMATIONS DE BASE\u00a0\u00bb id=\u00a0\u00bb1744760249222-4&Prime; tab_id=\u00a0\u00bb1744760249223-3&Prime;][vc_column_text css=\u00a0\u00bb\u00a0\u00bb text_direction=\u00a0\u00bbdefault\u00a0\u00bb]Bateau sans permis<\/p>\n<p>2 H :<\/p>\n<ul>\n<li>Prix 150 \u20ac<\/li>\n<li>Acompte 20 % = 30 \u20ac<\/li>\n<\/ul>\n<p>3 H :<\/p>\n<ul>\n<li>Prix 210 \u20ac<\/li>\n<li>Acompte 20 % = 42 \u20ac<\/li>\n<\/ul>\n<p>4 H :<\/p>\n<ul>\n<li>Prix : 300 \u20ac<\/li>\n<li>Acompte 20 % = 60 \u20ac<\/li>\n<\/ul>\n<p>Coucher du soleil :<\/p>\n<ul>\n<li>Prix : 200 \u20ac<\/li>\n<li>Acompte 20 % = 40 \u20ac<\/li>\n<\/ul>\n<p>Vous devez verser un acompte de 200 \u20ac. Quand paierez-vous le reste de la somme que vous recevrez apr\u00e8s la restitution du bateau\u00a0?[\/vc_column_text][\/tab][\/tabbed_section][\/vc_column][\/vc_row]\n","protected":false},"excerpt":{"rendered":"<p>2 H :<\/p>\n<ul>\n<li>Prix 150 \u20ac<\/li>\n<li>Acompte 20 % = 30 \u20ac<\/li>\n<\/ul>\n<p>3 H :<\/p>\n<ul>\n<li>Prix 210 \u20ac<\/li>\n<li>Acompte 20 % = 42 \u20ac<\/li>\n<\/ul>\n<p>4 H :<\/p>\n<ul>\n<li>Prix : 300 \u20ac<\/li>\n<li>Acompte 20 % = 60 \u20ac<\/li>\n<\/ul>\n<p>Coucher du soleil :<\/p>\n<ul>\n<li>Prix : 200 \u20ac<\/li>\n<li>Acompte 20 % = 40 \u20ac<\/li>\n<\/ul>\n<p>Vous devez verser un acompte de 200 \u20ac. Le solde vous sera vers\u00e9 apr\u00e8s restitution du bateau.<\/p>\n<p>Lieu : Palmanova<\/p>\n[ninja_form id=1]\n","protected":false},"featured_media":2680,"template":"","meta":[],"product_brand":[],"product_cat":[65],"product_tag":[],"class_list":{"0":"post-3050","1":"product","2":"type-product","3":"status-publish","4":"has-post-thumbnail","6":"product_cat-boat-jetski-fr","8":"first","9":"instock","10":"shipping-taxable","11":"product-type-external"},"_links":{"self":[{"href":"https:\/\/just-summer.com\/fr\/wp-json\/wp\/v2\/product\/3050","targetHints":{"allow":["GET"]}}],"collection":[{"href":"https:\/\/just-summer.com\/fr\/wp-json\/wp\/v2\/product"}],"about":[{"href":"https:\/\/just-summer.com\/fr\/wp-json\/wp\/v2\/types\/product"}],"wp:featuredmedia":[{"embeddable":true,"href":"https:\/\/just-summer.com\/fr\/wp-json\/wp\/v2\/media\/2680"}],"wp:attachment":[{"href":"https:\/\/just-summer.com\/fr\/wp-json\/wp\/v2\/media?parent=3050"}],"wp:term":[{"taxonomy":"product_brand","embeddable":true,"href":"https:\/\/just-summer.com\/fr\/wp-json\/wp\/v2\/product_brand?post=3050"},{"taxonomy":"product_cat","embeddable":true,"href":"https:\/\/just-summer.com\/fr\/wp-json\/wp\/v2\/product_cat?post=3050"},{"taxonomy":"product_tag","embeddable":true,"href":"https:\/\/just-summer.com\/fr\/wp-json\/wp\/v2\/product_tag?post=3050"}],"curies":[{"name":"wp","href":"https:\/\/api.w.org\/{rel}","templated":true}]}}