{"id":3054,"date":"2025-03-21T05:46:29","date_gmt":"2025-03-21T05:46:29","guid":{"rendered":"https:\/\/just-summer.com\/producto\/pirates-reloaded\/"},"modified":"2025-08-01T19:53:26","modified_gmt":"2025-08-01T19:53:26","slug":"pirates-reloaded","status":"publish","type":"product","link":"https:\/\/just-summer.com\/fr\/producto\/pirates-reloaded\/","title":{"rendered":"PIRATES RELOADED<h3> Prix \u200b\u200b\u00e0 partir de: 40\u20ac<\/h3>"},"content":{"rendered":"[vc_row type=\u00a0\u00bbfull_width_background\u00a0\u00bb full_screen_row_position=\u00a0\u00bbmiddle\u00a0\u00bb column_margin=\u00a0\u00bbdefault\u00a0\u00bb column_direction=\u00a0\u00bbdefault\u00a0\u00bb column_direction_tablet=\u00a0\u00bbdefault\u00a0\u00bb column_direction_phone=\u00a0\u00bbdefault\u00a0\u00bb bg_color=\u00a0\u00bbrgba(222,196,159,0.11)\u00a0\u00bb scene_position=\u00a0\u00bbcenter\u00a0\u00bb top_padding=\u00a0\u00bb3%\u00a0\u00bb constrain_group_1=\u00a0\u00bbyes\u00a0\u00bb bottom_padding=\u00a0\u00bb3%\u00a0\u00bb text_color=\u00a0\u00bbdark\u00a0\u00bb text_align=\u00a0\u00bbleft\u00a0\u00bb row_border_radius=\u00a0\u00bbnone\u00a0\u00bb row_border_radius_applies=\u00a0\u00bbbg\u00a0\u00bb overflow=\u00a0\u00bbvisible\u00a0\u00bb overlay_strength=\u00a0\u00bb0.3&Prime; gradient_direction=\u00a0\u00bbleft_to_right\u00a0\u00bb shape_divider_position=\u00a0\u00bbbottom\u00a0\u00bb bg_image_animation=\u00a0\u00bbnone\u00a0\u00bb shape_type=\u00a0\u00bb\u00a0\u00bb gradient_type=\u00a0\u00bbdefault\u00a0\u00bb][vc_column column_padding=\u00a0\u00bbno-extra-padding\u00a0\u00bb column_padding_tablet=\u00a0\u00bbinherit\u00a0\u00bb column_padding_phone=\u00a0\u00bbinherit\u00a0\u00bb column_padding_position=\u00a0\u00bball\u00a0\u00bb column_element_direction_desktop=\u00a0\u00bbdefault\u00a0\u00bb column_element_spacing=\u00a0\u00bbdefault\u00a0\u00bb desktop_text_alignment=\u00a0\u00bbdefault\u00a0\u00bb tablet_text_alignment=\u00a0\u00bbdefault\u00a0\u00bb phone_text_alignment=\u00a0\u00bbdefault\u00a0\u00bb background_color_opacity=\u00a0\u00bb1&Prime; background_hover_color_opacity=\u00a0\u00bb1&Prime; column_backdrop_filter=\u00a0\u00bbnone\u00a0\u00bb column_shadow=\u00a0\u00bbnone\u00a0\u00bb column_border_radius=\u00a0\u00bbnone\u00a0\u00bb column_link_target=\u00a0\u00bb_self\u00a0\u00bb column_position=\u00a0\u00bbdefault\u00a0\u00bb gradient_direction=\u00a0\u00bbleft_to_right\u00a0\u00bb overlay_strength=\u00a0\u00bb0.3&Prime; width=\u00a0\u00bb1\/1&Prime; tablet_width_inherit=\u00a0\u00bbdefault\u00a0\u00bb animation_type=\u00a0\u00bbdefault\u00a0\u00bb bg_image_animation=\u00a0\u00bbnone\u00a0\u00bb border_type=\u00a0\u00bbsimple\u00a0\u00bb column_border_width=\u00a0\u00bbnone\u00a0\u00bb column_border_style=\u00a0\u00bbsolid\u00a0\u00bb][tabbed_section style=\u00a0\u00bbminimal_flexible\u00a0\u00bb tab_color=\u00a0\u00bbAccent-Color\u00a0\u00bb vs_content_animation=\u00a0\u00bbfade\u00a0\u00bb vs_link_animation=\u00a0\u00bbopacity\u00a0\u00bb vs_navigation_alignment=\u00a0\u00bbleft\u00a0\u00bb vs_navigation_width_2=\u00a0\u00bb25%\u00a0\u00bb vs_navigation_func=\u00a0\u00bbdefault\u00a0\u00bb vs_navigation_width=\u00a0\u00bbregular\u00a0\u00bb vs_navigation_spacing=\u00a0\u00bb15px\u00a0\u00bb vs_navigation_mobile_display=\u00a0\u00bbvisible\u00a0\u00bb vs_tab_spacing=\u00a0\u00bb5%\u00a0\u00bb icon_size=\u00a0\u00bb32&Prime;][tab icon_family=\u00a0\u00bbnone\u00a0\u00bb title=\u00a0\u00bbDESCRIPTION\u00a0\u00bb id=\u00a0\u00bb1754077942707-9&Prime; tab_id=\u00a0\u00bb1754077942707-2&Prime;][vc_column_text css=\u00a0\u00bb\u00a0\u00bb text_direction=\u00a0\u00bbdefault\u00a0\u00bb]\ud83c\udff4\u200d\u2620\ufe0f Pirates Reloaded \u2013 La soir\u00e9e la plus endiabl\u00e9e de Majorque<\/p>\n<p>Pr\u00e9parez-vous \u00e0 une soir\u00e9e unique : le rhum coule \u00e0 flot, la musique fait vibrer le pont et les pirates ne se comportent pas comme des petits fous.<\/p>\n<p>Pirates Reloaded est un d\u00eener-spectacle \u00e9lectrisant r\u00e9serv\u00e9 aux adultes, alliant acrobaties, feu, danse, sets de DJ live et une ambiance festive d\u00e9bordante, le tout dans un spectacle sur le th\u00e8me des pirates que vous n&rsquo;oublierez jamais.<\/p>\n<p>D\u00e8s votre entr\u00e9e dans la salle, vous n&rsquo;\u00eates plus un simple invit\u00e9, vous faites partie de l&rsquo;\u00e9quipage. Lumi\u00e8res tamis\u00e9es, volume \u00e0 fond : ce n&rsquo;est pas une nuit tranquille en mer.[\/vc_column_text][\/tab][tab icon_family=\u00a0\u00bbnone\u00a0\u00bb title=\u00a0\u00bbVIDEO\u00a0\u00bb id=\u00a0\u00bb1754077942754-9&Prime; tab_id=\u00a0\u00bb1754077942755-6&Prime;][nectar_video_player_self_hosted video_mp4=\u00a0\u00bbhttps:\/\/just-summer.com\/wp-content\/uploads\/2025\/03\/instdown7.mp4&Prime; player_functionality=\u00a0\u00bbdefault\u00a0\u00bb border_radius=\u00a0\u00bbnone\u00a0\u00bb box_shadow=\u00a0\u00bbnone\u00a0\u00bb advanced_gradient_display_type=\u00a0\u00bblinear\u00a0\u00bb][\/tab][tab icon_family=\u00a0\u00bbnone\u00a0\u00bb title=\u00a0\u00bbEMPLACEMENT\u00a0\u00bb id=\u00a0\u00bb1754077942800-5&Prime; tab_id=\u00a0\u00bb1754077942801-6&Prime;][vc_column_text css=\u00a0\u00bb\u00a0\u00bb text_direction=\u00a0\u00bbdefault\u00a0\u00bb]<iframe loading=\"lazy\" style=\"border: 0;\" src=\"https:\/\/www.google.com\/maps\/embed?pb=!1m18!1m12!1m3!1d3322.9685608365758!2d2.5273901999999997!3d39.5042014!2m3!1f0!2f0!3f0!3m2!1i1024!2i768!4f13.1!3m3!1m2!1s0x129789264254f377%3A0xc48d47adcacac366!2sPirates%20Adventure!5e1!3m2!1ses-419!2sve!4v1744318118348!5m2!1ses-419!2sve\" width=\"100%\" height=\"450\" allowfullscreen=\"allowfullscreen\"><\/iframe>[\/vc_column_text][\/tab][tab icon_family=\u00a0\u00bbnone\u00a0\u00bb title=\u00a0\u00bbINFORMATIONS DE BASE\u00a0\u00bb id=\u00a0\u00bb1754077942832-2&Prime; tab_id=\u00a0\u00bb1754077942833-6&Prime;][vc_column_text css=\u00a0\u00bb\u00a0\u00bb text_direction=\u00a0\u00bbdefault\u00a0\u00bb]\ud83d\udd58 D\u00e9but : 21h00<\/p>\n<p>\u2e3b<\/p>\n<p>\ud83d\udca5 Options de table et tarifs :<\/p>\n<p>\ud83e\udea9 Table VVIP \u2013 720 \u20ac<\/p>\n<p>* Cr\u00e9dit boisson de 400 \u20ac inclus<br \/>\n* Meilleures places \u2013 au centre de la sc\u00e8ne<br \/>\n* Table priv\u00e9e et service exclusif<\/p>\n<p>\ud83c\udf7e Table VIP \u2013 60 \u20ac<\/p>\n<p>* Cr\u00e9dit boisson de 50 \u20ac inclus<br \/>\n* Vue imprenable sur la sc\u00e8ne<br \/>\n* Id\u00e9al pour les couples ou les petits groupes<\/p>\n<p>\ud83e\udd42 Table Premium \u2013 50 \u20ac<\/p>\n<p>* Cr\u00e9dit boisson de 40 \u20ac inclus<br \/>\n* Excellentes places et au c\u0153ur de l&rsquo;action<\/p>\n<p>\ud83c\udf7b Table Standard \u2013 40 \u20ac<\/p>\n<p>* Cr\u00e9dit boisson de 30 \u20ac inclus<br \/>\n* Une option amusante et abordable avec une ambiance conviviale<\/p>\n<p>\u2e3b<\/p>\n<p>Remarque :<br \/>\n* Tous les prix des tables incluent l&rsquo;entr\u00e9e<br \/>\n* Le montant indiqu\u00e9 correspond \u00e0 un cr\u00e9dit boisson minimum, et non \u00e0 un suppl\u00e9ment<br \/>\n* Ce spectacle est r\u00e9serv\u00e9 aux plus de 18 ans\u00a0; une pi\u00e8ce d&rsquo;identit\u00e9 peut \u00eatre demand\u00e9e \u00e0 l&rsquo;entr\u00e9e[\/vc_column_text][\/tab][\/tabbed_section][\/vc_column][\/vc_row]\n","protected":false},"excerpt":{"rendered":"<p><strong><img loading=\"lazy\" decoding=\"async\" class=\"alignnone size-large wp-image-2060\" src=\"https:\/\/just-summer.com\/wp-content\/uploads\/2025\/03\/STAGE-1024x720.jpg\" alt=\"\" width=\"1024\" height=\"720\" srcset=\"https:\/\/just-summer.com\/wp-content\/uploads\/2025\/03\/STAGE-1024x720.jpg 1024w, https:\/\/just-summer.com\/wp-content\/uploads\/2025\/03\/STAGE-300x211.jpg 300w, https:\/\/just-summer.com\/wp-content\/uploads\/2025\/03\/STAGE-768x540.jpg 768w, https:\/\/just-summer.com\/wp-content\/uploads\/2025\/03\/STAGE-600x422.jpg 600w, https:\/\/just-summer.com\/wp-content\/uploads\/2025\/03\/STAGE.jpg 1170w\" sizes=\"auto, (max-width: 1024px) 100vw, 1024px\" \/><\/strong><\/p>\n<p><strong>Prix\u00a0:<\/strong><\/p>\n<p><strong>Seules les r\u00e9servations VVIP incluent une table.<\/strong><br \/>\n<strong>Pour toutes les autres cat\u00e9gories, le prix est par personne.<\/strong><\/p>\n<ul>\n<li><span style=\"color: #ff00ff;\"><strong>VVIP\u00a0: Prix table compl\u00e8te\u00a0: 720\u00a0\u20ac (table) (400\u00a0\u20ac) cr\u00e9dit boissons <a href=\"https:\/\/just-summer.com\/fr\/contact\/\"><span style=\"color: #000000;\">(POUR R\u00c9SERVER UNE TABLE VVIP, VEUILLEZ NOUS CONTACTER)<\/span><\/a><\/strong><\/span><\/li>\n<li><span style=\"color: #ffcc00;\"><strong>VIP\u00a0: \u00e0 partir de 60\u00a0\u20ac par personne (cr\u00e9dit boissons\u00a0: 50\u00a0\u20ac)<\/strong><\/span><\/li>\n<li><span style=\"color: #ff0000;\"><strong>PREMIUM\u00a0: \u00e0 partir de 50\u00a0\u20ac par personne (cr\u00e9dit boissons\u00a0: 40\u00a0\u20ac)<\/strong><\/span><\/li>\n<li><span style=\"color: #00ccff;\"><strong>Standard\u00a0: \u00e0 partir de 40\u00a0\u20ac par personne (cr\u00e9dit boissons\u00a0: 30\u00a0\u20ac)<\/strong><\/span><\/li>\n<\/ul>\n<p>&nbsp;<\/p>\n<h3><span style=\"color: #ff0000;\"><strong>R\u00e9serv\u00e9 aux plus de 18\u00a0ans | Veuillez consommer avec mod\u00e9ration<\/strong><\/span><\/h3>\n<p>D\u00e9but \u00e0 21\u00a0h<\/p>\n","protected":false},"featured_media":2806,"template":"","meta":[],"product_brand":[],"product_cat":[63],"product_tag":[],"class_list":{"0":"post-3054","1":"product","2":"type-product","3":"status-publish","4":"has-post-thumbnail","6":"product_cat-adultes","7":"yith_booking_service-premium-table","8":"yith_booking_service-standard-table-40e","9":"yith_booking_service-vip-table-60e","11":"first","12":"instock","13":"virtual","14":"sold-individually","15":"purchasable","16":"product-type-booking"},"_links":{"self":[{"href":"https:\/\/just-summer.com\/fr\/wp-json\/wp\/v2\/product\/3054","targetHints":{"allow":["GET"]}}],"collection":[{"href":"https:\/\/just-summer.com\/fr\/wp-json\/wp\/v2\/product"}],"about":[{"href":"https:\/\/just-summer.com\/fr\/wp-json\/wp\/v2\/types\/product"}],"wp:featuredmedia":[{"embeddable":true,"href":"https:\/\/just-summer.com\/fr\/wp-json\/wp\/v2\/media\/2806"}],"wp:attachment":[{"href":"https:\/\/just-summer.com\/fr\/wp-json\/wp\/v2\/media?parent=3054"}],"wp:term":[{"taxonomy":"product_brand","embeddable":true,"href":"https:\/\/just-summer.com\/fr\/wp-json\/wp\/v2\/product_brand?post=3054"},{"taxonomy":"product_cat","embeddable":true,"href":"https:\/\/just-summer.com\/fr\/wp-json\/wp\/v2\/product_cat?post=3054"},{"taxonomy":"product_tag","embeddable":true,"href":"https:\/\/just-summer.com\/fr\/wp-json\/wp\/v2\/product_tag?post=3054"}],"curies":[{"name":"wp","href":"https:\/\/api.w.org\/{rel}","templated":true}]}}