{"id":3056,"date":"2025-03-21T05:51:56","date_gmt":"2025-03-21T05:51:56","guid":{"rendered":"https:\/\/just-summer.com\/producto\/route-mallorca-turitop\/"},"modified":"2025-07-02T07:54:10","modified_gmt":"2025-07-02T07:54:10","slug":"route-mallorca-turitop","status":"publish","type":"product","link":"https:\/\/just-summer.com\/fr\/producto\/route-mallorca-turitop\/","title":{"rendered":"ROUTE MALLORCA<h3> Prix \u200b\u200b\u00e0 partir de: 159\u20ac<\/h3>"},"content":{"rendered":"[vc_row type=\u00a0\u00bbfull_width_background\u00a0\u00bb full_screen_row_position=\u00a0\u00bbmiddle\u00a0\u00bb column_margin=\u00a0\u00bbdefault\u00a0\u00bb column_direction=\u00a0\u00bbdefault\u00a0\u00bb column_direction_tablet=\u00a0\u00bbdefault\u00a0\u00bb column_direction_phone=\u00a0\u00bbdefault\u00a0\u00bb bg_color=\u00a0\u00bbrgba(222,196,159,0.11)\u00a0\u00bb scene_position=\u00a0\u00bbcenter\u00a0\u00bb top_padding=\u00a0\u00bb3%\u00a0\u00bb constrain_group_1=\u00a0\u00bbyes\u00a0\u00bb bottom_padding=\u00a0\u00bb3%\u00a0\u00bb text_color=\u00a0\u00bbdark\u00a0\u00bb text_align=\u00a0\u00bbleft\u00a0\u00bb row_border_radius=\u00a0\u00bbnone\u00a0\u00bb row_border_radius_applies=\u00a0\u00bbbg\u00a0\u00bb overflow=\u00a0\u00bbvisible\u00a0\u00bb overlay_strength=\u00a0\u00bb0.3&Prime; gradient_direction=\u00a0\u00bbleft_to_right\u00a0\u00bb shape_divider_position=\u00a0\u00bbbottom\u00a0\u00bb bg_image_animation=\u00a0\u00bbnone\u00a0\u00bb shape_type=\u00a0\u00bb\u00a0\u00bb gradient_type=\u00a0\u00bbdefault\u00a0\u00bb][vc_column column_padding=\u00a0\u00bbno-extra-padding\u00a0\u00bb column_padding_tablet=\u00a0\u00bbinherit\u00a0\u00bb column_padding_phone=\u00a0\u00bbinherit\u00a0\u00bb column_padding_position=\u00a0\u00bball\u00a0\u00bb column_element_direction_desktop=\u00a0\u00bbdefault\u00a0\u00bb column_element_spacing=\u00a0\u00bbdefault\u00a0\u00bb desktop_text_alignment=\u00a0\u00bbdefault\u00a0\u00bb tablet_text_alignment=\u00a0\u00bbdefault\u00a0\u00bb phone_text_alignment=\u00a0\u00bbdefault\u00a0\u00bb background_color_opacity=\u00a0\u00bb1&Prime; background_hover_color_opacity=\u00a0\u00bb1&Prime; column_backdrop_filter=\u00a0\u00bbnone\u00a0\u00bb column_shadow=\u00a0\u00bbnone\u00a0\u00bb column_border_radius=\u00a0\u00bbnone\u00a0\u00bb column_link_target=\u00a0\u00bb_self\u00a0\u00bb column_position=\u00a0\u00bbdefault\u00a0\u00bb gradient_direction=\u00a0\u00bbleft_to_right\u00a0\u00bb overlay_strength=\u00a0\u00bb0.3&Prime; width=\u00a0\u00bb1\/1&Prime; tablet_width_inherit=\u00a0\u00bbdefault\u00a0\u00bb animation_type=\u00a0\u00bbdefault\u00a0\u00bb bg_image_animation=\u00a0\u00bbnone\u00a0\u00bb border_type=\u00a0\u00bbsimple\u00a0\u00bb column_border_width=\u00a0\u00bbnone\u00a0\u00bb column_border_style=\u00a0\u00bbsolid\u00a0\u00bb][tabbed_section style=\u00a0\u00bbminimal_flexible\u00a0\u00bb tab_color=\u00a0\u00bbAccent-Color\u00a0\u00bb vs_content_animation=\u00a0\u00bbfade\u00a0\u00bb vs_link_animation=\u00a0\u00bbopacity\u00a0\u00bb vs_navigation_alignment=\u00a0\u00bbleft\u00a0\u00bb vs_navigation_width_2=\u00a0\u00bb25%\u00a0\u00bb vs_navigation_func=\u00a0\u00bbdefault\u00a0\u00bb vs_navigation_width=\u00a0\u00bbregular\u00a0\u00bb vs_navigation_spacing=\u00a0\u00bb15px\u00a0\u00bb vs_navigation_mobile_display=\u00a0\u00bbvisible\u00a0\u00bb vs_tab_spacing=\u00a0\u00bb5%\u00a0\u00bb icon_size=\u00a0\u00bb32&Prime;][tab icon_family=\u00a0\u00bbnone\u00a0\u00bb title=\u00a0\u00bbCE QUI EST INCLUS\u00a0\u00bb id=\u00a0\u00bb1745257897273-3&Prime; tab_id=\u00a0\u00bb1745257897273-5&Prime;][vc_column_text css=\u00a0\u00bb\u00a0\u00bb text_direction=\u00a0\u00bbdefault\u00a0\u00bb]\n<ul>\n<li>Gasolina<\/li>\n<li>Boissons sans alcool<\/li>\n<li>Transport inclus (aller-retour \u00e0 votre h\u00f4tel)<\/li>\n<\/ul>\n[\/vc_column_text][\/tab][tab icon_family=\u00a0\u00bbnone\u00a0\u00bb title=\u00a0\u00bbVIDEO\u00a0\u00bb id=\u00a0\u00bb1745257899245-8&Prime; tab_id=\u00a0\u00bb1745257899246-7&Prime;][nectar_video_player_self_hosted video_mp4=\u00a0\u00bbhttps:\/\/just-summer.com\/wp-content\/uploads\/2025\/03\/instdown5.mp4&Prime; player_functionality=\u00a0\u00bbdefault\u00a0\u00bb border_radius=\u00a0\u00bbnone\u00a0\u00bb box_shadow=\u00a0\u00bbnone\u00a0\u00bb advanced_gradient_display_type=\u00a0\u00bblinear\u00a0\u00bb][\/tab][tab icon_family=\u00a0\u00bbnone\u00a0\u00bb title=\u00a0\u00bbEMPLACEMENT\u00a0\u00bb id=\u00a0\u00bb1745257897302-6&Prime; tab_id=\u00a0\u00bb1745257897302-2&Prime;][vc_column_text css=\u00a0\u00bb\u00a0\u00bb text_direction=\u00a0\u00bbdefault\u00a0\u00bb]<iframe loading=\"lazy\" style=\"border: 0;\" src=\"https:\/\/www.google.com\/maps\/embed?pb=!1m18!1m12!1m3!1d3322.3518706438795!2d2.4845241!3d39.5170968!2m3!1f0!2f0!3f0!3m2!1i1024!2i768!4f13.1!3m3!1m2!1s0x1297894c50a08249%3A0x14e2b8d7d67f2a27!2sRoute%20Mallorca!5e1!3m2!1sfr!2sve!4v1744320202769!5m2!1sfr!2sve\" width=\"100%\" height=\"450\" allowfullscreen=\"allowfullscreen\"><\/iframe>[\/vc_column_text][\/tab][tab icon_family=\u00a0\u00bbnone\u00a0\u00bb title=\u00a0\u00bbINFORMATIONS DE BASE\u00a0\u00bb id=\u00a0\u00bb1745257897323-5&Prime; tab_id=\u00a0\u00bb1745257897323-2&Prime;][vc_column_text css=\u00a0\u00bb\u00a0\u00bb text_direction=\u00a0\u00bbdefault\u00a0\u00bb]Itin\u00e9raire Majorque<\/p>\n<p>Itin\u00e9raire 1\u00a0: 130\u00a0km<br \/>\nEntre 4\u00a0h et 4\u00a0h\u00a030<br \/>\nD\u00e9part \u00e0 10\u00a0h<br \/>\nPrix\u00a0: 218\u00a0euros<br \/>\nMaximum 2 personnes par voiture<br \/>\nTous les jours<br \/>\n(d&rsquo;avril \u00e0 octobre)<\/p>\n<p>Coucher de soleil 70\u00a0km\u00a0: 2\u00a0h\u00a030<br \/>\nD\u00e9part \u00e0 18\u00a0h\u00a030<br \/>\nPrix\u00a0: 159\u00a0euros<br \/>\nMaximum 2 personnes par voiture<br \/>\nUniquement\u00a0: lundi, mercredi, vendredi<br \/>\n(de mai \u00e0 septembre)<\/p>\n<p>Itin\u00e9raire 2\u00a0: 70\u00a0km\u00a0: 2\u00a0h\u00a030<br \/>\nD\u00e9part \u00e0 15\u00a0h\u00a030<br \/>\nPrix\u00a0: 159\u00a0euros<br \/>\nMaximum 2 personnes par voiture<br \/>\nTous les jours<br \/>\n(d&rsquo;avril \u00e0 octobre)<\/p>\n<ul>\n<li>8\u00a0voitures disponibles.<\/li>\n<li>Vous devez avoir au moins 21\u00a0ans.<\/li>\n<li>Vous devez \u00eatre muni d&rsquo;un permis de conduire\u00a0; une photo ne suffit pas.<\/li>\n<li>Voiture \u00e0 bo\u00eete manuelle.<\/li>\n<li>S&rsquo;il y a deux conducteurs, un suppl\u00e9ment de 30 \u20ac sera appliqu\u00e9.<\/li>\n<\/ul>\n[\/vc_column_text][\/tab][\/tabbed_section][\/vc_column][\/vc_row]\n","protected":false},"excerpt":{"rendered":"<p>D\u00e9couvrez Majorque avec style\u00a0: Circuit en d\u00e9capotable am\u00e9ricaine<\/p>\n<p>Vivez l&rsquo;aventure ultime au volant de votre voiture \u00e0 Majorque avec notre circuit exclusif en d\u00e9capotable am\u00e9ricaine\u00a0! Parcourez les routes c\u00f4ti\u00e8res \u00e0 couper le souffle et les routes de montagne pittoresques de l&rsquo;\u00eele \u00e0 bord d&rsquo;une flotte de huit superbes d\u00e9capotables am\u00e9ricaines. Sentez la douce brise m\u00e9diterran\u00e9enne en explorant des tr\u00e9sors cach\u00e9s, des villages pittoresques et des points de vue panoramiques.<\/p>\n<p><strong>Notre circuit comprend\u00a0:<\/strong><\/p>\n<p>\u2705\u00a0Une s\u00e9lection de d\u00e9capotables am\u00e9ricaines embl\u00e9matiques<\/p>\n<p>\u2705\u00a0Un itin\u00e9raire guid\u00e9 \u00e0 travers les plus beaux paysages de Majorque<\/p>\n<p>\u2705\u00a0Des arr\u00eats dans de charmants villages, plages et points de vue pour des photos exceptionnelles<\/p>\n<p>\u2705\u00a0Une exp\u00e9rience de conduite inoubliable sous le soleil espagnol<\/p>\n<p>Que vous soyez passionn\u00e9 d&rsquo;automobile ou que vous recherchiez simplement une fa\u00e7on originale d&rsquo;explorer l&rsquo;\u00eele, ce circuit vous garantit une aventure exaltante et \u00e9l\u00e9gante. R\u00e9servez d\u00e8s maintenant et faites de votre voyage \u00e0 Majorque un moment inoubliable\u00a0!<\/p>\n<p>[vc_row type=\u00a0\u00bbfull_width_content\u00a0\u00bb full_screen_row_position=\u00a0\u00bbmiddle\u00a0\u00bb column_margin=\u00a0\u00bbdefault\u00a0\u00bb column_direction=\u00a0\u00bbdefault\u00a0\u00bb column_direction_tablet=\u00a0\u00bbdefault\u00a0\u00bb column_direction_phone=\u00a0\u00bbdefault\u00a0\u00bb bg_image=\u00a0\u00bb331&Prime; bg_position=\u00a0\u00bbleft top\u00a0\u00bb background_image_loading=\u00a0\u00bbdefault\u00a0\u00bb bg_repeat=\u00a0\u00bbrepeat\u00a0\u00bb scene_position=\u00a0\u00bbcenter\u00a0\u00bb text_color=\u00a0\u00bbdark\u00a0\u00bb text_align=\u00a0\u00bbcenter\u00a0\u00bb row_border_radius=\u00a0\u00bbnone\u00a0\u00bb row_border_radius_applies=\u00a0\u00bbbg\u00a0\u00bb overflow=\u00a0\u00bbvisible\u00a0\u00bb advanced_gradient_angle=\u00a0\u00bb0&Prime; overlay_strength=\u00a0\u00bb0.3&Prime; gradient_direction=\u00a0\u00bbleft_to_right\u00a0\u00bb shape_divider_position=\u00a0\u00bbtop\u00a0\u00bb shape_divider_bring_to_front=\u00a0\u00bbtrue\u00a0\u00bb bg_image_animation=\u00a0\u00bbnone\u00a0\u00bb shape_type=\u00a0\u00bbwaves_opacity\u00a0\u00bb gradient_type=\u00a0\u00bbdefault\u00a0\u00bb][vc_column column_padding=\u00a0\u00bbno-extra-padding\u00a0\u00bb column_padding_tablet=\u00a0\u00bbinherit\u00a0\u00bb column_padding_phone=\u00a0\u00bbinherit\u00a0\u00bb column_padding_position=\u00a0\u00bball\u00a0\u00bb column_element_direction_desktop=\u00a0\u00bbdefault\u00a0\u00bb column_element_spacing=\u00a0\u00bbdefault\u00a0\u00bb desktop_text_alignment=\u00a0\u00bbdefault\u00a0\u00bb tablet_text_alignment=\u00a0\u00bbdefault\u00a0\u00bb phone_text_alignment=\u00a0\u00bbdefault\u00a0\u00bb background_color_opacity=\u00a0\u00bb1&Prime; background_hover_color_opacity=\u00a0\u00bb1&Prime; column_backdrop_filter=\u00a0\u00bbnone\u00a0\u00bb column_shadow=\u00a0\u00bbnone\u00a0\u00bb column_border_radius=\u00a0\u00bbnone\u00a0\u00bb column_link_target=\u00a0\u00bb_blank\u00a0\u00bb column_position=\u00a0\u00bbdefault\u00a0\u00bb advanced_gradient_angle=\u00a0\u00bb0&Prime; gradient_direction=\u00a0\u00bbleft_to_right\u00a0\u00bb overlay_strength=\u00a0\u00bb0.3&Prime; width=\u00a0\u00bb1\/1&Prime; tablet_width_inherit=\u00a0\u00bbdefault\u00a0\u00bb animation_type=\u00a0\u00bbdefault\u00a0\u00bb bg_image_animation=\u00a0\u00bbnone\u00a0\u00bb border_type=\u00a0\u00bbsimple\u00a0\u00bb column_border_width=\u00a0\u00bbnone\u00a0\u00bb column_border_style=\u00a0\u00bbsolid\u00a0\u00bb gradient_type=\u00a0\u00bbdefault\u00a0\u00bb column_padding_type=\u00a0\u00bbdefault\u00a0\u00bb][vc_raw_html css=\u00a0\u00bb\u00a0\u00bb]JTNDZGl2JTIwY2xhc3MlM0QlMjJsb2FkLXR1cml0b3AlMjIlMjBkYXRhLXNlcnZpY2UlM0QlMjJQMzglMjIlMjBkYXRhLWxhbmclM0QlMjJlbiUyMiUyMCUyMGRhdGEtZW1iZWQlM0QlMjJib3glMjIlM0UlM0MlMkZkaXYlM0U=[\/vc_raw_html][vc_raw_html css=\u00a0\u00bb\u00a0\u00bb]JTNDZGl2JTIwY2xhc3MlM0QlMjJsb2FkLXR1cml0b3AlMjIlMjBkYXRhLXNlcnZpY2UlM0QlMjJQMzklMjIlMjBkYXRhLWxhbmclM0QlMjJlbiUyMiUyMCUyMGRhdGEtZW1iZWQlM0QlMjJib3glMjIlM0UlM0MlMkZkaXYlM0U=[\/vc_raw_html][vc_raw_js]JTNDc2NyaXB0JTIwaWQlM0QlMjJqcy10dXJpdG9wJTIyJTIwc3JjJTNEJTIyaHR0cHMlM0ElMkYlMkZhcHAudHVyaXRvcC5jb20lMkZqcyUyRmxvYWQtdHVyaXRvcC5taW4uanMlMjIlMjBkYXRhLWNvbXBhbnklM0QlMjJKNDA0JTIyJTIwZGF0YS1idXR0b25jb2xvciUzRCUyMmdyZWVuJTIyJTIwZGF0YS1hZmZ0YWclM0QlMjJ0dGFmaWQlMjIlM0UlM0MlMkZzY3JpcHQlM0U=[\/vc_raw_js][\/vc_column][\/vc_row]<\/p>\n","protected":false},"featured_media":2814,"template":"","meta":[],"product_brand":[],"product_cat":[66,71],"product_tag":[],"class_list":{"0":"post-3056","1":"product","2":"type-product","3":"status-publish","4":"has-post-thumbnail","6":"product_cat-popular-fr","7":"product_cat-island-tours-fr","9":"first","10":"instock","11":"shipping-taxable","12":"product-type-external"},"_links":{"self":[{"href":"https:\/\/just-summer.com\/fr\/wp-json\/wp\/v2\/product\/3056","targetHints":{"allow":["GET"]}}],"collection":[{"href":"https:\/\/just-summer.com\/fr\/wp-json\/wp\/v2\/product"}],"about":[{"href":"https:\/\/just-summer.com\/fr\/wp-json\/wp\/v2\/types\/product"}],"wp:featuredmedia":[{"embeddable":true,"href":"https:\/\/just-summer.com\/fr\/wp-json\/wp\/v2\/media\/2814"}],"wp:attachment":[{"href":"https:\/\/just-summer.com\/fr\/wp-json\/wp\/v2\/media?parent=3056"}],"wp:term":[{"taxonomy":"product_brand","embeddable":true,"href":"https:\/\/just-summer.com\/fr\/wp-json\/wp\/v2\/product_brand?post=3056"},{"taxonomy":"product_cat","embeddable":true,"href":"https:\/\/just-summer.com\/fr\/wp-json\/wp\/v2\/product_cat?post=3056"},{"taxonomy":"product_tag","embeddable":true,"href":"https:\/\/just-summer.com\/fr\/wp-json\/wp\/v2\/product_tag?post=3056"}],"curies":[{"name":"wp","href":"https:\/\/api.w.org\/{rel}","templated":true}]}}