{"id":3066,"date":"2025-03-21T08:18:14","date_gmt":"2025-03-21T08:18:14","guid":{"rendered":"https:\/\/just-summer.com\/producto\/swim-with-sharks\/"},"modified":"2025-05-19T09:24:21","modified_gmt":"2025-05-19T09:24:21","slug":"swim-with-sharks","status":"publish","type":"product","link":"https:\/\/just-summer.com\/fr\/producto\/swim-with-sharks\/","title":{"rendered":"PLONG\u00c9E AVEC LES REQUINS AVEC PERMIS<h3> Prix \u00e0 partir de: 183\u00a0\u20ac<\/h3>"},"content":{"rendered":"[vc_row type=\u00a0\u00bbfull_width_background\u00a0\u00bb full_screen_row_position=\u00a0\u00bbmiddle\u00a0\u00bb column_margin=\u00a0\u00bbdefault\u00a0\u00bb column_direction=\u00a0\u00bbdefault\u00a0\u00bb column_direction_tablet=\u00a0\u00bbdefault\u00a0\u00bb column_direction_phone=\u00a0\u00bbdefault\u00a0\u00bb bg_color=\u00a0\u00bbrgba(222,196,159,0.11)\u00a0\u00bb scene_position=\u00a0\u00bbcenter\u00a0\u00bb top_padding=\u00a0\u00bb3%\u00a0\u00bb constrain_group_1=\u00a0\u00bbyes\u00a0\u00bb bottom_padding=\u00a0\u00bb3%\u00a0\u00bb text_color=\u00a0\u00bbdark\u00a0\u00bb text_align=\u00a0\u00bbleft\u00a0\u00bb row_border_radius=\u00a0\u00bbnone\u00a0\u00bb row_border_radius_applies=\u00a0\u00bbbg\u00a0\u00bb overflow=\u00a0\u00bbvisible\u00a0\u00bb overlay_strength=\u00a0\u00bb0.3&Prime; gradient_direction=\u00a0\u00bbleft_to_right\u00a0\u00bb shape_divider_position=\u00a0\u00bbbottom\u00a0\u00bb bg_image_animation=\u00a0\u00bbnone\u00a0\u00bb shape_type=\u00a0\u00bb\u00a0\u00bb gradient_type=\u00a0\u00bbdefault\u00a0\u00bb][vc_column column_padding=\u00a0\u00bbno-extra-padding\u00a0\u00bb column_padding_tablet=\u00a0\u00bbinherit\u00a0\u00bb column_padding_phone=\u00a0\u00bbinherit\u00a0\u00bb column_padding_position=\u00a0\u00bball\u00a0\u00bb column_element_direction_desktop=\u00a0\u00bbdefault\u00a0\u00bb column_element_spacing=\u00a0\u00bbdefault\u00a0\u00bb desktop_text_alignment=\u00a0\u00bbdefault\u00a0\u00bb tablet_text_alignment=\u00a0\u00bbdefault\u00a0\u00bb phone_text_alignment=\u00a0\u00bbdefault\u00a0\u00bb background_color_opacity=\u00a0\u00bb1&Prime; background_hover_color_opacity=\u00a0\u00bb1&Prime; column_backdrop_filter=\u00a0\u00bbnone\u00a0\u00bb column_shadow=\u00a0\u00bbnone\u00a0\u00bb column_border_radius=\u00a0\u00bbnone\u00a0\u00bb column_link_target=\u00a0\u00bb_self\u00a0\u00bb column_position=\u00a0\u00bbdefault\u00a0\u00bb gradient_direction=\u00a0\u00bbleft_to_right\u00a0\u00bb overlay_strength=\u00a0\u00bb0.3&Prime; width=\u00a0\u00bb1\/1&Prime; tablet_width_inherit=\u00a0\u00bbdefault\u00a0\u00bb animation_type=\u00a0\u00bbdefault\u00a0\u00bb bg_image_animation=\u00a0\u00bbnone\u00a0\u00bb border_type=\u00a0\u00bbsimple\u00a0\u00bb column_border_width=\u00a0\u00bbnone\u00a0\u00bb column_border_style=\u00a0\u00bbsolid\u00a0\u00bb][tabbed_section style=\u00a0\u00bbminimal_flexible\u00a0\u00bb tab_color=\u00a0\u00bbAccent-Color\u00a0\u00bb vs_content_animation=\u00a0\u00bbfade\u00a0\u00bb vs_link_animation=\u00a0\u00bbopacity\u00a0\u00bb vs_navigation_alignment=\u00a0\u00bbleft\u00a0\u00bb vs_navigation_width_2=\u00a0\u00bb25%\u00a0\u00bb vs_navigation_func=\u00a0\u00bbdefault\u00a0\u00bb vs_navigation_width=\u00a0\u00bbregular\u00a0\u00bb vs_navigation_spacing=\u00a0\u00bb15px\u00a0\u00bb vs_navigation_mobile_display=\u00a0\u00bbvisible\u00a0\u00bb vs_tab_spacing=\u00a0\u00bb5%\u00a0\u00bb icon_size=\u00a0\u00bb32&Prime;][tab icon_family=\u00a0\u00bbnone\u00a0\u00bb title=\u00a0\u00bbCE QUI EST INCLUS\u00a0\u00bb id=\u00a0\u00bb1747646120190-1&Prime; tab_id=\u00a0\u00bb1747646120190-2&Prime;][vc_column_text css=\u00a0\u00bb\u00a0\u00bb text_direction=\u00a0\u00bbdefault\u00a0\u00bb]\n<ul>\n<li>Entr\u00e9e gratuite \u00e0 l&rsquo;Aquarium de Palma (pour le plongeur et un accompagnateur)<\/li>\n<li>\u00c9quipement de plong\u00e9e complet<\/li>\n<li>Instructeur professionnel<\/li>\n<li>Assurance plong\u00e9e<\/li>\n<\/ul>\n[\/vc_column_text][\/tab][tab icon_family=\u00a0\u00bbnone\u00a0\u00bb title=\u00a0\u00bbDESCRIPTION\u00a0\u00bb id=\u00a0\u00bb1747646120217-1&Prime; tab_id=\u00a0\u00bb1747646120217-2&Prime;][vc_column_text css=\u00a0\u00bb\u00a0\u00bb text_direction=\u00a0\u00bbdefault\u00a0\u00bb]Plongez dans le Grand Bleu, l&rsquo;un des bassins \u00e0 requins les plus profonds d&rsquo;Europe, avec 3,5 millions de litres d&rsquo;eau sal\u00e9e et 10 requins incroyables. Guid\u00e9 par un instructeur certifi\u00e9 de l&rsquo;Aquarium de Palma, cette exp\u00e9rience est unique pour les plongeurs agr\u00e9\u00e9s.[\/vc_column_text][\/tab][tab icon_family=\u00a0\u00bbnone\u00a0\u00bb title=\u00a0\u00bbEMPLACEMENT\u00a0\u00bb id=\u00a0\u00bb1747646120236-2&Prime; tab_id=\u00a0\u00bb1747646120236-6&Prime;][vc_column_text css=\u00a0\u00bb\u00a0\u00bb text_direction=\u00a0\u00bbdefault\u00a0\u00bb]<iframe loading=\"lazy\" style=\"border: 0;\" src=\"https:\/\/www.google.com\/maps\/embed?pb=!1m18!1m12!1m3!1d3321.668696859083!2d2.726954276075208!3d39.531378309048364!2m3!1f0!2f0!3f0!3m2!1i1024!2i768!4f13.1!3m3!1m2!1s0x1297969cfbd5a3d1%3A0x2bdad6add74d4b33!2sPalma%20Aquarium!5e1!3m2!1ses!2sve!4v1743429939447!5m2!1ses!2sve\" width=\"100%\" height=\"450\" allowfullscreen=\"allowfullscreen\"><\/iframe>[\/vc_column_text][\/tab][tab icon_family=\u00a0\u00bbnone\u00a0\u00bb title=\u00a0\u00bbINFORMATIONS DE BASE\u00a0\u00bb id=\u00a0\u00bb1747646120259-10&Prime; tab_id=\u00a0\u00bb1747646120259-8&Prime;][vc_column_text css=\u00a0\u00bb\u00a0\u00bb text_direction=\u00a0\u00bbdefault\u00a0\u00bb]Informations importantes\u00a0:<br \/>\n\u2022 Licence de plong\u00e9e requise<br \/>\n\u2022 Certificat m\u00e9dical (d\u00e9livr\u00e9 dans les 12\u00a0derniers mois) obligatoire<br \/>\n\u2022 Plong\u00e9e interdite 12\u00a0heures avant ou apr\u00e8s un vol<br \/>\n\u2022 Profondeur maximale\u00a0: 8,5\u00a0m\u00e8tres<br \/>\n\u2022 Dur\u00e9e\u00a0: environ 2,5\u00a0heures<br \/>\n\u2022 Sous r\u00e9serve des conditions m\u00e9t\u00e9orologiques et biologiques<br \/>\n\u2022 Langues\u00a0: espagnol \u00b7 anglais \u00b7 allemand<br \/>\n\u2022 Offre exclusive en ligne<br \/>\n\u2022 Aucun remboursement possible en cas de non-respect des conditions ci-dessus<\/p>\n<p>Admissibilit\u00e9\u00a0:<br \/>\n\u2022 Plongeurs certifi\u00e9s \u00e2g\u00e9s de 12\u00a0ans et plus<\/p>\n<p>Tarif\u00a0: 183,00\u00a0\u20ac[\/vc_column_text][\/tab][\/tabbed_section][\/vc_column][\/vc_row]\n","protected":false},"excerpt":{"rendered":"<p>Plongez dans le Grand Bleu, l&rsquo;un des bassins \u00e0 requins les plus profonds d&rsquo;Europe, avec 3,5 millions de litres d&rsquo;eau sal\u00e9e et 10 requins incroyables. Guid\u00e9 par un instructeur certifi\u00e9 de l&rsquo;Aquarium de Palma, cette exp\u00e9rience est unique pour les plongeurs agr\u00e9\u00e9s.<\/p>\n","protected":false},"featured_media":3454,"template":"","meta":[],"product_brand":[],"product_cat":[63],"product_tag":[],"class_list":{"0":"post-3066","1":"product","2":"type-product","3":"status-publish","4":"has-post-thumbnail","6":"product_cat-adultes","8":"first","9":"instock","10":"shipping-taxable","11":"product-type-external"},"_links":{"self":[{"href":"https:\/\/just-summer.com\/fr\/wp-json\/wp\/v2\/product\/3066","targetHints":{"allow":["GET"]}}],"collection":[{"href":"https:\/\/just-summer.com\/fr\/wp-json\/wp\/v2\/product"}],"about":[{"href":"https:\/\/just-summer.com\/fr\/wp-json\/wp\/v2\/types\/product"}],"wp:featuredmedia":[{"embeddable":true,"href":"https:\/\/just-summer.com\/fr\/wp-json\/wp\/v2\/media\/3454"}],"wp:attachment":[{"href":"https:\/\/just-summer.com\/fr\/wp-json\/wp\/v2\/media?parent=3066"}],"wp:term":[{"taxonomy":"product_brand","embeddable":true,"href":"https:\/\/just-summer.com\/fr\/wp-json\/wp\/v2\/product_brand?post=3066"},{"taxonomy":"product_cat","embeddable":true,"href":"https:\/\/just-summer.com\/fr\/wp-json\/wp\/v2\/product_cat?post=3066"},{"taxonomy":"product_tag","embeddable":true,"href":"https:\/\/just-summer.com\/fr\/wp-json\/wp\/v2\/product_tag?post=3066"}],"curies":[{"name":"wp","href":"https:\/\/api.w.org\/{rel}","templated":true}]}}