{"id":3072,"date":"2025-04-08T14:30:21","date_gmt":"2025-04-08T14:30:21","guid":{"rendered":"https:\/\/just-summer.com\/producto\/ballooning-mallorca-price-from-190e\/"},"modified":"2025-04-15T22:51:16","modified_gmt":"2025-04-15T22:51:16","slug":"ballooning-mallorca-price-from-190e","status":"publish","type":"product","link":"https:\/\/just-summer.com\/fr\/producto\/ballooning-mallorca-price-from-190e\/","title":{"rendered":"BALLOONING MALLORCA <h3> Prix \u200b\u200b\u00e0 partir de: 190\u20ac<\/h3>"},"content":{"rendered":"[vc_row type=\u00a0\u00bbfull_width_background\u00a0\u00bb full_screen_row_position=\u00a0\u00bbmiddle\u00a0\u00bb column_margin=\u00a0\u00bbdefault\u00a0\u00bb column_direction=\u00a0\u00bbdefault\u00a0\u00bb column_direction_tablet=\u00a0\u00bbdefault\u00a0\u00bb column_direction_phone=\u00a0\u00bbdefault\u00a0\u00bb bg_color=\u00a0\u00bbrgba(222,196,159,0.11)\u00a0\u00bb scene_position=\u00a0\u00bbcenter\u00a0\u00bb top_padding=\u00a0\u00bb3%\u00a0\u00bb constrain_group_1=\u00a0\u00bbyes\u00a0\u00bb bottom_padding=\u00a0\u00bb3%\u00a0\u00bb text_color=\u00a0\u00bbdark\u00a0\u00bb text_align=\u00a0\u00bbleft\u00a0\u00bb row_border_radius=\u00a0\u00bbnone\u00a0\u00bb row_border_radius_applies=\u00a0\u00bbbg\u00a0\u00bb overflow=\u00a0\u00bbvisible\u00a0\u00bb overlay_strength=\u00a0\u00bb0.3&Prime; gradient_direction=\u00a0\u00bbleft_to_right\u00a0\u00bb shape_divider_position=\u00a0\u00bbbottom\u00a0\u00bb bg_image_animation=\u00a0\u00bbnone\u00a0\u00bb shape_type=\u00a0\u00bb\u00a0\u00bb gradient_type=\u00a0\u00bbdefault\u00a0\u00bb][vc_column column_padding=\u00a0\u00bbno-extra-padding\u00a0\u00bb column_padding_tablet=\u00a0\u00bbinherit\u00a0\u00bb column_padding_phone=\u00a0\u00bbinherit\u00a0\u00bb column_padding_position=\u00a0\u00bball\u00a0\u00bb column_element_direction_desktop=\u00a0\u00bbdefault\u00a0\u00bb column_element_spacing=\u00a0\u00bbdefault\u00a0\u00bb desktop_text_alignment=\u00a0\u00bbdefault\u00a0\u00bb tablet_text_alignment=\u00a0\u00bbdefault\u00a0\u00bb phone_text_alignment=\u00a0\u00bbdefault\u00a0\u00bb background_color_opacity=\u00a0\u00bb1&Prime; background_hover_color_opacity=\u00a0\u00bb1&Prime; column_backdrop_filter=\u00a0\u00bbnone\u00a0\u00bb column_shadow=\u00a0\u00bbnone\u00a0\u00bb column_border_radius=\u00a0\u00bbnone\u00a0\u00bb column_link_target=\u00a0\u00bb_self\u00a0\u00bb column_position=\u00a0\u00bbdefault\u00a0\u00bb gradient_direction=\u00a0\u00bbleft_to_right\u00a0\u00bb overlay_strength=\u00a0\u00bb0.3&Prime; width=\u00a0\u00bb1\/1&Prime; tablet_width_inherit=\u00a0\u00bbdefault\u00a0\u00bb animation_type=\u00a0\u00bbdefault\u00a0\u00bb bg_image_animation=\u00a0\u00bbnone\u00a0\u00bb border_type=\u00a0\u00bbsimple\u00a0\u00bb column_border_width=\u00a0\u00bbnone\u00a0\u00bb column_border_style=\u00a0\u00bbsolid\u00a0\u00bb][tabbed_section style=\u00a0\u00bbminimal_flexible\u00a0\u00bb tab_color=\u00a0\u00bbAccent-Color\u00a0\u00bb vs_content_animation=\u00a0\u00bbfade\u00a0\u00bb vs_link_animation=\u00a0\u00bbopacity\u00a0\u00bb vs_navigation_alignment=\u00a0\u00bbleft\u00a0\u00bb vs_navigation_width_2=\u00a0\u00bb25%\u00a0\u00bb vs_navigation_func=\u00a0\u00bbdefault\u00a0\u00bb vs_navigation_width=\u00a0\u00bbregular\u00a0\u00bb vs_navigation_spacing=\u00a0\u00bb15px\u00a0\u00bb vs_navigation_mobile_display=\u00a0\u00bbvisible\u00a0\u00bb vs_tab_spacing=\u00a0\u00bb5%\u00a0\u00bb icon_size=\u00a0\u00bb32&Prime;][tab icon_family=\u00a0\u00bbnone\u00a0\u00bb title=\u00a0\u00bbDESCRIPTION\u00a0\u00bb id=\u00a0\u00bb1744757348437-1&Prime; tab_id=\u00a0\u00bb1744757348438-3&Prime;][vc_column_text css=\u00a0\u00bb\u00a0\u00bb text_direction=\u00a0\u00bbdefault\u00a0\u00bb]Informations importantes concernant la r\u00e9servation\u00a0:<br \/>\n\u2022 Les enfants de moins de 5\u00a0ans ne sont pas admis.<br \/>\n\u2022 Les r\u00e9servations doivent \u00eatre effectu\u00e9es au moins 48\u00a0heures \u00e0 l\u2019avance.<br \/>\n\u2022 Les vols de groupe (lever et coucher du soleil) permettent une r\u00e9servation maximale de 8\u00a0si\u00e8ges.<br \/>\n\u2022 Nous exigeons le nom et le poids de chaque passager.<br \/>\n\u2022 Les passagers de plus de 100\u00a0kg doivent acheter deux billets.<br \/>\n\u2022 Nous avons \u00e9galement besoin du num\u00e9ro de t\u00e9l\u00e9phone portable et de l\u2019adresse e-mail de la personne effectuant la r\u00e9servation.[\/vc_column_text][\/tab][tab icon_family=\u00a0\u00bbnone\u00a0\u00bb title=\u00a0\u00bbEMPLACEMENT\u00a0\u00bb id=\u00a0\u00bb1744757348498-2&Prime; tab_id=\u00a0\u00bb1744757348499-8&Prime;][vc_column_text css=\u00a0\u00bb\u00a0\u00bb text_direction=\u00a0\u00bbdefault\u00a0\u00bb]<iframe loading=\"lazy\" style=\"border: 0;\" src=\"https:\/\/www.google.com\/maps\/embed?pb=!1m18!1m12!1m3!1d6626.232296619005!2d3.451496395640019!3d39.70980298985741!2m3!1f0!2f0!3f0!3m2!1i1024!2i768!4f13.1!3m3!1m2!1s0x12961658b5d2ed75%3A0x71358fc710c40161!2s07590%20Cala%20Ratjada%2C%20Bal%C3%A9ares%2C%20Espagne!5e1!3m2!1sfr!2sve!4v1744319498074!5m2!1sfr!2sve\" width=\"100%\" height=\"450\" allowfullscreen=\"allowfullscreen\"><\/iframe>[\/vc_column_text][\/tab][tab icon_family=\u00a0\u00bbnone\u00a0\u00bb title=\u00a0\u00bbINFORMATIONS DE BASE\u00a0\u00bb id=\u00a0\u00bb1744757348540-1&Prime; tab_id=\u00a0\u00bb1744757348541-0&Prime;][vc_column_text css=\u00a0\u00bb\u00a0\u00bb text_direction=\u00a0\u00bbdefault\u00a0\u00bb]Confirmation et horaires du vol\u00a0:<br \/>\n\u2022 Nous contacterons les clients la veille pour confirmer\u00a0:<br \/>\n\u2022 Conditions m\u00e9t\u00e9orologiques<br \/>\n\u2022 Point et heure de rendez-vous<br \/>\n\u2022 Horaires des vols\u00a0:<br \/>\n\u2022 Vols du matin\u00a0: entre 6\u00a0h\u00a030 et 7\u00a0h\u00a000<br \/>\n\u2022 Vols du soir\u00a0: entre 18\u00a0h\u00a000 et 20\u00a0h\u00a030<\/p>\n<p>Groupe minimum requis\u00a0:<br \/>\n\u2022 Un minimum de 5 adultes (enfants non inclus) est requis pour le vol.<br \/>\n\u2022 Le vol peut \u00eatre annul\u00e9 si le nombre minimum de participants n\u2019est pas atteint.<\/p>\n<p>Point de rendez-vous et conditions m\u00e9t\u00e9orologiques\u00a0:<br \/>\n\u2022 Le point de rendez-vous d\u00e9pend de la direction du vent\u00a0:<br \/>\n\u2022 Vols du matin\u00a0: Sant Lloren\u00e7, Manacor, Petra, etc.<br \/>\n\u2022 Vols de l\u2019apr\u00e8s-midi\u00a0: Cala Millor, Arta, Sant Lloren\u00e7, etc.<br \/>\n\u2022 Si le vol ne peut avoir lieu, nous vous proposerons une autre date ou un remboursement int\u00e9gral.[\/vc_column_text][\/tab][\/tabbed_section][\/vc_column][\/vc_row]\n","protected":false},"excerpt":{"rendered":"<p>Tarifs\u00a0:<br \/>\n\u2022 Vol au lever du soleil\u00a0: 190\u00a0\u20ac (acompte de 19\u00a0\u20ac)<br \/>\n\u2022 Vol au coucher du soleil\u00a0: 215\u00a0\u20ac (acompte de 21,5\u00a0\u20ac)<br \/>\n\u2022 Vol au lever du soleil pour les enfants (5-12\u00a0ans)\u00a0: 130\u00a0\u20ac (acompte de 13\u00a0\u20ac)<br \/>\n\u2022 Vol au coucher du soleil pour les enfants (5-12\u00a0ans)\u00a0: 150\u00a0\u20ac (acompte de 15\u00a0\u20ac)<br \/>\nLe solde doit \u00eatre r\u00e9gl\u00e9 le jour de l\u2019excursion.<\/p>\n[ninja_form id=1]\n","protected":false},"featured_media":2924,"template":"","meta":[],"product_brand":[],"product_cat":[69],"product_tag":[],"class_list":{"0":"post-3072","1":"product","2":"type-product","3":"status-publish","4":"has-post-thumbnail","6":"product_cat-family-fun-fr","8":"first","9":"instock","10":"shipping-taxable","11":"product-type-external"},"_links":{"self":[{"href":"https:\/\/just-summer.com\/fr\/wp-json\/wp\/v2\/product\/3072","targetHints":{"allow":["GET"]}}],"collection":[{"href":"https:\/\/just-summer.com\/fr\/wp-json\/wp\/v2\/product"}],"about":[{"href":"https:\/\/just-summer.com\/fr\/wp-json\/wp\/v2\/types\/product"}],"wp:featuredmedia":[{"embeddable":true,"href":"https:\/\/just-summer.com\/fr\/wp-json\/wp\/v2\/media\/2924"}],"wp:attachment":[{"href":"https:\/\/just-summer.com\/fr\/wp-json\/wp\/v2\/media?parent=3072"}],"wp:term":[{"taxonomy":"product_brand","embeddable":true,"href":"https:\/\/just-summer.com\/fr\/wp-json\/wp\/v2\/product_brand?post=3072"},{"taxonomy":"product_cat","embeddable":true,"href":"https:\/\/just-summer.com\/fr\/wp-json\/wp\/v2\/product_cat?post=3072"},{"taxonomy":"product_tag","embeddable":true,"href":"https:\/\/just-summer.com\/fr\/wp-json\/wp\/v2\/product_tag?post=3072"}],"curies":[{"name":"wp","href":"https:\/\/api.w.org\/{rel}","templated":true}]}}