{"id":3074,"date":"2025-04-08T14:24:50","date_gmt":"2025-04-08T14:24:50","guid":{"rendered":"https:\/\/just-summer.com\/producto\/barca-samba\/"},"modified":"2025-08-01T19:46:19","modified_gmt":"2025-08-01T19:46:19","slug":"barca-samba","status":"publish","type":"product","link":"https:\/\/just-summer.com\/fr\/producto\/barca-samba\/","title":{"rendered":"BARCA SAMBA <h3> Prix \u200b\u200b\u00e0 partir de: 39.90\u20ac<\/h3>"},"content":{"rendered":"[vc_row type=\u00a0\u00bbfull_width_background\u00a0\u00bb full_screen_row_position=\u00a0\u00bbmiddle\u00a0\u00bb column_margin=\u00a0\u00bbdefault\u00a0\u00bb column_direction=\u00a0\u00bbdefault\u00a0\u00bb column_direction_tablet=\u00a0\u00bbdefault\u00a0\u00bb column_direction_phone=\u00a0\u00bbdefault\u00a0\u00bb bg_color=\u00a0\u00bbrgba(222,196,159,0.11)\u00a0\u00bb scene_position=\u00a0\u00bbcenter\u00a0\u00bb top_padding=\u00a0\u00bb3%\u00a0\u00bb constrain_group_1=\u00a0\u00bbyes\u00a0\u00bb bottom_padding=\u00a0\u00bb3%\u00a0\u00bb text_color=\u00a0\u00bbdark\u00a0\u00bb text_align=\u00a0\u00bbleft\u00a0\u00bb row_border_radius=\u00a0\u00bbnone\u00a0\u00bb row_border_radius_applies=\u00a0\u00bbbg\u00a0\u00bb overflow=\u00a0\u00bbvisible\u00a0\u00bb overlay_strength=\u00a0\u00bb0.3&Prime; gradient_direction=\u00a0\u00bbleft_to_right\u00a0\u00bb shape_divider_position=\u00a0\u00bbbottom\u00a0\u00bb bg_image_animation=\u00a0\u00bbnone\u00a0\u00bb shape_type=\u00a0\u00bb\u00a0\u00bb gradient_type=\u00a0\u00bbdefault\u00a0\u00bb][vc_column column_padding=\u00a0\u00bbno-extra-padding\u00a0\u00bb column_padding_tablet=\u00a0\u00bbinherit\u00a0\u00bb column_padding_phone=\u00a0\u00bbinherit\u00a0\u00bb column_padding_position=\u00a0\u00bball\u00a0\u00bb column_element_direction_desktop=\u00a0\u00bbdefault\u00a0\u00bb column_element_spacing=\u00a0\u00bbdefault\u00a0\u00bb desktop_text_alignment=\u00a0\u00bbdefault\u00a0\u00bb tablet_text_alignment=\u00a0\u00bbdefault\u00a0\u00bb phone_text_alignment=\u00a0\u00bbdefault\u00a0\u00bb background_color_opacity=\u00a0\u00bb1&Prime; background_hover_color_opacity=\u00a0\u00bb1&Prime; column_backdrop_filter=\u00a0\u00bbnone\u00a0\u00bb column_shadow=\u00a0\u00bbnone\u00a0\u00bb column_border_radius=\u00a0\u00bbnone\u00a0\u00bb column_link_target=\u00a0\u00bb_self\u00a0\u00bb column_position=\u00a0\u00bbdefault\u00a0\u00bb gradient_direction=\u00a0\u00bbleft_to_right\u00a0\u00bb overlay_strength=\u00a0\u00bb0.3&Prime; width=\u00a0\u00bb1\/1&Prime; tablet_width_inherit=\u00a0\u00bbdefault\u00a0\u00bb animation_type=\u00a0\u00bbdefault\u00a0\u00bb bg_image_animation=\u00a0\u00bbnone\u00a0\u00bb border_type=\u00a0\u00bbsimple\u00a0\u00bb column_border_width=\u00a0\u00bbnone\u00a0\u00bb column_border_style=\u00a0\u00bbsolid\u00a0\u00bb][tabbed_section style=\u00a0\u00bbminimal_flexible\u00a0\u00bb tab_color=\u00a0\u00bbAccent-Color\u00a0\u00bb vs_content_animation=\u00a0\u00bbfade\u00a0\u00bb vs_link_animation=\u00a0\u00bbopacity\u00a0\u00bb vs_navigation_alignment=\u00a0\u00bbleft\u00a0\u00bb vs_navigation_width_2=\u00a0\u00bb25%\u00a0\u00bb vs_navigation_func=\u00a0\u00bbdefault\u00a0\u00bb vs_navigation_width=\u00a0\u00bbregular\u00a0\u00bb vs_navigation_spacing=\u00a0\u00bb15px\u00a0\u00bb vs_navigation_mobile_display=\u00a0\u00bbvisible\u00a0\u00bb vs_tab_spacing=\u00a0\u00bb5%\u00a0\u00bb icon_size=\u00a0\u00bb32&Prime;][tab icon_family=\u00a0\u00bbnone\u00a0\u00bb title=\u00a0\u00bbDESCRIPTION\u00a0\u00bb id=\u00a0\u00bb1745257996297-9&Prime; tab_id=\u00a0\u00bb1745257996297-5&Prime;][vc_column_text css=\u00a0\u00bb\u00a0\u00bb text_direction=\u00a0\u00bbdefault\u00a0\u00bb]Vivez des moments inoubliables \u00e0 bord du Barca Samba, l&rsquo;exp\u00e9rience ultime de f\u00eate et de d\u00e9tente en bateau \u00e0 Palma de Majorque. Profitez de concerts, de sets de DJ, d&rsquo;arr\u00eats baignade et d&rsquo;une ambiance chaleureuse tout en naviguant le long de la magnifique c\u00f4te.[\/vc_column_text][\/tab][tab icon_family=\u00a0\u00bbnone\u00a0\u00bb title=\u00a0\u00bbVIDEO\u00a0\u00bb id=\u00a0\u00bb1745257997882-4&Prime; tab_id=\u00a0\u00bb1745257997883-6&Prime;][nectar_video_player_self_hosted video_mp4=\u00a0\u00bbhttps:\/\/just-summer.com\/wp-content\/uploads\/2025\/04\/SAMBA.mp4&Prime; player_functionality=\u00a0\u00bbdefault\u00a0\u00bb border_radius=\u00a0\u00bbnone\u00a0\u00bb box_shadow=\u00a0\u00bbnone\u00a0\u00bb advanced_gradient_display_type=\u00a0\u00bblinear\u00a0\u00bb][\/tab][tab icon_family=\u00a0\u00bbnone\u00a0\u00bb title=\u00a0\u00bbEMPLACEMENT\u00a0\u00bb id=\u00a0\u00bb1745257996325-9&Prime; tab_id=\u00a0\u00bb1745257996326-3&Prime;][vc_column_text css=\u00a0\u00bb\u00a0\u00bb text_direction=\u00a0\u00bbdefault\u00a0\u00bb]<iframe loading=\"lazy\" style=\"border: 0;\" src=\"https:\/\/www.google.com\/maps\/embed?pb=!1m18!1m12!1m3!1d3320.010007244267!2d2.6305287!3d39.566034699999996!2m3!1f0!2f0!3f0!3m2!1i1024!2i768!4f13.1!3m3!1m2!1s0x1297926e703351d9%3A0x6f2eb4f963c4a322!2sBarca%20Samba!5e1!3m2!1sfr!2sve!4v1744319568135!5m2!1sfr!2sve\" width=\"100%\" height=\"450\" allowfullscreen=\"allowfullscreen\"><\/iframe>[\/vc_column_text][\/tab][tab icon_family=\u00a0\u00bbnone\u00a0\u00bb title=\u00a0\u00bbINFORMATIONS DE BASE\u00a0\u00bb id=\u00a0\u00bb1745257996348-2&Prime; tab_id=\u00a0\u00bb1745257996349-8&Prime;][vc_column_text css=\u00a0\u00bb\u00a0\u00bb text_direction=\u00a0\u00bbdefault\u00a0\u00bb]Excursions et tarifs\u00a0:<\/p>\n<p><span style=\"color: #00ccff;\"><strong>Snorkeling et musique live \u2013 4\u00a0h<\/strong><\/span><br \/>\n\u2022 Saison\u00a0: mai \u2013 octobre (du dimanche au jeudi, sauf le mercredi) \u00e0 10\u00a0h<br \/>\n\u2022 Comprend\u00a0:<br \/>\n\u2022 1 boisson<br \/>\n\u2022 Restauration<br \/>\n\u2022 2 arr\u00eats baignade<br \/>\n\u2022 DJ guitariste live<br \/>\n\u2022 Prix\u00a0: 49,90\u00a0\u20ac<\/p>\n<p>&#8212;&#8212;&#8212;&#8212;&#8212;&#8212;&#8212;&#8212;&#8212;&#8212;&#8212;&#8212;&#8212;&#8212;&#8212;&#8212;&#8212;&#8212;&#8212;&#8212;&#8212;&#8211;<\/p>\n<p><strong><span style=\"color: #00ccff;\">F\u00eate sur un bateau \u2013 4\u00a0h<\/span><\/strong><br \/>\n\u2022 Saison\u00a0: du 4\u00a0avril au 31\u00a0octobre (tous les jours \u00e0 14\u00a0h\u00a030)<br \/>\n\u2022 Horaire suppl\u00e9mentaire\u00a0:<br \/>\n\u2022 15\u00a0avril au 17\u00a0juillet et octobre\u00a0: vendredi et samedi \u00e0 10\u00a0h<br \/>\n\u2022 Comprend\u00a0:<br \/>\n\u2022 1 boisson*<br \/>\n\u2022 Restauration<br \/>\n\u2022 1 arr\u00eat baignade<br \/>\n\u2022 DJ international live<br \/>\n\u2022 Prix\u00a0:<br \/>\n\u2022 Du lundi au vendredi et Dimanche (14h30) : 59,90 \u20ac<br \/>\n\u2022 Samedi (14h30) : 69,90 \u20ac<\/p>\n<p>&#8212;&#8212;&#8212;&#8212;&#8212;&#8212;&#8212;&#8212;&#8212;&#8212;&#8212;&#8212;&#8212;&#8212;&#8212;&#8212;&#8212;&#8212;&#8212;&#8212;&#8212;&#8211;<\/p>\n<p><span style=\"color: #00ccff;\"><strong>Bateau d&rsquo;\u00e9chauffement \u2013 \u200b\u200b3 h<\/strong><\/span><br \/>\n\u2022 Saison : 18 juillet \u2013 30 septembre (vendredi et samedi \u00e0 11 h)<br \/>\n\u2022 Comprend :<br \/>\n\u2022 1 boisson*<br \/>\n\u2022 En-cas<br \/>\n\u2022 1 pause baignade<br \/>\n\u2022 DJ international<br \/>\n\u2022 Prix : 39,90 \u20ac<\/p>\n<p>&#8212;&#8212;&#8212;&#8212;&#8212;&#8212;&#8212;&#8212;&#8212;&#8212;&#8212;&#8212;&#8212;&#8212;&#8212;&#8212;&#8212;&#8212;&#8212;&#8212;&#8212;&#8211;<\/p>\n<p><span style=\"color: #00ccff;\"><strong>Coucher de soleil relaxant \u2013 3 h<\/strong><\/span><br \/>\n\u2022 Saison :<br \/>\n\u2022 4 avril \u2013 14 juin et Octobre (tous les jours)<br \/>\n\u2022 Du 15 juin au 30 septembre (mercredi, vendredi, samedi et dimanche \u00e0 19h00)<br \/>\n\u2022 Inclus\u00a0:<br \/>\n\u2022 1 boisson*<br \/>\n\u2022 En-cas<br \/>\n\u2022 DJ international<br \/>\n\u2022 Prix\u00a0:<br \/>\n\u2022 Dimanche \u2013 Vendredi\u00a0: 44,90\u00a0\u20ac<br \/>\n\u2022 Samedi\u00a0: 49,90\u00a0\u20ac<\/p>\n<p>&#8212;&#8212;&#8212;&#8212;&#8212;&#8212;&#8212;&#8212;&#8212;&#8212;&#8212;&#8212;&#8212;&#8212;&#8212;&#8212;&#8212;&#8212;&#8212;&#8212;&#8212;&#8211;<\/p>\n<p><span style=\"color: #00ccff;\"><strong>Baignade au coucher du soleil \u2013 3\u00a0h<\/strong><\/span><br \/>\n\u2022 Saison\u00a0: Du 15 juin au 30 septembre (lundi, mardi et jeudi \u00e0 19h00)<br \/>\n\u2022 Inclus\u00a0:<br \/>\n\u2022 1 boisson*<br \/>\n\u2022 En-cas<br \/>\n\u2022 1 pause baignade<br \/>\n\u2022 DJ international<br \/>\n\u2022 Prix\u00a0:<br \/>\n\u2022 Dimanche \u2013 Vendredi\u00a0: 44,90\u00a0\u20ac<br \/>\n\u2022 Samedi\u00a0: 49,90\u00a0\u20ac<\/p>\n<p>&#8212;&#8212;&#8212;&#8212;&#8212;&#8212;&#8212;&#8212;&#8212;&#8212;&#8212;&#8212;&#8212;&#8212;&#8212;&#8212;&#8212;&#8212;&#8212;&#8212;&#8212;&#8211;<\/p>\n<p><span style=\"color: #00ccff;\"><strong>Discoth\u00e8que nocturne \u2013 2h30<\/strong><\/span><br \/>\n\u2022 Saison\u00a0: mai \u2013 octobre (tous les jours \u00e0 22h30)<br \/>\n\u2022 Inclus\u00a0:<br \/>\n\u2022 1 boisson<br \/>\n\u2022 En-cas<br \/>\n\u2022 DJ international en direct<br \/>\n\u2022 Tarif\u00a0:<br \/>\n\u2022 Dimanche \u2013 vendredi\u00a0: 39,90\u00a0\u20ac<br \/>\n\u2022 Samedi\u00a0: 49,90\u00a0\u20ac[\/vc_column_text][\/tab][\/tabbed_section][\/vc_column][\/vc_row]\n","protected":false},"excerpt":{"rendered":"<p>\ud83c\udf79 Ce que vous allez adorer\u00a0:<\/p>\n<p>* Capacit\u00e9 de 112 personnes avec beaucoup d&rsquo;espace pour se d\u00e9placer et se rencontrer<br \/>\n* Solarium sur le pont sup\u00e9rieur, piste de danse, bar \u00e0 cocktails et espace buffet<br \/>\n* Plong\u00e9e avec tuba, baignade, danse ou tout simplement d\u00e9tente\u00a0: \u00e0 vous de choisir<br \/>\n* DJ live, musique, \u00e9v\u00e9nements th\u00e9matiques et personnel professionnel<br \/>\n* \u00c9quipage multilingue\u00a0: anglais, espagnol, allemand et plus encore<br \/>\n* Id\u00e9al pour les anniversaires, les enterrements de vie de jeune fille\/gar\u00e7on, ou tout simplement pour une journ\u00e9e de d\u00e9tente\u00a0!<\/p>\n<p><span style=\"color: #ff0000;\"><strong>R\u00e9serv\u00e9 aux plus de 18 ans | Veuillez consommer avec mod\u00e9ration <\/strong><\/span><\/p>\n[button color=\"accent-color\" hover_text_color_override=\"#fff\" size=\"large\" url=\"https:\/\/booking.barcasamba.com\/en\/activities-search\/?b2b2c=020a55e2-b47d-4716-a865-fcc16e445b86\" target=\"_blank\" text=\"BOOK NOW\" color_override=\"\"]\n","protected":false},"featured_media":3028,"template":"","meta":[],"product_brand":[],"product_cat":[63],"product_tag":[],"class_list":{"0":"post-3074","1":"product","2":"type-product","3":"status-publish","4":"has-post-thumbnail","6":"product_cat-adultes","8":"first","9":"instock","10":"shipping-taxable","11":"product-type-external"},"_links":{"self":[{"href":"https:\/\/just-summer.com\/fr\/wp-json\/wp\/v2\/product\/3074","targetHints":{"allow":["GET"]}}],"collection":[{"href":"https:\/\/just-summer.com\/fr\/wp-json\/wp\/v2\/product"}],"about":[{"href":"https:\/\/just-summer.com\/fr\/wp-json\/wp\/v2\/types\/product"}],"wp:featuredmedia":[{"embeddable":true,"href":"https:\/\/just-summer.com\/fr\/wp-json\/wp\/v2\/media\/3028"}],"wp:attachment":[{"href":"https:\/\/just-summer.com\/fr\/wp-json\/wp\/v2\/media?parent=3074"}],"wp:term":[{"taxonomy":"product_brand","embeddable":true,"href":"https:\/\/just-summer.com\/fr\/wp-json\/wp\/v2\/product_brand?post=3074"},{"taxonomy":"product_cat","embeddable":true,"href":"https:\/\/just-summer.com\/fr\/wp-json\/wp\/v2\/product_cat?post=3074"},{"taxonomy":"product_tag","embeddable":true,"href":"https:\/\/just-summer.com\/fr\/wp-json\/wp\/v2\/product_tag?post=3074"}],"curies":[{"name":"wp","href":"https:\/\/api.w.org\/{rel}","templated":true}]}}