{"id":3076,"date":"2025-04-08T14:15:40","date_gmt":"2025-04-08T14:15:40","guid":{"rendered":"https:\/\/just-summer.com\/producto\/ocean-calvia-beach\/"},"modified":"2025-04-15T22:56:37","modified_gmt":"2025-04-15T22:56:37","slug":"ocean-calvia-beach","status":"publish","type":"product","link":"https:\/\/just-summer.com\/fr\/producto\/ocean-calvia-beach\/","title":{"rendered":"OCEAN CALVIA BEACH<h3> Prix \u200b\u200b\u00e0 partir de: 30\u20ac<\/h3>"},"content":{"rendered":"[vc_row type=\u00a0\u00bbfull_width_background\u00a0\u00bb full_screen_row_position=\u00a0\u00bbmiddle\u00a0\u00bb column_margin=\u00a0\u00bbdefault\u00a0\u00bb column_direction=\u00a0\u00bbdefault\u00a0\u00bb column_direction_tablet=\u00a0\u00bbdefault\u00a0\u00bb column_direction_phone=\u00a0\u00bbdefault\u00a0\u00bb bg_color=\u00a0\u00bbrgba(222,196,159,0.11)\u00a0\u00bb scene_position=\u00a0\u00bbcenter\u00a0\u00bb top_padding=\u00a0\u00bb3%\u00a0\u00bb constrain_group_1=\u00a0\u00bbyes\u00a0\u00bb bottom_padding=\u00a0\u00bb3%\u00a0\u00bb text_color=\u00a0\u00bbdark\u00a0\u00bb text_align=\u00a0\u00bbleft\u00a0\u00bb row_border_radius=\u00a0\u00bbnone\u00a0\u00bb row_border_radius_applies=\u00a0\u00bbbg\u00a0\u00bb overflow=\u00a0\u00bbvisible\u00a0\u00bb overlay_strength=\u00a0\u00bb0.3&Prime; gradient_direction=\u00a0\u00bbleft_to_right\u00a0\u00bb shape_divider_position=\u00a0\u00bbbottom\u00a0\u00bb bg_image_animation=\u00a0\u00bbnone\u00a0\u00bb shape_type=\u00a0\u00bb\u00a0\u00bb gradient_type=\u00a0\u00bbdefault\u00a0\u00bb][vc_column column_padding=\u00a0\u00bbno-extra-padding\u00a0\u00bb column_padding_tablet=\u00a0\u00bbinherit\u00a0\u00bb column_padding_phone=\u00a0\u00bbinherit\u00a0\u00bb column_padding_position=\u00a0\u00bball\u00a0\u00bb column_element_direction_desktop=\u00a0\u00bbdefault\u00a0\u00bb column_element_spacing=\u00a0\u00bbdefault\u00a0\u00bb desktop_text_alignment=\u00a0\u00bbdefault\u00a0\u00bb tablet_text_alignment=\u00a0\u00bbdefault\u00a0\u00bb phone_text_alignment=\u00a0\u00bbdefault\u00a0\u00bb background_color_opacity=\u00a0\u00bb1&Prime; background_hover_color_opacity=\u00a0\u00bb1&Prime; column_backdrop_filter=\u00a0\u00bbnone\u00a0\u00bb column_shadow=\u00a0\u00bbnone\u00a0\u00bb column_border_radius=\u00a0\u00bbnone\u00a0\u00bb column_link_target=\u00a0\u00bb_self\u00a0\u00bb column_position=\u00a0\u00bbdefault\u00a0\u00bb gradient_direction=\u00a0\u00bbleft_to_right\u00a0\u00bb overlay_strength=\u00a0\u00bb0.3&Prime; width=\u00a0\u00bb1\/1&Prime; tablet_width_inherit=\u00a0\u00bbdefault\u00a0\u00bb animation_type=\u00a0\u00bbdefault\u00a0\u00bb bg_image_animation=\u00a0\u00bbnone\u00a0\u00bb border_type=\u00a0\u00bbsimple\u00a0\u00bb column_border_width=\u00a0\u00bbnone\u00a0\u00bb column_border_style=\u00a0\u00bbsolid\u00a0\u00bb][tabbed_section style=\u00a0\u00bbminimal_flexible\u00a0\u00bb tab_color=\u00a0\u00bbAccent-Color\u00a0\u00bb vs_content_animation=\u00a0\u00bbfade\u00a0\u00bb vs_link_animation=\u00a0\u00bbopacity\u00a0\u00bb vs_navigation_alignment=\u00a0\u00bbleft\u00a0\u00bb vs_navigation_width_2=\u00a0\u00bb25%\u00a0\u00bb vs_navigation_func=\u00a0\u00bbdefault\u00a0\u00bb vs_navigation_width=\u00a0\u00bbregular\u00a0\u00bb vs_navigation_spacing=\u00a0\u00bb15px\u00a0\u00bb vs_navigation_mobile_display=\u00a0\u00bbvisible\u00a0\u00bb vs_tab_spacing=\u00a0\u00bb5%\u00a0\u00bb icon_size=\u00a0\u00bb32&Prime;][tab icon_family=\u00a0\u00bbnone\u00a0\u00bb title=\u00a0\u00bbDESCRIPTION\u00a0\u00bb id=\u00a0\u00bb1744757673766-1&Prime; tab_id=\u00a0\u00bb1744757673767-10&Prime;][vc_column_text css=\u00a0\u00bb\u00a0\u00bb text_direction=\u00a0\u00bbdefault\u00a0\u00bb]Oceans Calvi\u00e1 Beach \u2013 La destination festive par excellence \u00e0 Magaluf<br \/>\nSitu\u00e9 juste en face de l&#8217;embl\u00e9matique plage de Magaluf, l&rsquo;Oceans Calvi\u00e1 Beach vous invite \u00e0 vivre une exp\u00e9rience inoubliable sur l&rsquo;\u00eele. Chaque jour est une nouvelle occasion de se d\u00e9tendre, de profiter et de s&rsquo;immerger dans une atmosph\u00e8re exclusive avec des vues \u00e0 couper le souffle.<\/p>\n<p>Pr\u00e9parez-vous \u00e0 des soir\u00e9es \u00e0 th\u00e8me sophistiqu\u00e9es, o\u00f9 l&rsquo;\u00e9nergie est omnipr\u00e9sente. Avec des DJ de renomm\u00e9e mondiale, des cocktails savamment \u00e9labor\u00e9s et une ambiance vibrante que seul Oceans peut offrir, chaque instant deviendra un souvenir inoubliable.[\/vc_column_text][\/tab][tab icon_family=\u00a0\u00bbnone\u00a0\u00bb title=\u00a0\u00bbVID\u00c9O\u00a0\u00bb id=\u00a0\u00bb1744757673859-2&Prime; tab_id=\u00a0\u00bb1744757673861-2&Prime;][nectar_video_player_self_hosted video_mp4=\u00a0\u00bbhttps:\/\/just-summer.com\/wp-content\/uploads\/2025\/04\/instdown15.mp4&Prime; player_functionality=\u00a0\u00bbdefault\u00a0\u00bb border_radius=\u00a0\u00bbnone\u00a0\u00bb box_shadow=\u00a0\u00bbnone\u00a0\u00bb advanced_gradient_display_type=\u00a0\u00bblinear\u00a0\u00bb][\/tab][tab icon_family=\u00a0\u00bbnone\u00a0\u00bb title=\u00a0\u00bbEMPLACEMENT\u00a0\u00bb id=\u00a0\u00bb1744757673958-4&Prime; tab_id=\u00a0\u00bb1744757673959-1&Prime;][vc_column_text css=\u00a0\u00bb\u00a0\u00bb text_direction=\u00a0\u00bbdefault\u00a0\u00bb]<iframe loading=\"lazy\" style=\"border: 0;\" src=\"https:\/\/www.google.com\/maps\/embed?pb=!1m18!1m12!1m3!1d3322.7341404531717!2d2.5374895000000004!3d39.5091037!2m3!1f0!2f0!3f0!3m2!1i1024!2i768!4f13.1!3m3!1m2!1s0x1297892d0ca314f7%3A0x4c2f983e611425ac!2sOceans%20Calvi%C3%A1%20Beach!5e1!3m2!1sfr!2sve!4v1744319619061!5m2!1sfr!2sve\" width=\"100%\" height=\"450\" allowfullscreen=\"allowfullscreen\"><\/iframe>[\/vc_column_text][\/tab][tab icon_family=\u00a0\u00bbnone\u00a0\u00bb title=\u00a0\u00bbINFORMATIONS DE BASE\u00a0\u00bb id=\u00a0\u00bb1744757674052-6&Prime; tab_id=\u00a0\u00bb1744757674053-0&Prime;][vc_column_text css=\u00a0\u00bb\u00a0\u00bb text_direction=\u00a0\u00bbdefault\u00a0\u00bb]Options d&rsquo;entr\u00e9e<\/p>\n<p>\u2728 Entr\u00e9e g\u00e9n\u00e9rale\u00a0:<br \/>\n\u2022 Comprend 1 ou 2 spiritueux premium (selon l&rsquo;\u00e9v\u00e9nement)<br \/>\n\u2022 Acc\u00e8s \u00e0 une zone r\u00e9serv\u00e9e<br \/>\n\u2022 Acc\u00e8s interdit aux piscines<br \/>\n\u2022 Chaises hautes disponibles (sous r\u00e9serve de disponibilit\u00e9)<\/p>\n<p>\ud83c\udf1f Entr\u00e9e VIP\u00a0:<br \/>\n\u2022 Comprend 1 ou 2 spiritueux premium (selon l&rsquo;\u00e9v\u00e9nement)<br \/>\n\u2022 Acc\u00e8s au Jardin et au Beach Club (selon l&rsquo;\u00e9v\u00e9nement)<br \/>\n\u2022 Acc\u00e8s complet aux deux piscines (selon l&rsquo;\u00e9v\u00e9nement)<br \/>\n\u2022 Chaises hautes disponibles (selon les disponibilit\u00e9s)<\/p>\n<p>Remarque\u00a0:<br \/>\n\u2022 Si les deux zones sont ouvertes pour un \u00e9v\u00e9nement, les invit\u00e9s VIP auront acc\u00e8s \u00e0 toutes les zones et \u00e0 toutes les piscines.<br \/>\n\u2022 Si seule la zone Beach Club est ouverte, les invit\u00e9s VIP auront acc\u00e8s \u00e0 cette zone et \u00e0 sa piscine.<\/p>\n<p>R\u00e9serv\u00e9 aux plus de 18\u00a0ans | Veuillez consommer avec mod\u00e9ration<\/p>\n<p>Rejoignez-nous et vivez les soir\u00e9es les plus exclusives de Magaluf, en exclusivit\u00e9 \u00e0 Oceans Calvi\u00e1 Beach \u2013 o\u00f9 le plaisir ne s&rsquo;arr\u00eate jamais\u00a0![\/vc_column_text][\/tab][\/tabbed_section][\/vc_column][\/vc_row]\n","protected":false},"excerpt":{"rendered":"<p>Horaires d&rsquo;ouverture et acc\u00e8s<\/p>\n<p>Ouvert tous les jours du 4 avril au 5 octobre<br \/>\n\u2022 Espace jardin\u00a0: 13h00 \u2013 minuit<br \/>\n\u2022 Espace club de plage\u00a0: 13h00 \u2013 20h00<br \/>\n\u2022 Piscines\u00a0: 13h00 \u2013 20h00<\/p>\n<p><span style=\"color: #ff0000;\"><strong>R\u00e9serv\u00e9 aux plus de 18\u00a0ans | Veuillez consommer avec mod\u00e9ration<\/strong><\/span><\/p>\n[button color=\"accent-color\" hover_text_color_override=\"#fff\" size=\"large\" url=\"https:\/\/www.fourvenues.com\/just-summer\/\" target=\"_blank\" text=\"BOOK NOW\" color_override=\"\"]\n","protected":false},"featured_media":2896,"template":"","meta":[],"product_brand":[],"product_cat":[63,66],"product_tag":[],"class_list":{"0":"post-3076","1":"product","2":"type-product","3":"status-publish","4":"has-post-thumbnail","6":"product_cat-adultes","7":"product_cat-popular-fr","9":"first","10":"instock","11":"shipping-taxable","12":"product-type-external"},"_links":{"self":[{"href":"https:\/\/just-summer.com\/fr\/wp-json\/wp\/v2\/product\/3076","targetHints":{"allow":["GET"]}}],"collection":[{"href":"https:\/\/just-summer.com\/fr\/wp-json\/wp\/v2\/product"}],"about":[{"href":"https:\/\/just-summer.com\/fr\/wp-json\/wp\/v2\/types\/product"}],"wp:featuredmedia":[{"embeddable":true,"href":"https:\/\/just-summer.com\/fr\/wp-json\/wp\/v2\/media\/2896"}],"wp:attachment":[{"href":"https:\/\/just-summer.com\/fr\/wp-json\/wp\/v2\/media?parent=3076"}],"wp:term":[{"taxonomy":"product_brand","embeddable":true,"href":"https:\/\/just-summer.com\/fr\/wp-json\/wp\/v2\/product_brand?post=3076"},{"taxonomy":"product_cat","embeddable":true,"href":"https:\/\/just-summer.com\/fr\/wp-json\/wp\/v2\/product_cat?post=3076"},{"taxonomy":"product_tag","embeddable":true,"href":"https:\/\/just-summer.com\/fr\/wp-json\/wp\/v2\/product_tag?post=3076"}],"curies":[{"name":"wp","href":"https:\/\/api.w.org\/{rel}","templated":true}]}}