{"id":3078,"date":"2025-04-08T14:07:54","date_gmt":"2025-04-08T14:07:54","guid":{"rendered":"https:\/\/just-summer.com\/producto\/magic-catamarans-price-from-59e\/"},"modified":"2025-04-21T18:44:52","modified_gmt":"2025-04-21T18:44:52","slug":"magic-catamarans-price-from-59e","status":"publish","type":"product","link":"https:\/\/just-summer.com\/fr\/producto\/magic-catamarans-price-from-59e\/","title":{"rendered":"MAGIC CATAMARANS <h3> Prix \u200b\u200b\u00e0 partir de: 59\u20ac<\/h3>"},"content":{"rendered":"[vc_row type=\u00a0\u00bbfull_width_background\u00a0\u00bb full_screen_row_position=\u00a0\u00bbmiddle\u00a0\u00bb column_margin=\u00a0\u00bbdefault\u00a0\u00bb column_direction=\u00a0\u00bbdefault\u00a0\u00bb column_direction_tablet=\u00a0\u00bbdefault\u00a0\u00bb column_direction_phone=\u00a0\u00bbdefault\u00a0\u00bb bg_color=\u00a0\u00bbrgba(222,196,159,0.11)\u00a0\u00bb scene_position=\u00a0\u00bbcenter\u00a0\u00bb top_padding=\u00a0\u00bb3%\u00a0\u00bb constrain_group_1=\u00a0\u00bbyes\u00a0\u00bb bottom_padding=\u00a0\u00bb3%\u00a0\u00bb text_color=\u00a0\u00bbdark\u00a0\u00bb text_align=\u00a0\u00bbleft\u00a0\u00bb row_border_radius=\u00a0\u00bbnone\u00a0\u00bb row_border_radius_applies=\u00a0\u00bbbg\u00a0\u00bb overflow=\u00a0\u00bbvisible\u00a0\u00bb overlay_strength=\u00a0\u00bb0.3&Prime; gradient_direction=\u00a0\u00bbleft_to_right\u00a0\u00bb shape_divider_position=\u00a0\u00bbbottom\u00a0\u00bb bg_image_animation=\u00a0\u00bbnone\u00a0\u00bb shape_type=\u00a0\u00bb\u00a0\u00bb gradient_type=\u00a0\u00bbdefault\u00a0\u00bb][vc_column column_padding=\u00a0\u00bbno-extra-padding\u00a0\u00bb column_padding_tablet=\u00a0\u00bbinherit\u00a0\u00bb column_padding_phone=\u00a0\u00bbinherit\u00a0\u00bb column_padding_position=\u00a0\u00bball\u00a0\u00bb column_element_direction_desktop=\u00a0\u00bbdefault\u00a0\u00bb column_element_spacing=\u00a0\u00bbdefault\u00a0\u00bb desktop_text_alignment=\u00a0\u00bbdefault\u00a0\u00bb tablet_text_alignment=\u00a0\u00bbdefault\u00a0\u00bb phone_text_alignment=\u00a0\u00bbdefault\u00a0\u00bb background_color_opacity=\u00a0\u00bb1&Prime; background_hover_color_opacity=\u00a0\u00bb1&Prime; column_backdrop_filter=\u00a0\u00bbnone\u00a0\u00bb column_shadow=\u00a0\u00bbnone\u00a0\u00bb column_border_radius=\u00a0\u00bbnone\u00a0\u00bb column_link_target=\u00a0\u00bb_self\u00a0\u00bb column_position=\u00a0\u00bbdefault\u00a0\u00bb gradient_direction=\u00a0\u00bbleft_to_right\u00a0\u00bb overlay_strength=\u00a0\u00bb0.3&Prime; width=\u00a0\u00bb1\/1&Prime; tablet_width_inherit=\u00a0\u00bbdefault\u00a0\u00bb animation_type=\u00a0\u00bbdefault\u00a0\u00bb bg_image_animation=\u00a0\u00bbnone\u00a0\u00bb border_type=\u00a0\u00bbsimple\u00a0\u00bb column_border_width=\u00a0\u00bbnone\u00a0\u00bb column_border_style=\u00a0\u00bbsolid\u00a0\u00bb][tabbed_section style=\u00a0\u00bbminimal_flexible\u00a0\u00bb tab_color=\u00a0\u00bbAccent-Color\u00a0\u00bb vs_content_animation=\u00a0\u00bbfade\u00a0\u00bb vs_link_animation=\u00a0\u00bbopacity\u00a0\u00bb vs_navigation_alignment=\u00a0\u00bbleft\u00a0\u00bb vs_navigation_width_2=\u00a0\u00bb25%\u00a0\u00bb vs_navigation_func=\u00a0\u00bbdefault\u00a0\u00bb vs_navigation_width=\u00a0\u00bbregular\u00a0\u00bb vs_navigation_spacing=\u00a0\u00bb15px\u00a0\u00bb vs_navigation_mobile_display=\u00a0\u00bbvisible\u00a0\u00bb vs_tab_spacing=\u00a0\u00bb5%\u00a0\u00bb icon_size=\u00a0\u00bb32&Prime;][tab icon_family=\u00a0\u00bbnone\u00a0\u00bb title=\u00a0\u00bbDESCRIPTION\u00a0\u00bb id=\u00a0\u00bb1745261069312-0&Prime; tab_id=\u00a0\u00bb1745261069313-6&Prime;][vc_column_text css=\u00a0\u00bb\u00a0\u00bb text_direction=\u00a0\u00bbdefault\u00a0\u00bb]Remarques importantes\u00a0:<br \/>\n\u2022 Paiement\u00a0: Seuls les paiements par carte sont accept\u00e9s \u00e0 bord\u00a0; les esp\u00e8ces ne sont pas accept\u00e9es.<br \/>\n\u2022 Caution pour l&rsquo;\u00e9quipement\u00a0: Certains \u00e9quipements, comme le mat\u00e9riel de plong\u00e9e, n\u00e9cessitent une caution (g\u00e9n\u00e9ralement de 10\u00a0\u20ac ou 20\u00a0\u20ac), qui est restitu\u00e9e une fois restitu\u00e9e en bon \u00e9tat.[\/vc_column_text][\/tab][tab icon_family=\u00a0\u00bbnone\u00a0\u00bb title=\u00a0\u00bbVIDEO\u00a0\u00bb id=\u00a0\u00bb1745261075146-7&Prime; tab_id=\u00a0\u00bb1745261075147-0&Prime;][nectar_video_player_self_hosted video_mp4=\u00a0\u00bbhttps:\/\/just-summer.com\/wp-content\/uploads\/2025\/04\/MAGIC.mp4&Prime; player_functionality=\u00a0\u00bbdefault\u00a0\u00bb border_radius=\u00a0\u00bbnone\u00a0\u00bb box_shadow=\u00a0\u00bbnone\u00a0\u00bb advanced_gradient_display_type=\u00a0\u00bblinear\u00a0\u00bb][\/tab][tab icon_family=\u00a0\u00bbnone\u00a0\u00bb title=\u00a0\u00bbEMPLACEMENT\u00a0\u00bb id=\u00a0\u00bb1745261069347-8&Prime; tab_id=\u00a0\u00bb1745261069348-9&Prime;][vc_column_text css=\u00a0\u00bb\u00a0\u00bb text_direction=\u00a0\u00bbdefault\u00a0\u00bb]<iframe loading=\"lazy\" style=\"border: 0;\" src=\"https:\/\/www.google.com\/maps\/embed?pb=!1m18!1m12!1m3!1d3319.997611458951!2d2.6304586000000003!3d39.5662936!2m3!1f0!2f0!3f0!3m2!1i1024!2i768!4f13.1!3m3!1m2!1s0x1297926e689fa325%3A0x9c5e85a9285e194b!2sMagic%20Catamarans!5e1!3m2!1sfr!2sve!4v1744319883141!5m2!1sfr!2sve\" width=\"100%\" height=\"450\" allowfullscreen=\"allowfullscreen\"><\/iframe>[\/vc_column_text][\/tab][tab icon_family=\u00a0\u00bbnone\u00a0\u00bb title=\u00a0\u00bbINFORMATIONS DE BASE\u00a0\u00bb id=\u00a0\u00bb1745261069369-6&Prime; tab_id=\u00a0\u00bb1745261069369-1&Prime;][vc_column_text css=\u00a0\u00bb\u00a0\u00bb text_direction=\u00a0\u00bbdefault\u00a0\u00bb]Magic Catamaran propose diverses excursions tout au long de l&rsquo;ann\u00e9e, avec diff\u00e9rents types de bateaux, horaires et prestations. Voici un aper\u00e7u des diff\u00e9rentes excursions\u00a0:<\/p>\n<p><strong><span style=\"color: #0000ff;\">Excursion \u00ab\u00a0Baie de Palma\u00a0\u00bb<\/span><\/strong><br \/>\n\u2022 Dur\u00e9e\u00a0: 5\u00a0heures<br \/>\n\u2022 Horaire\u00a0:<br \/>\n\u2022 10\u00a0h\u00a000 \u2013 15\u00a0h\u00a000<br \/>\n\u2022 15\u00a0h\u00a030 \u2013 20\u00a0h\u00a030<br \/>\n\u2022 Dates\u00a0: Tous les jours, d&rsquo;avril au 2\u00a0octobre<br \/>\n\u2022 Prix\u00a0:<br \/>\n\u2022 Adultes\u00a0: 59\u00a0\u20ac<br \/>\n\u2022 Enfants (7-14\u00a0ans)\u00a0: 36,50\u00a0\u20ac<br \/>\n\u2022 Enfants (0-6\u00a0ans)\u00a0: GRATUIT<br \/>\n\u2022 Embarquement\u00a0: Port de Palma, depuis le quai des navires de tourisme, devant l&rsquo;Auditorium<br \/>\n\u2022 Comprend\u00a0:<br \/>\n\u2022 Repas et Boissons<br \/>\n\u2022 \u00c9quipement de snorkeling (avec caution de 10 \u20ac)<br \/>\n\u2022 Tapis flottant g\u00e9ant<br \/>\n\u2022 Gilets de sauvetage<br \/>\nCapacit\u00e9\u00a0: 85 personnes maximum<\/p>\n<p><span style=\"color: #0000ff;\"><strong>Excursion \u00ab\u00a0Baie de Palma Plus\u00a0\u00bb<\/strong><\/span><br \/>\n\u2022 Dur\u00e9e\u00a0: 5 heures<br \/>\n\u2022 Horaire\u00a0:<br \/>\n\u2022 10h00 \u2013 15h00<br \/>\n\u2022 15h30 \u2013 20h30<br \/>\n\u2022 Dates\u00a0: Tous les jours, de mai \u00e0 septembre<br \/>\n\u2022 Prix\u00a0:<br \/>\n\u2022 Adultes\u00a0: 74 \u20ac<br \/>\n\u2022 Enfants (7-14 ans)\u00a0: 37 \u20ac<br \/>\n\u2022 Enfants (0-6 ans)\u00a0: GRATUIT<br \/>\n\u2022 Embarquement\u00a0: Port de Palma, depuis le quai des bateaux de tourisme, devant l&rsquo;Auditorium<br \/>\n\u2022 Capacit\u00e9 maximale\u00a0: 35 personnes<br \/>\n\u2022 Inclus\u00a0:<br \/>\n\u2022 Collation, nourriture et boissons<br \/>\n\u2022 \u00c9quipement de snorkeling de qualit\u00e9 (CRESSI SUB) avec caution de 20 \u20ac<br \/>\n\u2022 Planche de paddle, kayak, tapis flottant g\u00e9ant, gilets de sauvetage[\/vc_column_text][\/tab][\/tabbed_section][\/vc_column][\/vc_row]\n","protected":false},"excerpt":{"rendered":"<p>D\u00e9couvrez la beaut\u00e9 \u00e9poustouflante du littoral majorquin \u00e0 bord d&rsquo;un Magic Catamaran\u00a0! Nous proposons des excursions en mer exclusives avec des services haut de gamme et une \u00e9quipe d\u00e9di\u00e9e pour une exp\u00e9rience relaxante et inoubliable. Que vous recherchiez une navigation paisible, un tour de l&rsquo;\u00eele, une s\u00e9ance de snorkeling ou une f\u00eate sur l&rsquo;eau, notre catamaran est le choix id\u00e9al.<\/p>\n[ninja_form id=1]\n","protected":false},"featured_media":2882,"template":"","meta":[],"product_brand":[],"product_cat":[65,66],"product_tag":[],"class_list":{"0":"post-3078","1":"product","2":"type-product","3":"status-publish","4":"has-post-thumbnail","6":"product_cat-boat-jetski-fr","7":"product_cat-popular-fr","9":"first","10":"instock","11":"shipping-taxable","12":"product-type-external"},"_links":{"self":[{"href":"https:\/\/just-summer.com\/fr\/wp-json\/wp\/v2\/product\/3078","targetHints":{"allow":["GET"]}}],"collection":[{"href":"https:\/\/just-summer.com\/fr\/wp-json\/wp\/v2\/product"}],"about":[{"href":"https:\/\/just-summer.com\/fr\/wp-json\/wp\/v2\/types\/product"}],"wp:featuredmedia":[{"embeddable":true,"href":"https:\/\/just-summer.com\/fr\/wp-json\/wp\/v2\/media\/2882"}],"wp:attachment":[{"href":"https:\/\/just-summer.com\/fr\/wp-json\/wp\/v2\/media?parent=3078"}],"wp:term":[{"taxonomy":"product_brand","embeddable":true,"href":"https:\/\/just-summer.com\/fr\/wp-json\/wp\/v2\/product_brand?post=3078"},{"taxonomy":"product_cat","embeddable":true,"href":"https:\/\/just-summer.com\/fr\/wp-json\/wp\/v2\/product_cat?post=3078"},{"taxonomy":"product_tag","embeddable":true,"href":"https:\/\/just-summer.com\/fr\/wp-json\/wp\/v2\/product_tag?post=3078"}],"curies":[{"name":"wp","href":"https:\/\/api.w.org\/{rel}","templated":true}]}}