{"id":3082,"date":"2025-04-02T12:15:56","date_gmt":"2025-04-02T12:15:56","guid":{"rendered":"https:\/\/just-summer.com\/producto\/pirates-adventure\/"},"modified":"2025-08-01T20:07:26","modified_gmt":"2025-08-01T20:07:26","slug":"pirates-adventure","status":"publish","type":"product","link":"https:\/\/just-summer.com\/fr\/producto\/pirates-adventure\/","title":{"rendered":"PIRATES ADVENTURE<h3> Prix \u200b\u200b\u00e0 partir de: 49\u20ac<\/h3>"},"content":{"rendered":"[vc_row type=\u00a0\u00bbfull_width_background\u00a0\u00bb full_screen_row_position=\u00a0\u00bbmiddle\u00a0\u00bb column_margin=\u00a0\u00bbdefault\u00a0\u00bb column_direction=\u00a0\u00bbdefault\u00a0\u00bb column_direction_tablet=\u00a0\u00bbdefault\u00a0\u00bb column_direction_phone=\u00a0\u00bbdefault\u00a0\u00bb bg_color=\u00a0\u00bbrgba(222,196,159,0.11)\u00a0\u00bb scene_position=\u00a0\u00bbcenter\u00a0\u00bb top_padding=\u00a0\u00bb3%\u00a0\u00bb constrain_group_1=\u00a0\u00bbyes\u00a0\u00bb bottom_padding=\u00a0\u00bb3%\u00a0\u00bb text_color=\u00a0\u00bbdark\u00a0\u00bb text_align=\u00a0\u00bbleft\u00a0\u00bb row_border_radius=\u00a0\u00bbnone\u00a0\u00bb row_border_radius_applies=\u00a0\u00bbbg\u00a0\u00bb overflow=\u00a0\u00bbvisible\u00a0\u00bb overlay_strength=\u00a0\u00bb0.3&Prime; gradient_direction=\u00a0\u00bbleft_to_right\u00a0\u00bb shape_divider_position=\u00a0\u00bbbottom\u00a0\u00bb bg_image_animation=\u00a0\u00bbnone\u00a0\u00bb shape_type=\u00a0\u00bb\u00a0\u00bb gradient_type=\u00a0\u00bbdefault\u00a0\u00bb][vc_column column_padding=\u00a0\u00bbno-extra-padding\u00a0\u00bb column_padding_tablet=\u00a0\u00bbinherit\u00a0\u00bb column_padding_phone=\u00a0\u00bbinherit\u00a0\u00bb column_padding_position=\u00a0\u00bball\u00a0\u00bb column_element_direction_desktop=\u00a0\u00bbdefault\u00a0\u00bb column_element_spacing=\u00a0\u00bbdefault\u00a0\u00bb desktop_text_alignment=\u00a0\u00bbdefault\u00a0\u00bb tablet_text_alignment=\u00a0\u00bbdefault\u00a0\u00bb phone_text_alignment=\u00a0\u00bbdefault\u00a0\u00bb background_color_opacity=\u00a0\u00bb1&Prime; background_hover_color_opacity=\u00a0\u00bb1&Prime; column_backdrop_filter=\u00a0\u00bbnone\u00a0\u00bb column_shadow=\u00a0\u00bbnone\u00a0\u00bb column_border_radius=\u00a0\u00bbnone\u00a0\u00bb column_link_target=\u00a0\u00bb_self\u00a0\u00bb column_position=\u00a0\u00bbdefault\u00a0\u00bb gradient_direction=\u00a0\u00bbleft_to_right\u00a0\u00bb overlay_strength=\u00a0\u00bb0.3&Prime; width=\u00a0\u00bb1\/1&Prime; tablet_width_inherit=\u00a0\u00bbdefault\u00a0\u00bb animation_type=\u00a0\u00bbdefault\u00a0\u00bb bg_image_animation=\u00a0\u00bbnone\u00a0\u00bb border_type=\u00a0\u00bbsimple\u00a0\u00bb column_border_width=\u00a0\u00bbnone\u00a0\u00bb column_border_style=\u00a0\u00bbsolid\u00a0\u00bb][tabbed_section style=\u00a0\u00bbminimal_flexible\u00a0\u00bb tab_color=\u00a0\u00bbAccent-Color\u00a0\u00bb vs_content_animation=\u00a0\u00bbfade\u00a0\u00bb vs_link_animation=\u00a0\u00bbopacity\u00a0\u00bb vs_navigation_alignment=\u00a0\u00bbleft\u00a0\u00bb vs_navigation_width_2=\u00a0\u00bb25%\u00a0\u00bb vs_navigation_func=\u00a0\u00bbdefault\u00a0\u00bb vs_navigation_width=\u00a0\u00bbregular\u00a0\u00bb vs_navigation_spacing=\u00a0\u00bb15px\u00a0\u00bb vs_navigation_mobile_display=\u00a0\u00bbvisible\u00a0\u00bb vs_tab_spacing=\u00a0\u00bb5%\u00a0\u00bb icon_size=\u00a0\u00bb32&Prime;][tab icon_family=\u00a0\u00bbnone\u00a0\u00bb title=\u00a0\u00bbCE QUI EST INCLUS\u00a0\u00bb id=\u00a0\u00bb1745258373710-5&Prime; tab_id=\u00a0\u00bb1745258373711-5&Prime;][vc_column_text css=\u00a0\u00bb\u00a0\u00bb text_direction=\u00a0\u00bbdefault\u00a0\u00bb]\n<ul>\n<li>Spectacle live de 3 heures avec des acrobaties et des performances \u00e9poustouflantes<\/li>\n<li>Repas d\u00e9licieux\u00a0:<\/li>\n<li>Poulet r\u00f4ti, quartiers de pommes de terre, salade de chou, petit pain et glace (options v\u00e9g\u00e9tariennes et di\u00e9t\u00e9tiques disponibles sur demande)<\/li>\n<li>Boissons sans alcool \u00e0 volont\u00e9 pendant toute la dur\u00e9e du spectacle<\/li>\n<li>Basse saison\u00a0: avril, mai, juin et du 8\u00a0septembre \u00e0 octobre<\/li>\n<li>Haute saison\u00a0: juillet, ao\u00fbt jusqu&rsquo;au 7\u00a0septembre<\/li>\n<\/ul>\n[\/vc_column_text][\/tab][tab icon_family=\u00a0\u00bbnone\u00a0\u00bb title=\u00a0\u00bbVIDEO\u00a0\u00bb id=\u00a0\u00bb1745258376245-6&Prime; tab_id=\u00a0\u00bb1745258376246-1&Prime;][nectar_video_player_self_hosted video_mp4=\u00a0\u00bbhttps:\/\/just-summer.com\/wp-content\/uploads\/2025\/03\/instdown8.mp4&Prime; player_functionality=\u00a0\u00bbdefault\u00a0\u00bb border_radius=\u00a0\u00bbnone\u00a0\u00bb box_shadow=\u00a0\u00bbnone\u00a0\u00bb advanced_gradient_display_type=\u00a0\u00bblinear\u00a0\u00bb][\/tab][tab icon_family=\u00a0\u00bbnone\u00a0\u00bb title=\u00a0\u00bbDESCRIPTION\u00a0\u00bb id=\u00a0\u00bb1745258373744-0&Prime; tab_id=\u00a0\u00bb1745258373745-8&Prime;][vc_column_text css=\u00a0\u00bb\u00a0\u00bb text_direction=\u00a0\u00bbdefault\u00a0\u00bb]Avec plus de 3,5 millions de visiteurs \u00e0 ce jour et une multitude d&rsquo;invit\u00e9s c\u00e9l\u00e8bres, le d\u00eener-spectacle Pirates Adventure est la soir\u00e9e id\u00e9ale \u00e0 Majorque pour les familles, les couples et les groupes. \u00c9lue attraction num\u00e9ro un de l&rsquo;\u00eele depuis plus de 35 ans, ce d\u00eener-spectacle sur le th\u00e8me des pirates raconte l&rsquo;histoire du bien contre le mal, avec des acrobaties, de la com\u00e9die et de la danse de renomm\u00e9e mondiale.[\/vc_column_text][\/tab][tab icon_family=\u00a0\u00bbnone\u00a0\u00bb title=\u00a0\u00bbEMPLACEMENT\u00a0\u00bb id=\u00a0\u00bb1745258373768-2&Prime; tab_id=\u00a0\u00bb1745258373769-0&Prime;][vc_column_text css=\u00a0\u00bb\u00a0\u00bb text_direction=\u00a0\u00bbdefault\u00a0\u00bb]<iframe loading=\"lazy\" style=\"border: 0;\" src=\"https:\/\/www.google.com\/maps\/embed?pb=!1m18!1m12!1m3!1d3322.9685608365758!2d2.5273901999999997!3d39.5042014!2m3!1f0!2f0!3f0!3m2!1i1024!2i768!4f13.1!3m3!1m2!1s0x129789264254f377%3A0xc48d47adcacac366!2sPirates%20Adventure!5e1!3m2!1ses-419!2sve!4v1744318118348!5m2!1ses-419!2sve\" width=\"100%\" height=\"450\" allowfullscreen=\"allowfullscreen\"><\/iframe>[\/vc_column_text][\/tab][tab icon_family=\u00a0\u00bbnone\u00a0\u00bb title=\u00a0\u00bbINFORMATIONS DE BASE\u00a0\u00bb id=\u00a0\u00bb1745258373793-1&Prime; tab_id=\u00a0\u00bb1745258373794-7&Prime;][vc_column_text css=\u00a0\u00bb\u00a0\u00bb text_direction=\u00a0\u00bbdefault\u00a0\u00bb]<strong>Tarif basse saison (avril, mai, juin et du 8 septembre au 7 septembre)<\/strong><\/p>\n<p><span style=\"color: #000000;\"><strong>Pont principal\u00a0:<\/strong><\/span><\/p>\n<ul>\n<li><span style=\"color: #0000ff;\"><strong>Adulte\u00a0: 49,00\u00a0\u20ac<\/strong><\/span><\/li>\n<li><span style=\"color: #0000ff;\"><strong>Enfant de 2 \u00e0 12\u00a0ans\u00a0: 29,99\u00a0\u20ac<\/strong><\/span><\/li>\n<\/ul>\n<p><strong>Tarif haute saison (juillet, ao\u00fbt au 7\u00a0septembre)<\/strong><\/p>\n<p><span style=\"color: #000000;\"><strong>Pont principal\u00a0:<\/strong><\/span><\/p>\n<ul>\n<li><span style=\"color: #ff0000;\"><strong>Adulte\u00a0: 54,00 \u20ac<\/strong><\/span><\/li>\n<li><span style=\"color: #ff0000;\"><strong>Enfant 2-12 ans &#8211; 34,99 \u20ac<\/strong><\/span><\/li>\n<\/ul>\n[\/vc_column_text][\/tab][\/tabbed_section][\/vc_column][\/vc_row]\n","protected":false},"excerpt":{"rendered":"<p>\ud83c\udf9f\ufe0f Tarifs des billets \u2013 Places sur le pont principal<\/p>\n<p>\u00c0 partir de 49 \u20ac seulement\u00a0!<\/p>\n<p>\u2e3b<\/p>\n<p>\ud83c\udf43 Basse saison<\/p>\n<p>Avril, mai, juin et du 8 septembre \u00e0 octobre<br \/>\n* Adultes\u00a0: 49,00 \u20ac<br \/>\n* Enfants (2 \u00e0 12 ans)\u00a0: 29,99 \u20ac<\/p>\n<p>\u2e3b<\/p>\n<p>\u2600\ufe0f Haute saison<\/p>\n<p>Juillet, ao\u00fbt et jusqu&rsquo;au 7 septembre<br \/>\n* Adultes\u00a0: 54,00 \u20ac<br \/>\n* Enfants (2 \u00e0 12 ans)\u00a0: 34,99 \u20ac<\/p>\n<p>\u2e3b<\/p>\n<p>\u2728 M\u00eame spectacle palpitant, tarifs saisonniers diff\u00e9rents\u00a0!<br \/>\nL&rsquo;entr\u00e9e est g\u00e9n\u00e9ralement gratuite pour les enfants de moins de 2 ans\u00a0; veuillez v\u00e9rifier lors de la r\u00e9servation.<br \/>\nR\u00e9servez t\u00f4t pour profiter au mieux de vos moments en famille\u00a0!<\/p>\n","protected":false},"featured_media":2780,"template":"","meta":[],"product_brand":[],"product_cat":[69],"product_tag":[],"class_list":{"0":"post-3082","1":"product","2":"type-product","3":"status-publish","4":"has-post-thumbnail","6":"product_cat-family-fun-fr","8":"first","9":"instock","10":"virtual","11":"sold-individually","12":"purchasable","13":"product-type-booking"},"_links":{"self":[{"href":"https:\/\/just-summer.com\/fr\/wp-json\/wp\/v2\/product\/3082","targetHints":{"allow":["GET"]}}],"collection":[{"href":"https:\/\/just-summer.com\/fr\/wp-json\/wp\/v2\/product"}],"about":[{"href":"https:\/\/just-summer.com\/fr\/wp-json\/wp\/v2\/types\/product"}],"wp:featuredmedia":[{"embeddable":true,"href":"https:\/\/just-summer.com\/fr\/wp-json\/wp\/v2\/media\/2780"}],"wp:attachment":[{"href":"https:\/\/just-summer.com\/fr\/wp-json\/wp\/v2\/media?parent=3082"}],"wp:term":[{"taxonomy":"product_brand","embeddable":true,"href":"https:\/\/just-summer.com\/fr\/wp-json\/wp\/v2\/product_brand?post=3082"},{"taxonomy":"product_cat","embeddable":true,"href":"https:\/\/just-summer.com\/fr\/wp-json\/wp\/v2\/product_cat?post=3082"},{"taxonomy":"product_tag","embeddable":true,"href":"https:\/\/just-summer.com\/fr\/wp-json\/wp\/v2\/product_tag?post=3082"}],"curies":[{"name":"wp","href":"https:\/\/api.w.org\/{rel}","templated":true}]}}