{"id":3084,"date":"2025-04-02T11:10:39","date_gmt":"2025-04-02T11:10:39","guid":{"rendered":"https:\/\/just-summer.com\/producto\/gringo-family-rave\/"},"modified":"2025-08-01T20:02:33","modified_gmt":"2025-08-01T20:02:33","slug":"gringo-family-rave","status":"publish","type":"product","link":"https:\/\/just-summer.com\/fr\/producto\/gringo-family-rave\/","title":{"rendered":"GRINGO FAMILY RAVE<h3> Prix \u200b\u200b\u00e0 partir de: 49\u20ac<\/h3>"},"content":{"rendered":"[vc_row type=\u00a0\u00bbfull_width_background\u00a0\u00bb full_screen_row_position=\u00a0\u00bbmiddle\u00a0\u00bb column_margin=\u00a0\u00bbdefault\u00a0\u00bb column_direction=\u00a0\u00bbdefault\u00a0\u00bb column_direction_tablet=\u00a0\u00bbdefault\u00a0\u00bb column_direction_phone=\u00a0\u00bbdefault\u00a0\u00bb bg_color=\u00a0\u00bbrgba(222,196,159,0.11)\u00a0\u00bb scene_position=\u00a0\u00bbcenter\u00a0\u00bb top_padding=\u00a0\u00bb3%\u00a0\u00bb constrain_group_1=\u00a0\u00bbyes\u00a0\u00bb bottom_padding=\u00a0\u00bb3%\u00a0\u00bb text_color=\u00a0\u00bbdark\u00a0\u00bb text_align=\u00a0\u00bbleft\u00a0\u00bb row_border_radius=\u00a0\u00bbnone\u00a0\u00bb row_border_radius_applies=\u00a0\u00bbbg\u00a0\u00bb overflow=\u00a0\u00bbvisible\u00a0\u00bb overlay_strength=\u00a0\u00bb0.3&Prime; gradient_direction=\u00a0\u00bbleft_to_right\u00a0\u00bb shape_divider_position=\u00a0\u00bbbottom\u00a0\u00bb bg_image_animation=\u00a0\u00bbnone\u00a0\u00bb shape_type=\u00a0\u00bb\u00a0\u00bb gradient_type=\u00a0\u00bbdefault\u00a0\u00bb][vc_column column_padding=\u00a0\u00bbno-extra-padding\u00a0\u00bb column_padding_tablet=\u00a0\u00bbinherit\u00a0\u00bb column_padding_phone=\u00a0\u00bbinherit\u00a0\u00bb column_padding_position=\u00a0\u00bball\u00a0\u00bb column_element_direction_desktop=\u00a0\u00bbdefault\u00a0\u00bb column_element_spacing=\u00a0\u00bbdefault\u00a0\u00bb desktop_text_alignment=\u00a0\u00bbdefault\u00a0\u00bb tablet_text_alignment=\u00a0\u00bbdefault\u00a0\u00bb phone_text_alignment=\u00a0\u00bbdefault\u00a0\u00bb background_color_opacity=\u00a0\u00bb1&Prime; background_hover_color_opacity=\u00a0\u00bb1&Prime; column_backdrop_filter=\u00a0\u00bbnone\u00a0\u00bb column_shadow=\u00a0\u00bbnone\u00a0\u00bb column_border_radius=\u00a0\u00bbnone\u00a0\u00bb column_link_target=\u00a0\u00bb_self\u00a0\u00bb column_position=\u00a0\u00bbdefault\u00a0\u00bb gradient_direction=\u00a0\u00bbleft_to_right\u00a0\u00bb overlay_strength=\u00a0\u00bb0.3&Prime; width=\u00a0\u00bb1\/1&Prime; tablet_width_inherit=\u00a0\u00bbdefault\u00a0\u00bb animation_type=\u00a0\u00bbdefault\u00a0\u00bb bg_image_animation=\u00a0\u00bbnone\u00a0\u00bb border_type=\u00a0\u00bbsimple\u00a0\u00bb column_border_width=\u00a0\u00bbnone\u00a0\u00bb column_border_style=\u00a0\u00bbsolid\u00a0\u00bb][tabbed_section style=\u00a0\u00bbminimal_flexible\u00a0\u00bb tab_color=\u00a0\u00bbAccent-Color\u00a0\u00bb vs_content_animation=\u00a0\u00bbfade\u00a0\u00bb vs_link_animation=\u00a0\u00bbopacity\u00a0\u00bb vs_navigation_alignment=\u00a0\u00bbleft\u00a0\u00bb vs_navigation_width_2=\u00a0\u00bb25%\u00a0\u00bb vs_navigation_func=\u00a0\u00bbdefault\u00a0\u00bb vs_navigation_width=\u00a0\u00bbregular\u00a0\u00bb vs_navigation_spacing=\u00a0\u00bb15px\u00a0\u00bb vs_navigation_mobile_display=\u00a0\u00bbvisible\u00a0\u00bb vs_tab_spacing=\u00a0\u00bb5%\u00a0\u00bb icon_size=\u00a0\u00bb32&Prime;][tab icon_family=\u00a0\u00bbnone\u00a0\u00bb title=\u00a0\u00bbDESCRIPTION\u00a0\u00bb id=\u00a0\u00bb1754078443794-1&Prime; tab_id=\u00a0\u00bb1754078443795-6&Prime;][vc_column_text css=\u00a0\u00bb\u00a0\u00bb text_direction=\u00a0\u00bbdefault\u00a0\u00bb]\ud83c\udfa7\u2728 Gringo Family Rave \u2013 O\u00f9 les familles dansent ensemble !<\/p>\n<p>Plongez dans un monde de rythme, de rires et de convivialit\u00e9 au Gringo Family Rave Mallorca, un \u00e9v\u00e9nement unique o\u00f9 parents et enfants peuvent profiter ensemble de la magie de la musique \u00e9lectronique.<\/p>\n<p>Cette c\u00e9l\u00e9bration vibrante est synonyme de convivialit\u00e9, de bonne humeur et de souvenirs inoubliables. Avec une programmation de DJ locaux et internationaux talentueux, des performances live, un d\u00e9cor color\u00e9, des jeux interactifs et des animations familiales, c&rsquo;est une exp\u00e9rience con\u00e7ue pour toutes les g\u00e9n\u00e9rations.<\/p>\n<p>Que vous dansiez avec vos enfants, rencontriez d&rsquo;autres familles sympas ou profitiez simplement de l&rsquo;ambiance joyeuse, le Gringo Family Rave rassemble les gens autour de la musique, de la cr\u00e9ativit\u00e9 et du jeu.<\/p>\n<p>\u2e3b<\/p>\n<p>\ud83e\udea9 Venez pour les rythmes. Restez pour les souvenirs. Dansez en famille.<br \/>\nParce que le plaisir n&rsquo;a pas d&rsquo;\u00e2ge ![\/vc_column_text][\/tab][tab icon_family=\u00a0\u00bbnone\u00a0\u00bb title=\u00a0\u00bbVIDEO\u00a0\u00bb id=\u00a0\u00bb1754078443844-2&Prime; tab_id=\u00a0\u00bb1754078443844-0&Prime;][nectar_video_player_self_hosted video_mp4=\u00a0\u00bbhttps:\/\/just-summer.com\/wp-content\/uploads\/2025\/04\/GRINGOS.mp4&Prime; player_functionality=\u00a0\u00bbdefault\u00a0\u00bb border_radius=\u00a0\u00bbnone\u00a0\u00bb box_shadow=\u00a0\u00bbnone\u00a0\u00bb advanced_gradient_display_type=\u00a0\u00bblinear\u00a0\u00bb][\/tab][tab icon_family=\u00a0\u00bbnone\u00a0\u00bb title=\u00a0\u00bbEMPLACEMENT\u00a0\u00bb id=\u00a0\u00bb1754078443890-3&Prime; tab_id=\u00a0\u00bb1754078443891-3&Prime;][vc_column_text css=\u00a0\u00bb\u00a0\u00bb text_direction=\u00a0\u00bbdefault\u00a0\u00bb]<iframe loading=\"lazy\" style=\"border: 0;\" src=\"https:\/\/www.google.com\/maps\/embed?pb=!1m18!1m12!1m3!1d3683.7199602549167!2d2.524839376393389!3d39.50429631066668!2m3!1f0!2f0!3f0!3m2!1i1024!2i768!4f13.1!3m3!1m2!1s0x1297899b4bbc6059%3A0x2c9471ea6b600827!2sGringos%20Family%20Rave!5e1!3m2!1ses!2ses!4v1744641329648!5m2!1ses!2ses\" width=\"100%\" height=\"450\" allowfullscreen=\"allowfullscreen\"><\/iframe>[\/vc_column_text][\/tab][tab icon_family=\u00a0\u00bbnone\u00a0\u00bb title=\u00a0\u00bbINFORMATIONS DE BASE\u00a0\u00bb id=\u00a0\u00bb1754078443928-1&Prime; tab_id=\u00a0\u00bb1754078443929-4&Prime;][vc_column_text css=\u00a0\u00bb\u00a0\u00bb text_direction=\u00a0\u00bbdefault\u00a0\u00bb]<strong>Tarif basse saison (avril, mai, juin et du 8 septembre au 7 septembre)<\/strong><\/p>\n<p><strong>Standard\u00a0:<\/strong><\/p>\n<ul>\n<li><span style=\"color: #0000ff;\"><strong>Adulte\u00a0: 49\u00a0\u20ac<\/strong><\/span><\/li>\n<li><span style=\"color: #0000ff;\"><strong>Enfant de 2 \u00e0 12\u00a0ans\u00a0: 29,99\u00a0\u20ac<\/strong><\/span><\/li>\n<\/ul>\n<p><strong>Tarif haute saison (juillet, ao\u00fbt au 7\u00a0septembre)<\/strong><\/p>\n<p><strong>Standard\u00a0:<\/strong><\/p>\n<ul>\n<li><span style=\"color: #ff0000;\"><strong>Adulte\u00a0: 54\u00a0\u20ac<\/strong><\/span><\/li>\n<li><span style=\"color: #ff0000;\"><strong>Enfant de 2 \u00e0 12\u00a0ans\u00a0: 34,99 \u20ac<\/strong><\/span><\/li>\n<\/ul>\n[\/vc_column_text][\/tab][\/tabbed_section][\/vc_column][\/vc_row]\n","protected":false},"excerpt":{"rendered":"<p>\ud83c\udf9f\ufe0f Tarifs \u2013 Spectacle Pirates<\/p>\n<p>\ud83d\uddd3\ufe0f Basse saison<\/p>\n<p>(Avril, mai, juin et du 8 septembre au 1er octobre)<br \/>\n* Adultes\u00a0: 49\u00a0\u20ac<br \/>\n* Enfants (2 \u00e0 12\u00a0ans)\u00a0: 29,99\u00a0\u20ac<\/p>\n<p>\u2e3b<\/p>\n<p>\u2600\ufe0f Haute saison<\/p>\n<p>(Juillet, ao\u00fbt et jusqu\u2019au 7\u00a0septembre)<br \/>\n* Adultes\u00a0: 54\u00a0\u20ac<br \/>\n* Enfants (2 \u00e0 12\u00a0ans)\u00a0: 34,99\u00a0\u20ac<\/p>\n<p>\u2e3b<\/p>\n<p>\u2728 M\u00eame spectacle inoubliable, tarifs saisonniers diff\u00e9rents\u00a0!<br \/>\nL\u2019entr\u00e9e est g\u00e9n\u00e9ralement gratuite pour les enfants de moins de 2\u00a0ans (\u00e0 confirmer lors de la r\u00e9servation). Besoin d\u2019aide pour choisir la date ou les places id\u00e9ales\u00a0? Contactez-moi\u00a0!<\/p>\n","protected":false},"featured_media":2728,"template":"","meta":[],"product_brand":[],"product_cat":[69],"product_tag":[],"class_list":{"0":"post-3084","1":"product","2":"type-product","3":"status-publish","4":"has-post-thumbnail","6":"product_cat-family-fun-fr","8":"first","9":"instock","10":"virtual","11":"sold-individually","12":"purchasable","13":"product-type-booking"},"_links":{"self":[{"href":"https:\/\/just-summer.com\/fr\/wp-json\/wp\/v2\/product\/3084","targetHints":{"allow":["GET"]}}],"collection":[{"href":"https:\/\/just-summer.com\/fr\/wp-json\/wp\/v2\/product"}],"about":[{"href":"https:\/\/just-summer.com\/fr\/wp-json\/wp\/v2\/types\/product"}],"wp:featuredmedia":[{"embeddable":true,"href":"https:\/\/just-summer.com\/fr\/wp-json\/wp\/v2\/media\/2728"}],"wp:attachment":[{"href":"https:\/\/just-summer.com\/fr\/wp-json\/wp\/v2\/media?parent=3084"}],"wp:term":[{"taxonomy":"product_brand","embeddable":true,"href":"https:\/\/just-summer.com\/fr\/wp-json\/wp\/v2\/product_brand?post=3084"},{"taxonomy":"product_cat","embeddable":true,"href":"https:\/\/just-summer.com\/fr\/wp-json\/wp\/v2\/product_cat?post=3084"},{"taxonomy":"product_tag","embeddable":true,"href":"https:\/\/just-summer.com\/fr\/wp-json\/wp\/v2\/product_tag?post=3084"}],"curies":[{"name":"wp","href":"https:\/\/api.w.org\/{rel}","templated":true}]}}