{"id":3202,"date":"2025-04-21T18:52:19","date_gmt":"2025-04-21T18:52:19","guid":{"rendered":"https:\/\/just-summer.com\/?post_type=product&#038;p=3202"},"modified":"2025-04-21T19:05:27","modified_gmt":"2025-04-21T19:05:27","slug":"bcm","status":"publish","type":"product","link":"https:\/\/just-summer.com\/fr\/producto\/bcm\/","title":{"rendered":"BCM"},"content":{"rendered":"[vc_row type=\u00a0\u00bbfull_width_background\u00a0\u00bb full_screen_row_position=\u00a0\u00bbmiddle\u00a0\u00bb column_margin=\u00a0\u00bbdefault\u00a0\u00bb column_direction=\u00a0\u00bbdefault\u00a0\u00bb column_direction_tablet=\u00a0\u00bbdefault\u00a0\u00bb column_direction_phone=\u00a0\u00bbdefault\u00a0\u00bb bg_color=\u00a0\u00bbrgba(222,196,159,0.11)\u00a0\u00bb scene_position=\u00a0\u00bbcenter\u00a0\u00bb top_padding=\u00a0\u00bb3%\u00a0\u00bb constrain_group_1=\u00a0\u00bbyes\u00a0\u00bb bottom_padding=\u00a0\u00bb3%\u00a0\u00bb text_color=\u00a0\u00bbdark\u00a0\u00bb text_align=\u00a0\u00bbleft\u00a0\u00bb row_border_radius=\u00a0\u00bbnone\u00a0\u00bb row_border_radius_applies=\u00a0\u00bbbg\u00a0\u00bb overflow=\u00a0\u00bbvisible\u00a0\u00bb overlay_strength=\u00a0\u00bb0.3&Prime; gradient_direction=\u00a0\u00bbleft_to_right\u00a0\u00bb shape_divider_position=\u00a0\u00bbbottom\u00a0\u00bb bg_image_animation=\u00a0\u00bbnone\u00a0\u00bb shape_type=\u00a0\u00bb\u00a0\u00bb gradient_type=\u00a0\u00bbdefault\u00a0\u00bb][vc_column column_padding=\u00a0\u00bbno-extra-padding\u00a0\u00bb column_padding_tablet=\u00a0\u00bbinherit\u00a0\u00bb column_padding_phone=\u00a0\u00bbinherit\u00a0\u00bb column_padding_position=\u00a0\u00bball\u00a0\u00bb column_element_direction_desktop=\u00a0\u00bbdefault\u00a0\u00bb column_element_spacing=\u00a0\u00bbdefault\u00a0\u00bb desktop_text_alignment=\u00a0\u00bbdefault\u00a0\u00bb tablet_text_alignment=\u00a0\u00bbdefault\u00a0\u00bb phone_text_alignment=\u00a0\u00bbdefault\u00a0\u00bb background_color_opacity=\u00a0\u00bb1&Prime; background_hover_color_opacity=\u00a0\u00bb1&Prime; column_backdrop_filter=\u00a0\u00bbnone\u00a0\u00bb column_shadow=\u00a0\u00bbnone\u00a0\u00bb column_border_radius=\u00a0\u00bbnone\u00a0\u00bb column_link_target=\u00a0\u00bb_self\u00a0\u00bb column_position=\u00a0\u00bbdefault\u00a0\u00bb gradient_direction=\u00a0\u00bbleft_to_right\u00a0\u00bb overlay_strength=\u00a0\u00bb0.3&Prime; width=\u00a0\u00bb1\/1&Prime; tablet_width_inherit=\u00a0\u00bbdefault\u00a0\u00bb animation_type=\u00a0\u00bbdefault\u00a0\u00bb bg_image_animation=\u00a0\u00bbnone\u00a0\u00bb border_type=\u00a0\u00bbsimple\u00a0\u00bb column_border_width=\u00a0\u00bbnone\u00a0\u00bb column_border_style=\u00a0\u00bbsolid\u00a0\u00bb][tabbed_section style=\u00a0\u00bbminimal_flexible\u00a0\u00bb tab_color=\u00a0\u00bbAccent-Color\u00a0\u00bb vs_content_animation=\u00a0\u00bbfade\u00a0\u00bb vs_link_animation=\u00a0\u00bbopacity\u00a0\u00bb vs_navigation_alignment=\u00a0\u00bbleft\u00a0\u00bb vs_navigation_width_2=\u00a0\u00bb25%\u00a0\u00bb vs_navigation_func=\u00a0\u00bbdefault\u00a0\u00bb vs_navigation_width=\u00a0\u00bbregular\u00a0\u00bb vs_navigation_spacing=\u00a0\u00bb15px\u00a0\u00bb vs_navigation_mobile_display=\u00a0\u00bbvisible\u00a0\u00bb vs_tab_spacing=\u00a0\u00bb5%\u00a0\u00bb icon_size=\u00a0\u00bb32&Prime;][tab icon_family=\u00a0\u00bbnone\u00a0\u00bb title=\u00a0\u00bbCE QUI EST INCLUS\u00a0\u00bb id=\u00a0\u00bb1745262141198-3&Prime; tab_id=\u00a0\u00bb1745262141198-10&Prime;][vc_column_text css=\u00a0\u00bb\u00a0\u00bb text_direction=\u00a0\u00bbdefault\u00a0\u00bb]<strong>\u2705 Avant minuit\u00a0:<\/strong><br \/>\n\u2022 2 boissons<br \/>\n\u2022 1 t-shirt BCM<\/p>\n<p><strong>\u2705 Apr\u00e8s minuit\u00a0:<\/strong><br \/>\n\u2022 1 boisson<br \/>\n\u2022 1 t-shirt BCM[\/vc_column_text][\/tab][tab icon_family=\u00a0\u00bbnone\u00a0\u00bb title=\u00a0\u00bbVIDEO\u00a0\u00bb id=\u00a0\u00bb1745262141227-9&Prime; tab_id=\u00a0\u00bb1745262141228-10&Prime;][nectar_video_player_self_hosted video_mp4=\u00a0\u00bbhttps:\/\/just-summer.com\/wp-content\/uploads\/2025\/04\/instdown14.mp4&Prime; player_functionality=\u00a0\u00bbdefault\u00a0\u00bb border_radius=\u00a0\u00bbnone\u00a0\u00bb box_shadow=\u00a0\u00bbnone\u00a0\u00bb advanced_gradient_display_type=\u00a0\u00bblinear\u00a0\u00bb][\/tab][tab icon_family=\u00a0\u00bbnone\u00a0\u00bb title=\u00a0\u00bbLOCATION\u00a0\u00bb id=\u00a0\u00bb1745262141248-2&Prime; tab_id=\u00a0\u00bb1745262141248-7&Prime;][vc_column_text css=\u00a0\u00bb\u00a0\u00bb text_direction=\u00a0\u00bbdefault\u00a0\u00bb]<iframe loading=\"lazy\" style=\"border: 0;\" src=\"https:\/\/www.google.com\/maps\/embed?pb=!1m18!1m12!1m3!1d3683.445691344812!2d2.530536176393585!3d39.509470210357385!2m3!1f0!2f0!3f0!3m2!1i1024!2i768!4f13.1!3m3!1m2!1s0x129789e0452d3359%3A0xa6a645bf6bfa29d0!2sBCM%20Mallorca!5e1!3m2!1ses!2ses!4v1745261763664!5m2!1ses!2ses\" width=\"100%\" height=\"450\" allowfullscreen=\"allowfullscreen\"><\/iframe>[\/vc_column_text][\/tab][tab icon_family=\u00a0\u00bbnone\u00a0\u00bb title=\u00a0\u00bbBASIC INFO\u00a0\u00bb id=\u00a0\u00bb1745262141268-4&Prime; tab_id=\u00a0\u00bb1745262141268-7&Prime;][vc_column_text css=\u00a0\u00bb\u00a0\u00bb text_direction=\u00a0\u00bbdefault\u00a0\u00bb]<strong>\u2728 Exp\u00e9rience VIP<\/strong><\/p>\n<p><strong>Am\u00e9liorez votre soir\u00e9e gr\u00e2ce \u00e0 notre espace VIP exclusif\u00a0:<\/strong><\/p>\n<ul>\n<li>Disponibilit\u00e9 limit\u00e9e\u00a0\u2014 r\u00e9servez t\u00f4t\u00a0!<\/li>\n<li>Acompte de 50\u00a0% requis (paiement s\u00e9curis\u00e9 via un lien de carte bancaire)<\/li>\n<\/ul>\n<p><strong>\ud83d\udc57 Code vestimentaire\u00a0: Tenue \u00e9l\u00e9gante exig\u00e9e<\/strong><\/p>\n<ul>\n<li>\ud83d\udeab Pour une ambiance chaleureuse, veuillez noter\u00a0:<\/li>\n<li>\ud83d\udeab Pas de jeans d\u00e9chir\u00e9s<\/li>\n<li>\ud83d\udeab Pas de tenue de sport<\/li>\n<li>\ud83d\udeab Pas de tenue de plage ni de tongs<\/li>\n<li>\ud83d\udeab Pas de d\u00e9bardeurs<\/li>\n<li>\ud83d\udeab Pas de d\u00e9guisements ni de tenues d&rsquo;enterrement de vie de gar\u00e7on<\/li>\n<\/ul>\n[\/vc_column_text][\/tab][\/tabbed_section][\/vc_column][\/vc_row]\n","protected":false},"excerpt":{"rendered":"<p><strong>\ud83c\udf89 Bienvenue au BCM\u00a0!<\/strong><\/p>\n<p><strong>R\u00e9servez votre place t\u00f4t\u00a0; les prix augmentent au fur et \u00e0 mesure que les billets se vendent.<\/strong><\/p>\n<p><strong>\ud83d\udca5 Avantages de la pr\u00e9vente\u00a0:<\/strong><\/p>\n<ul>\n<li>Meilleur prix garanti\u00a0; aucune augmentation surprise<\/li>\n<li>Code QR instantan\u00e9 par SMS pour une entr\u00e9e rapide<\/li>\n<li>2 boissons et un t-shirt BCM inclus si vous arrivez avant minuit<\/li>\n<li>1 boisson et un t-shirt BCM inclus si vous arrivez apr\u00e8s minuit<\/li>\n<\/ul>\n<p><strong>\ud83d\udcde R\u00e9servations et informations<\/strong><\/p>\n<p>Pour la pr\u00e9vente ou les r\u00e9servations VIP, contactez-nous\u00a0:<\/p>\n<p>\ud83d\udcf1 <a href=\"tel:0034667075188\">+34 667 075 188<\/a><br \/>\n\ud83d\udcf1 <a href=\"tel:0033673567225\">+33 673 56 72 25<\/a><\/p>\n","protected":false},"featured_media":3229,"template":"","meta":[],"product_brand":[],"product_cat":[63,66],"product_tag":[],"class_list":{"0":"post-3202","1":"product","2":"type-product","3":"status-publish","4":"has-post-thumbnail","6":"product_cat-adultes","7":"product_cat-popular-fr","9":"first","10":"instock","11":"shipping-taxable","12":"product-type-external"},"_links":{"self":[{"href":"https:\/\/just-summer.com\/fr\/wp-json\/wp\/v2\/product\/3202","targetHints":{"allow":["GET"]}}],"collection":[{"href":"https:\/\/just-summer.com\/fr\/wp-json\/wp\/v2\/product"}],"about":[{"href":"https:\/\/just-summer.com\/fr\/wp-json\/wp\/v2\/types\/product"}],"wp:featuredmedia":[{"embeddable":true,"href":"https:\/\/just-summer.com\/fr\/wp-json\/wp\/v2\/media\/3229"}],"wp:attachment":[{"href":"https:\/\/just-summer.com\/fr\/wp-json\/wp\/v2\/media?parent=3202"}],"wp:term":[{"taxonomy":"product_brand","embeddable":true,"href":"https:\/\/just-summer.com\/fr\/wp-json\/wp\/v2\/product_brand?post=3202"},{"taxonomy":"product_cat","embeddable":true,"href":"https:\/\/just-summer.com\/fr\/wp-json\/wp\/v2\/product_cat?post=3202"},{"taxonomy":"product_tag","embeddable":true,"href":"https:\/\/just-summer.com\/fr\/wp-json\/wp\/v2\/product_tag?post=3202"}],"curies":[{"name":"wp","href":"https:\/\/api.w.org\/{rel}","templated":true}]}}