{"id":3460,"date":"2025-05-19T09:22:11","date_gmt":"2025-05-19T09:22:11","guid":{"rendered":"https:\/\/just-summer.com\/?post_type=product&#038;p=3460"},"modified":"2025-05-19T09:31:38","modified_gmt":"2025-05-19T09:31:38","slug":"shark-diving-without-licence","status":"publish","type":"product","link":"https:\/\/just-summer.com\/fr\/producto\/shark-diving-without-licence\/","title":{"rendered":"PLONG\u00c9E AVEC LES REQUINS SANS PERMIS<h3> Prix \u00e0 partir de: 208\u00a0\u20ac<\/h3>"},"content":{"rendered":"[vc_row type=\u00a0\u00bbfull_width_background\u00a0\u00bb full_screen_row_position=\u00a0\u00bbmiddle\u00a0\u00bb column_margin=\u00a0\u00bbdefault\u00a0\u00bb column_direction=\u00a0\u00bbdefault\u00a0\u00bb column_direction_tablet=\u00a0\u00bbdefault\u00a0\u00bb column_direction_phone=\u00a0\u00bbdefault\u00a0\u00bb bg_color=\u00a0\u00bbrgba(222,196,159,0.11)\u00a0\u00bb scene_position=\u00a0\u00bbcenter\u00a0\u00bb top_padding=\u00a0\u00bb3%\u00a0\u00bb constrain_group_1=\u00a0\u00bbyes\u00a0\u00bb bottom_padding=\u00a0\u00bb3%\u00a0\u00bb text_color=\u00a0\u00bbdark\u00a0\u00bb text_align=\u00a0\u00bbleft\u00a0\u00bb row_border_radius=\u00a0\u00bbnone\u00a0\u00bb row_border_radius_applies=\u00a0\u00bbbg\u00a0\u00bb overflow=\u00a0\u00bbvisible\u00a0\u00bb overlay_strength=\u00a0\u00bb0.3&Prime; gradient_direction=\u00a0\u00bbleft_to_right\u00a0\u00bb shape_divider_position=\u00a0\u00bbbottom\u00a0\u00bb bg_image_animation=\u00a0\u00bbnone\u00a0\u00bb shape_type=\u00a0\u00bb\u00a0\u00bb gradient_type=\u00a0\u00bbdefault\u00a0\u00bb][vc_column column_padding=\u00a0\u00bbno-extra-padding\u00a0\u00bb column_padding_tablet=\u00a0\u00bbinherit\u00a0\u00bb column_padding_phone=\u00a0\u00bbinherit\u00a0\u00bb column_padding_position=\u00a0\u00bball\u00a0\u00bb column_element_direction_desktop=\u00a0\u00bbdefault\u00a0\u00bb column_element_spacing=\u00a0\u00bbdefault\u00a0\u00bb desktop_text_alignment=\u00a0\u00bbdefault\u00a0\u00bb tablet_text_alignment=\u00a0\u00bbdefault\u00a0\u00bb phone_text_alignment=\u00a0\u00bbdefault\u00a0\u00bb background_color_opacity=\u00a0\u00bb1&Prime; background_hover_color_opacity=\u00a0\u00bb1&Prime; column_backdrop_filter=\u00a0\u00bbnone\u00a0\u00bb column_shadow=\u00a0\u00bbnone\u00a0\u00bb column_border_radius=\u00a0\u00bbnone\u00a0\u00bb column_link_target=\u00a0\u00bb_self\u00a0\u00bb column_position=\u00a0\u00bbdefault\u00a0\u00bb gradient_direction=\u00a0\u00bbleft_to_right\u00a0\u00bb overlay_strength=\u00a0\u00bb0.3&Prime; width=\u00a0\u00bb1\/1&Prime; tablet_width_inherit=\u00a0\u00bbdefault\u00a0\u00bb animation_type=\u00a0\u00bbdefault\u00a0\u00bb bg_image_animation=\u00a0\u00bbnone\u00a0\u00bb border_type=\u00a0\u00bbsimple\u00a0\u00bb column_border_width=\u00a0\u00bbnone\u00a0\u00bb column_border_style=\u00a0\u00bbsolid\u00a0\u00bb][tabbed_section style=\u00a0\u00bbminimal_flexible\u00a0\u00bb tab_color=\u00a0\u00bbAccent-Color\u00a0\u00bb vs_content_animation=\u00a0\u00bbfade\u00a0\u00bb vs_link_animation=\u00a0\u00bbopacity\u00a0\u00bb vs_navigation_alignment=\u00a0\u00bbleft\u00a0\u00bb vs_navigation_width_2=\u00a0\u00bb25%\u00a0\u00bb vs_navigation_func=\u00a0\u00bbdefault\u00a0\u00bb vs_navigation_width=\u00a0\u00bbregular\u00a0\u00bb vs_navigation_spacing=\u00a0\u00bb15px\u00a0\u00bb vs_navigation_mobile_display=\u00a0\u00bbvisible\u00a0\u00bb vs_tab_spacing=\u00a0\u00bb5%\u00a0\u00bb icon_size=\u00a0\u00bb32&Prime;][tab icon_family=\u00a0\u00bbnone\u00a0\u00bb title=\u00a0\u00bbCE QUI EST INCLUS\u00a0\u00bb id=\u00a0\u00bb1747647012149-10&Prime; tab_id=\u00a0\u00bb1747647012150-10&Prime;][vc_column_text css=\u00a0\u00bb\u00a0\u00bb text_direction=\u00a0\u00bbdefault\u00a0\u00bb]\n<ul>\n<li>Entr\u00e9e gratuite \u00e0 l&rsquo;Aquarium de Palma (pour vous et un invit\u00e9)&nbsp;<\/li>\n<li>Instructeur de plong\u00e9e professionnel&nbsp;<\/li>\n<li>\u00c9quipement de plong\u00e9e complet&nbsp;<\/li>\n<li>Assurance plong\u00e9e<\/li>\n<\/ul>\n[\/vc_column_text][\/tab][tab icon_family=\u00a0\u00bbnone\u00a0\u00bb title=\u00a0\u00bbDESCRIPTION\u00a0\u00bb id=\u00a0\u00bb1747647012177-0&Prime; tab_id=\u00a0\u00bb1747647012177-2&Prime;][vc_column_text css=\u00a0\u00bb\u00a0\u00bb text_direction=\u00a0\u00bbdefault\u00a0\u00bb]Plongez dans le Grand Bleu, l&rsquo;un des bassins \u00e0 requins les plus profonds d&rsquo;Europe\u00a0: 3,5 millions de litres d&rsquo;eau sal\u00e9e et 10 requins impressionnants de plus de 3 m\u00e8tres de long\u00a0!<\/p>\n<p>Pas besoin de permis de plong\u00e9e\u00a0![\/vc_column_text][\/tab][tab icon_family=\u00a0\u00bbnone\u00a0\u00bb title=\u00a0\u00bbEMPLACEMENT\u00a0\u00bb id=\u00a0\u00bb1747647012191-8&Prime; tab_id=\u00a0\u00bb1747647012192-5&Prime;][vc_column_text css=\u00a0\u00bb\u00a0\u00bb text_direction=\u00a0\u00bbdefault\u00a0\u00bb]<iframe loading=\"lazy\" style=\"border: 0;\" src=\"https:\/\/www.google.com\/maps\/embed?pb=!1m18!1m12!1m3!1d3321.668696859083!2d2.726954276075208!3d39.531378309048364!2m3!1f0!2f0!3f0!3m2!1i1024!2i768!4f13.1!3m3!1m2!1s0x1297969cfbd5a3d1%3A0x2bdad6add74d4b33!2sPalma%20Aquarium!5e1!3m2!1ses!2sve!4v1743429939447!5m2!1ses!2sve\" width=\"100%\" height=\"450\" allowfullscreen=\"allowfullscreen\"><\/iframe>[\/vc_column_text][\/tab][tab icon_family=\u00a0\u00bbnone\u00a0\u00bb title=\u00a0\u00bbINFORMATIONS DE BASE\u00a0\u00bb id=\u00a0\u00bb1747647012212-10&Prime; tab_id=\u00a0\u00bb1747647012213-3&Prime;][vc_column_text css=\u00a0\u00bb\u00a0\u00bb text_direction=\u00a0\u00bbdefault\u00a0\u00bb]Informations importantes\u00a0:<br \/>\n\u2022 Certificat m\u00e9dical de plong\u00e9e obligatoire (d\u00e9livr\u00e9 au cours des 12 derniers mois)<br \/>\n\u2022 Interdiction de prendre l&rsquo;avion 12\u00a0heures avant ou apr\u00e8s la plong\u00e9e<br \/>\n\u2022 Profondeur\u00a0:<br \/>\n\u2022 Avec licence\u00a0: jusqu&rsquo;\u00e0 8,5\u00a0m\u00e8tres<br \/>\n\u2022 Sans licence\u00a0: jusqu&rsquo;\u00e0 4\u00a0m\u00e8tres<br \/>\n\u2022 Dur\u00e9e totale\u00a0: environ 2,5\u00a0heures<br \/>\n\u2022 Activit\u00e9 soumise aux conditions m\u00e9t\u00e9orologiques et biologiques<br \/>\n\u2022 R\u00e9serv\u00e9 aux personnes de 18\u00a0ans et plus<br \/>\n\u2022 Langues\u00a0: espagnol, anglais, allemand<br \/>\n\u2022 Aucun remboursement si les conditions ci-dessus ne sont pas respect\u00e9es<\/p>\n<p>Tarifs\u00a0: 208,00\u00a0\u20ac[\/vc_column_text][\/tab][\/tabbed_section][\/vc_column][\/vc_row]\n","protected":false},"excerpt":{"rendered":"<p>Plongez dans le Grand Bleu, l&rsquo;un des bassins \u00e0 requins les plus profonds d&rsquo;Europe\u00a0: 3,5 millions de litres d&rsquo;eau sal\u00e9e et 10 requins impressionnants de plus de 3 m\u00e8tres de long\u00a0!<\/p>\n<p>Pas besoin de permis de plong\u00e9e\u00a0!<\/p>\n","protected":false},"featured_media":3451,"template":"","meta":[],"product_brand":[],"product_cat":[63],"product_tag":[],"class_list":{"0":"post-3460","1":"product","2":"type-product","3":"status-publish","4":"has-post-thumbnail","6":"product_cat-adultes","8":"first","9":"instock","10":"shipping-taxable","11":"product-type-external"},"_links":{"self":[{"href":"https:\/\/just-summer.com\/fr\/wp-json\/wp\/v2\/product\/3460","targetHints":{"allow":["GET"]}}],"collection":[{"href":"https:\/\/just-summer.com\/fr\/wp-json\/wp\/v2\/product"}],"about":[{"href":"https:\/\/just-summer.com\/fr\/wp-json\/wp\/v2\/types\/product"}],"wp:featuredmedia":[{"embeddable":true,"href":"https:\/\/just-summer.com\/fr\/wp-json\/wp\/v2\/media\/3451"}],"wp:attachment":[{"href":"https:\/\/just-summer.com\/fr\/wp-json\/wp\/v2\/media?parent=3460"}],"wp:term":[{"taxonomy":"product_brand","embeddable":true,"href":"https:\/\/just-summer.com\/fr\/wp-json\/wp\/v2\/product_brand?post=3460"},{"taxonomy":"product_cat","embeddable":true,"href":"https:\/\/just-summer.com\/fr\/wp-json\/wp\/v2\/product_cat?post=3460"},{"taxonomy":"product_tag","embeddable":true,"href":"https:\/\/just-summer.com\/fr\/wp-json\/wp\/v2\/product_tag?post=3460"}],"curies":[{"name":"wp","href":"https:\/\/api.w.org\/{rel}","templated":true}]}}