{"id":3495,"date":"2025-05-19T09:34:21","date_gmt":"2025-05-19T09:34:21","guid":{"rendered":"https:\/\/just-summer.com\/?post_type=product&#038;p=3495"},"modified":"2025-05-19T09:47:21","modified_gmt":"2025-05-19T09:47:21","slug":"palma-aquarium","status":"publish","type":"product","link":"https:\/\/just-summer.com\/fr\/producto\/palma-aquarium\/","title":{"rendered":"AQUARIUM<h3> Prix \u200b\u200b\u00e0 partir de: 23\u20ac<\/h3>"},"content":{"rendered":"[vc_row type=\u00a0\u00bbfull_width_background\u00a0\u00bb full_screen_row_position=\u00a0\u00bbmiddle\u00a0\u00bb column_margin=\u00a0\u00bbdefault\u00a0\u00bb column_direction=\u00a0\u00bbdefault\u00a0\u00bb column_direction_tablet=\u00a0\u00bbdefault\u00a0\u00bb column_direction_phone=\u00a0\u00bbdefault\u00a0\u00bb bg_color=\u00a0\u00bbrgba(222,196,159,0.11)\u00a0\u00bb scene_position=\u00a0\u00bbcenter\u00a0\u00bb top_padding=\u00a0\u00bb3%\u00a0\u00bb constrain_group_1=\u00a0\u00bbyes\u00a0\u00bb bottom_padding=\u00a0\u00bb3%\u00a0\u00bb text_color=\u00a0\u00bbdark\u00a0\u00bb text_align=\u00a0\u00bbleft\u00a0\u00bb row_border_radius=\u00a0\u00bbnone\u00a0\u00bb row_border_radius_applies=\u00a0\u00bbbg\u00a0\u00bb overflow=\u00a0\u00bbvisible\u00a0\u00bb overlay_strength=\u00a0\u00bb0.3&Prime; gradient_direction=\u00a0\u00bbleft_to_right\u00a0\u00bb shape_divider_position=\u00a0\u00bbbottom\u00a0\u00bb bg_image_animation=\u00a0\u00bbnone\u00a0\u00bb shape_type=\u00a0\u00bb\u00a0\u00bb gradient_type=\u00a0\u00bbdefault\u00a0\u00bb][vc_column column_padding=\u00a0\u00bbno-extra-padding\u00a0\u00bb column_padding_tablet=\u00a0\u00bbinherit\u00a0\u00bb column_padding_phone=\u00a0\u00bbinherit\u00a0\u00bb column_padding_position=\u00a0\u00bball\u00a0\u00bb column_element_direction_desktop=\u00a0\u00bbdefault\u00a0\u00bb column_element_spacing=\u00a0\u00bbdefault\u00a0\u00bb desktop_text_alignment=\u00a0\u00bbdefault\u00a0\u00bb tablet_text_alignment=\u00a0\u00bbdefault\u00a0\u00bb phone_text_alignment=\u00a0\u00bbdefault\u00a0\u00bb background_color_opacity=\u00a0\u00bb1&Prime; background_hover_color_opacity=\u00a0\u00bb1&Prime; column_backdrop_filter=\u00a0\u00bbnone\u00a0\u00bb column_shadow=\u00a0\u00bbnone\u00a0\u00bb column_border_radius=\u00a0\u00bbnone\u00a0\u00bb column_link_target=\u00a0\u00bb_self\u00a0\u00bb column_position=\u00a0\u00bbdefault\u00a0\u00bb gradient_direction=\u00a0\u00bbleft_to_right\u00a0\u00bb overlay_strength=\u00a0\u00bb0.3&Prime; width=\u00a0\u00bb1\/1&Prime; tablet_width_inherit=\u00a0\u00bbdefault\u00a0\u00bb animation_type=\u00a0\u00bbdefault\u00a0\u00bb bg_image_animation=\u00a0\u00bbnone\u00a0\u00bb border_type=\u00a0\u00bbsimple\u00a0\u00bb column_border_width=\u00a0\u00bbnone\u00a0\u00bb column_border_style=\u00a0\u00bbsolid\u00a0\u00bb][tabbed_section style=\u00a0\u00bbminimal_flexible\u00a0\u00bb tab_color=\u00a0\u00bbAccent-Color\u00a0\u00bb vs_content_animation=\u00a0\u00bbfade\u00a0\u00bb vs_link_animation=\u00a0\u00bbopacity\u00a0\u00bb vs_navigation_alignment=\u00a0\u00bbleft\u00a0\u00bb vs_navigation_width_2=\u00a0\u00bb25%\u00a0\u00bb vs_navigation_func=\u00a0\u00bbdefault\u00a0\u00bb vs_navigation_width=\u00a0\u00bbregular\u00a0\u00bb vs_navigation_spacing=\u00a0\u00bb15px\u00a0\u00bb vs_navigation_mobile_display=\u00a0\u00bbvisible\u00a0\u00bb vs_tab_spacing=\u00a0\u00bb5%\u00a0\u00bb icon_size=\u00a0\u00bb32&Prime;][tab icon_family=\u00a0\u00bbnone\u00a0\u00bb title=\u00a0\u00bbCE QUI EST INCLUS\u00a0\u00bb id=\u00a0\u00bb1747647971920-2&Prime; tab_id=\u00a0\u00bb1747647971920-8&Prime;][vc_column_text css=\u00a0\u00bb\u00a0\u00bb text_direction=\u00a0\u00bbdefault\u00a0\u00bb]\n<ul>\n<li>Acc\u00e8s complet \u00e0 l&rsquo;Aquarium de Palma<\/li>\n<li>Entr\u00e9e au Cin\u00e9ma 3D Aquadome<\/li>\n<li>Film\u00a0: Baleines \u2013 G\u00e9ants de l&rsquo;Oc\u00e9an<\/li>\n<li>Acc\u00e8s \u00e0 l&rsquo;aire de jeux ext\u00e9rieure pour enfants<\/li>\n<li>Acc\u00e8s \u00e0 l&rsquo;Aquarium d&rsquo;Art<\/li>\n<\/ul>\n[\/vc_column_text][\/tab][tab icon_family=\u00a0\u00bbnone\u00a0\u00bb title=\u00a0\u00bbDESCRIPTION\u00a0\u00bb id=\u00a0\u00bb1747647971950-10&Prime; tab_id=\u00a0\u00bb1747647971950-0&Prime;][vc_column_text css=\u00a0\u00bb\u00a0\u00bb text_direction=\u00a0\u00bbdefault\u00a0\u00bb]D\u00e9couvrez la vie dans les profondeurs des oc\u00e9ans\u00a0!<\/p>\n<p>L&rsquo;Aquarium de Palma est un v\u00e9ritable parc marin o\u00f9 vous pourrez d\u00e9couvrir les tr\u00e9sors du monde sous-marin, id\u00e9al pour les familles comme pour les adultes.<\/p>\n<p>Apprenez tout sur la vie marine avec les experts de l&rsquo;oc\u00e9an gr\u00e2ce \u00e0 des rencontres quotidiennes, des conf\u00e9rences, des nourrissages, etc.<br \/>\nExplorez les merveilles de la mer M\u00e9diterran\u00e9e et d\u00e9couvrez une exposition de coraux vivants unique au monde.<\/p>\n<p>\u2e3b<\/p>\n<p>Laissez-vous \u00e9merveiller par les requins de Big Blue, le bassin \u00e0 requins le plus profond d&rsquo;Europe.<br \/>\nPromenez-vous dans de vastes jardins m\u00e9diterran\u00e9ens et aventurez-vous dans la jungle.<br \/>\nLes enfants s&rsquo;amuseront dans les espaces d\u00e9di\u00e9s, le bateau pirate ext\u00e9rieur et le parc Nautilus int\u00e9rieur.<\/p>\n<p>Choisissez de vraies aventures\u00a0: Bateau Shark Vision, Visite des coulisses, Cin\u00e9ma 3D, Aquad\u00f4me avec les baleines, Plong\u00e9e avec tuba avec les raies, etc.<\/p>\n<p>D\u00e9couvrez nos projets de conservation marine et notre Centre de recherche marine.<br \/>\nAdmirez la beaut\u00e9 de nos oc\u00e9ans et contribuez \u00e0 sensibiliser le public \u00e0 l&rsquo;importance de valoriser, de respecter et de prot\u00e9ger l&rsquo;environnement.<\/p>\n<p>Plongez dans une exp\u00e9rience marine extraordinaire\u00a0![\/vc_column_text][\/tab][tab icon_family=\u00a0\u00bbnone\u00a0\u00bb title=\u00a0\u00bbEMPLACEMENT\u00a0\u00bb id=\u00a0\u00bb1747647971972-6&Prime; tab_id=\u00a0\u00bb1747647971973-9&Prime;][vc_column_text css=\u00a0\u00bb\u00a0\u00bb text_direction=\u00a0\u00bbdefault\u00a0\u00bb]<iframe loading=\"lazy\" style=\"border: 0;\" src=\"https:\/\/www.google.com\/maps\/embed?pb=!1m18!1m12!1m3!1d3321.668696859083!2d2.726954276075208!3d39.531378309048364!2m3!1f0!2f0!3f0!3m2!1i1024!2i768!4f13.1!3m3!1m2!1s0x1297969cfbd5a3d1%3A0x2bdad6add74d4b33!2sPalma%20Aquarium!5e1!3m2!1ses!2sve!4v1743429939447!5m2!1ses!2sve\" width=\"100%\" height=\"450\" allowfullscreen=\"allowfullscreen\"><\/iframe>[\/vc_column_text][\/tab][tab icon_family=\u00a0\u00bbnone\u00a0\u00bb title=\u00a0\u00bbINFORMATIONS DE BASE\u00a0\u00bb id=\u00a0\u00bb1747647971998-3&Prime; tab_id=\u00a0\u00bb1747647971999-8&Prime;][vc_column_text css=\u00a0\u00bb\u00a0\u00bb text_direction=\u00a0\u00bbdefault\u00a0\u00bb]Bon \u00e0 savoir\u00a0:<br \/>\n\u2022 Le cin\u00e9ma 3D a une capacit\u00e9 limit\u00e9e\u00a0; r\u00e9servez votre s\u00e9ance aux bornes du parc.<br \/>\n\u2022 \u00c0 partir de 3\u00a0ans (les enfants doivent \u00eatre accompagn\u00e9s d&rsquo;un adulte).<br \/>\n\u2022 Horaires disponibles dans le parc et sur le site officiel.<\/p>\n<p>Tarifs\u00a0:<br \/>\n\u2022 Adultes\u00a0: 34,00\u00a0\u20ac<br \/>\n\u2022 Enfants (3-12\u00a0ans)\u00a0: 23,00\u00a0\u20ac<br \/>\n\u2022 Seniors (65\u00a0ans et plus)\u00a0: 30,50\u00a0\u20ac[\/vc_column_text][\/tab][\/tabbed_section][\/vc_column][\/vc_row]\n","protected":false},"excerpt":{"rendered":"<p>\ud83c\udf0a Explorez les oc\u00e9ans \u00e0 l&rsquo;Aquarium de Palma<\/p>\n<p>Voyagez \u00e0 travers tous les oc\u00e9ans du monde, sans quitter Majorque\u00a0!<br \/>\nD\u00e9couvrez la magie de la vie marine lors d&rsquo;une exp\u00e9rience inoubliable pour tous les \u00e2ges.<\/p>\n","protected":false},"featured_media":3463,"template":"","meta":[],"product_brand":[],"product_cat":[69],"product_tag":[],"class_list":{"0":"post-3495","1":"product","2":"type-product","3":"status-publish","4":"has-post-thumbnail","6":"product_cat-family-fun-fr","8":"first","9":"instock","10":"shipping-taxable","11":"product-type-external"},"_links":{"self":[{"href":"https:\/\/just-summer.com\/fr\/wp-json\/wp\/v2\/product\/3495","targetHints":{"allow":["GET"]}}],"collection":[{"href":"https:\/\/just-summer.com\/fr\/wp-json\/wp\/v2\/product"}],"about":[{"href":"https:\/\/just-summer.com\/fr\/wp-json\/wp\/v2\/types\/product"}],"wp:featuredmedia":[{"embeddable":true,"href":"https:\/\/just-summer.com\/fr\/wp-json\/wp\/v2\/media\/3463"}],"wp:attachment":[{"href":"https:\/\/just-summer.com\/fr\/wp-json\/wp\/v2\/media?parent=3495"}],"wp:term":[{"taxonomy":"product_brand","embeddable":true,"href":"https:\/\/just-summer.com\/fr\/wp-json\/wp\/v2\/product_brand?post=3495"},{"taxonomy":"product_cat","embeddable":true,"href":"https:\/\/just-summer.com\/fr\/wp-json\/wp\/v2\/product_cat?post=3495"},{"taxonomy":"product_tag","embeddable":true,"href":"https:\/\/just-summer.com\/fr\/wp-json\/wp\/v2\/product_tag?post=3495"}],"curies":[{"name":"wp","href":"https:\/\/api.w.org\/{rel}","templated":true}]}}