{"id":3554,"date":"2025-05-30T10:19:10","date_gmt":"2025-05-30T10:19:10","guid":{"rendered":"https:\/\/just-summer.com\/?post_type=product&#038;p=3554"},"modified":"2025-05-30T10:25:33","modified_gmt":"2025-05-30T10:25:33","slug":"tapas-local-vibes","status":"publish","type":"product","link":"https:\/\/just-summer.com\/fr\/producto\/tapas-local-vibes\/","title":{"rendered":"Tapas et ambiance locale \u2013 D\u00e9couvrez Palma de nuit<h3> Prix\u00a0: 70\u00a0\u20ac par personne<\/h3>"},"content":{"rendered":"[vc_row type=\u00a0\u00bbfull_width_background\u00a0\u00bb full_screen_row_position=\u00a0\u00bbmiddle\u00a0\u00bb column_margin=\u00a0\u00bbdefault\u00a0\u00bb column_direction=\u00a0\u00bbdefault\u00a0\u00bb column_direction_tablet=\u00a0\u00bbdefault\u00a0\u00bb column_direction_phone=\u00a0\u00bbdefault\u00a0\u00bb bg_color=\u00a0\u00bbrgba(222,196,159,0.11)\u00a0\u00bb scene_position=\u00a0\u00bbcenter\u00a0\u00bb top_padding=\u00a0\u00bb3%\u00a0\u00bb constrain_group_1=\u00a0\u00bbyes\u00a0\u00bb bottom_padding=\u00a0\u00bb3%\u00a0\u00bb text_color=\u00a0\u00bbdark\u00a0\u00bb text_align=\u00a0\u00bbleft\u00a0\u00bb row_border_radius=\u00a0\u00bbnone\u00a0\u00bb row_border_radius_applies=\u00a0\u00bbbg\u00a0\u00bb overflow=\u00a0\u00bbvisible\u00a0\u00bb overlay_strength=\u00a0\u00bb0.3&Prime; gradient_direction=\u00a0\u00bbleft_to_right\u00a0\u00bb shape_divider_position=\u00a0\u00bbbottom\u00a0\u00bb bg_image_animation=\u00a0\u00bbnone\u00a0\u00bb shape_type=\u00a0\u00bb\u00a0\u00bb gradient_type=\u00a0\u00bbdefault\u00a0\u00bb][vc_column column_padding=\u00a0\u00bbno-extra-padding\u00a0\u00bb column_padding_tablet=\u00a0\u00bbinherit\u00a0\u00bb column_padding_phone=\u00a0\u00bbinherit\u00a0\u00bb column_padding_position=\u00a0\u00bball\u00a0\u00bb column_element_direction_desktop=\u00a0\u00bbdefault\u00a0\u00bb column_element_spacing=\u00a0\u00bbdefault\u00a0\u00bb desktop_text_alignment=\u00a0\u00bbdefault\u00a0\u00bb tablet_text_alignment=\u00a0\u00bbdefault\u00a0\u00bb phone_text_alignment=\u00a0\u00bbdefault\u00a0\u00bb background_color_opacity=\u00a0\u00bb1&Prime; background_hover_color_opacity=\u00a0\u00bb1&Prime; column_backdrop_filter=\u00a0\u00bbnone\u00a0\u00bb column_shadow=\u00a0\u00bbnone\u00a0\u00bb column_border_radius=\u00a0\u00bbnone\u00a0\u00bb column_link_target=\u00a0\u00bb_self\u00a0\u00bb column_position=\u00a0\u00bbdefault\u00a0\u00bb gradient_direction=\u00a0\u00bbleft_to_right\u00a0\u00bb overlay_strength=\u00a0\u00bb0.3&Prime; width=\u00a0\u00bb1\/1&Prime; tablet_width_inherit=\u00a0\u00bbdefault\u00a0\u00bb animation_type=\u00a0\u00bbdefault\u00a0\u00bb bg_image_animation=\u00a0\u00bbnone\u00a0\u00bb border_type=\u00a0\u00bbsimple\u00a0\u00bb column_border_width=\u00a0\u00bbnone\u00a0\u00bb column_border_style=\u00a0\u00bbsolid\u00a0\u00bb][tabbed_section style=\u00a0\u00bbminimal_flexible\u00a0\u00bb tab_color=\u00a0\u00bbAccent-Color\u00a0\u00bb vs_content_animation=\u00a0\u00bbfade\u00a0\u00bb vs_link_animation=\u00a0\u00bbopacity\u00a0\u00bb vs_navigation_alignment=\u00a0\u00bbleft\u00a0\u00bb vs_navigation_width_2=\u00a0\u00bb25%\u00a0\u00bb vs_navigation_func=\u00a0\u00bbdefault\u00a0\u00bb vs_navigation_width=\u00a0\u00bbregular\u00a0\u00bb vs_navigation_spacing=\u00a0\u00bb15px\u00a0\u00bb vs_navigation_mobile_display=\u00a0\u00bbvisible\u00a0\u00bb vs_tab_spacing=\u00a0\u00bb5%\u00a0\u00bb icon_size=\u00a0\u00bb32&Prime;][tab icon_family=\u00a0\u00bbnone\u00a0\u00bb title=\u00a0\u00bbCE QUI EST INCLUS\u00a0\u00bb id=\u00a0\u00bb1748600675492-2&Prime; tab_id=\u00a0\u00bb1748600675492-7&Prime;][vc_column_text css=\u00a0\u00bb\u00a0\u00bb text_direction=\u00a0\u00bbdefault\u00a0\u00bb]\u2728 Ce qui vous attend\u00a0:<br \/>\n* \ud83e\udd58 3 arr\u00eats gourmands avec de d\u00e9licieuses tapas, pinchos et plats chauds<br \/>\n* \ud83c\udf77 1 boisson \u00e0 chaque arr\u00eat (vin, bi\u00e8re ou boissons sans alcool)<br \/>\n* \ud83c\udf6e Un dessert majorquin sucr\u00e9 en chemin<br \/>\n* \ud83d\uddfa\ufe0f Un guide local partage sa culture, ses endroits cach\u00e9s et ses recommandations<br \/>\n* \ud83d\udc83 Soir\u00e9e optionnelle apr\u00e8s la visite[\/vc_column_text][\/tab][tab icon_family=\u00a0\u00bbnone\u00a0\u00bb title=\u00a0\u00bbDESCRIPTION\u00a0\u00bb id=\u00a0\u00bb1748600675523-0&Prime; tab_id=\u00a0\u00bb1748600675523-7&Prime;][vc_column_text css=\u00a0\u00bb\u00a0\u00bb text_direction=\u00a0\u00bbdefault\u00a0\u00bb]Explorez le c\u0153ur de Palma lors d&rsquo;une balade savoureuse \u00e0 travers sa vieille ville et ses bars \u00e0 tapas anim\u00e9s.<br \/>\nSavourez Majorque de la mani\u00e8re la plus authentique\u00a0: gastronomie, boissons, anecdotes et ambiance d\u00e9contract\u00e9e.<\/p>\n<p>\ud83d\udd52 Dur\u00e9e de la visite\u00a0: environ 3\u00a0heures<br \/>\n* \ud83d\udcb8 Prix\u00a0: 70\u00a0\u20ac\/personne<br \/>\n* \ud83d\udcb6 Acompte\u00a0: 14\u00a0\u20ac (reste \u00e0 r\u00e9gler le jour de l&rsquo;excursion)<br \/>\n\ud83d\udce9 Vous recevrez un e-mail avec le lieu de rendez-vous exact apr\u00e8s confirmation de votre paiement.[\/vc_column_text][\/tab][tab icon_family=\u00a0\u00bbnone\u00a0\u00bb title=\u00a0\u00bbEMPLACEMENT\u00a0\u00bb id=\u00a0\u00bb1748600675538-7&Prime; tab_id=\u00a0\u00bb1748600675539-3&Prime;][vc_column_text css=\u00a0\u00bb\u00a0\u00bb text_direction=\u00a0\u00bbdefault\u00a0\u00bb]<iframe loading=\"lazy\" style=\"border: 0;\" src=\"https:\/\/www.google.com\/maps\/embed?pb=!1m18!1m12!1m3!1d581.6731768272169!2d2.651556342890367!3d39.57100437213722!2m3!1f0!2f0!3f0!3m2!1i1024!2i768!4f13.1!3m3!1m2!1s0x12979338e1723109%3A0x923c2b65bc9b2697!2sPopeyes%20Famous%20Louisiana%20Chicken!5e1!3m2!1ses!2ses!4v1748600715816!5m2!1ses!2ses\" width=\"100%\" height=\"450\" allowfullscreen=\"allowfullscreen\"><\/iframe>[\/vc_column_text][\/tab][tab icon_family=\u00a0\u00bbnone\u00a0\u00bb title=\u00a0\u00bbINFORMATIONS DE BASE\u00a0\u00bb id=\u00a0\u00bb1748600675561-7&Prime; tab_id=\u00a0\u00bb1748600675561-0&Prime;][vc_column_text css=\u00a0\u00bb\u00a0\u00bb text_direction=\u00a0\u00bbdefault\u00a0\u00bb]\ud83d\udccc Informations rapides\u00a0:<br \/>\n* \ud83d\udccd Quartier\u00a0: Vieille ville de Palma<br \/>\n* \ud83d\udc65 Taille du groupe\u00a0: Petit et convivial<br \/>\n* \ud83d\udcc5 R\u00e9servation\u00a0: Au moins 1 jour \u00e0 l\u2019avance<br \/>\n* \u2757 Cocktails non inclus dans les options de boissons<\/p>\n<p>\u2e3b<\/p>\n<p>Cette exp\u00e9rience est id\u00e9ale pour\u00a0:<br \/>\n\u2714\ufe0f Les voyageurs en qu\u00eate d\u2019une touche locale<br \/>\n\u2714\ufe0f Les groupes d\u2019anniversaire ou les petites f\u00eates<br \/>\n\u2714\ufe0f Les amis ou les personnes seules souhaitant faire des rencontres<br \/>\n\u2714\ufe0f Les amateurs de bonne cuisine, d\u2019ambiance d\u00e9contract\u00e9e et de d\u00e9couverte d\u2019une nouvelle ville dans une ambiance d\u00e9tendue et conviviale[\/vc_column_text][\/tab][\/tabbed_section][\/vc_column][\/vc_row]\n","protected":false},"excerpt":{"rendered":"<p>\ud83c\udf77 Tapas et ambiance locale \u2013 D\u00e9couvrez Palma de nuit<\/p>\n<p>Explorez le c\u0153ur de Palma lors d&rsquo;une balade gourmande \u00e0 travers sa vieille ville et ses bars \u00e0 tapas anim\u00e9s.<br \/>\nSavourez Majorque de la mani\u00e8re la plus authentique\u00a0: nourriture, boissons, anecdotes et ambiance d\u00e9contract\u00e9e.<\/p>\n<p>\ud83d\udd52 Dur\u00e9e de la visite\u00a0: environ 3\u00a0heures<br \/>\n* \ud83d\udcb8 Prix\u00a0: 70\u00a0\u20ac par personne<br \/>\n* \ud83d\udcb6 Acompte\u00a0: 14\u00a0\u20ac (reste \u00e0 r\u00e9gler le jour de l&rsquo;excursion)<br \/>\n\ud83d\udce9 Vous recevrez un e-mail avec le lieu de rendez-vous exact apr\u00e8s confirmation de votre paiement.<\/p>\n<p>\u2e3b<\/p>\n<p>\u2728 Au programme\u00a0:<br \/>\n* \ud83e\udd58 3\u00a0\u00e9tapes gourmandes avec de d\u00e9licieuses tapas, pinchos et plats chauds<br \/>\n* \ud83c\udf77 1\u00a0boisson \u00e0 chaque arr\u00eat (vin, bi\u00e8re ou soda)<br \/>\n* \ud83c\udf6e Un dessert majorquin sucr\u00e9 en chemin<br \/>\n* \ud83d\uddfa\ufe0f Un guide local vous fera d\u00e9couvrir sa culture, ses lieux cach\u00e9s et ses sp\u00e9cialit\u00e9s locales. Recommandations<br \/>\n* \ud83d\udc83 Soir\u00e9e optionnelle apr\u00e8s la visite<\/p>\n<p>\u2e3b<\/p>\n<p>\ud83d\udccc Informations rapides\u00a0:<br \/>\n* \ud83d\udccd Quartier\u00a0: Vieille ville de Palma<br \/>\n* \ud83d\udc65 Taille du groupe\u00a0: Petit et convivial<br \/>\n* \ud83d\udcc5 R\u00e9servation\u00a0: Au moins 1 jour \u00e0 l\u2019avance<br \/>\n* \u2757 Cocktails non inclus dans les options de boissons<\/p>\n<p>\u2e3b<\/p>\n<p>Cette exp\u00e9rience est id\u00e9ale pour\u00a0:<br \/>\n\u2714\ufe0f Les voyageurs en qu\u00eate d\u2019une touche locale<br \/>\n\u2714\ufe0f Les groupes d\u2019anniversaire ou les petites f\u00eates<br \/>\n\u2714\ufe0f Les amis ou les personnes seules souhaitant faire des rencontres<br \/>\n\u2714\ufe0f Les amateurs de bonne cuisine, d\u2019ambiance d\u00e9contract\u00e9e et de d\u00e9couverte d\u2019une nouvelle ville dans une ambiance d\u00e9tendue et conviviale<\/p>\n","protected":false},"featured_media":3572,"template":"","meta":[],"product_brand":[],"product_cat":[63],"product_tag":[],"class_list":{"0":"post-3554","1":"product","2":"type-product","3":"status-publish","4":"has-post-thumbnail","6":"product_cat-adultes","8":"first","9":"instock","10":"virtual","11":"purchasable","12":"product-type-simple"},"_links":{"self":[{"href":"https:\/\/just-summer.com\/fr\/wp-json\/wp\/v2\/product\/3554","targetHints":{"allow":["GET"]}}],"collection":[{"href":"https:\/\/just-summer.com\/fr\/wp-json\/wp\/v2\/product"}],"about":[{"href":"https:\/\/just-summer.com\/fr\/wp-json\/wp\/v2\/types\/product"}],"wp:featuredmedia":[{"embeddable":true,"href":"https:\/\/just-summer.com\/fr\/wp-json\/wp\/v2\/media\/3572"}],"wp:attachment":[{"href":"https:\/\/just-summer.com\/fr\/wp-json\/wp\/v2\/media?parent=3554"}],"wp:term":[{"taxonomy":"product_brand","embeddable":true,"href":"https:\/\/just-summer.com\/fr\/wp-json\/wp\/v2\/product_brand?post=3554"},{"taxonomy":"product_cat","embeddable":true,"href":"https:\/\/just-summer.com\/fr\/wp-json\/wp\/v2\/product_cat?post=3554"},{"taxonomy":"product_tag","embeddable":true,"href":"https:\/\/just-summer.com\/fr\/wp-json\/wp\/v2\/product_tag?post=3554"}],"curies":[{"name":"wp","href":"https:\/\/api.w.org\/{rel}","templated":true}]}}